{"id":99,"date":"2013-12-06T15:53:38","date_gmt":"2013-12-06T14:53:38","guid":{"rendered":"https:\/\/messanges-surf-school.com\/\/accueil-2-2\/"},"modified":"2017-12-12T17:45:25","modified_gmt":"2017-12-12T16:45:25","slug":"accueil-2","status":"publish","type":"page","link":"https:\/\/messanges-surf-school.com\/es\/accueil-2\/","title":{"rendered":"La escuela de Surf"},"content":{"rendered":"<h1>La escuela de surf Messanges Surf School<\/h1>\n<p>\u00bfLe encantar\u00eda experimentar los regocijos del surf o perfeccionar su t\u00e9cnica en las olas de las Landas?<br \/>\nLa escuela de surf Messanges Surf School y su equipo de experimentados monitores le proponen un aprendizaje de calidad, una organizaci\u00f3n eficaz y una cordial acogida.<\/p>\n<p>Elige la f\u00f3rmula que mejor se adapte a sus necesidades y sus planes de vacaciones: un curso de prueba con su familia, cursos de surf para principiantes o experimentados surfers, cursos de surf para ni\u00f1os\u2026 \u00a1Placer y progreso garantizados con toda seguridad y con serenidad!<\/p>\n<p><img loading=\"lazy\" decoding=\"async\" class=\"size-full wp-image-972 alignleft\" style=\"margin: 10px;\" src=\"https:\/\/messanges-surf-school.com\/wp-content\/uploads\/2014\/02\/logo-qualite-tourisme-plaque-132x131.jpg\" alt=\"logo-qualite-tourisme-plaque -132x131\" width=\"132\" height=\"131\" srcset=\"https:\/\/messanges-surf-school.com\/wp-content\/uploads\/2014\/02\/logo-qualite-tourisme-plaque-132x131.jpg 132w, https:\/\/messanges-surf-school.com\/wp-content\/uploads\/2014\/02\/logo-qualite-tourisme-plaque-132x131-100x100.jpg 100w\" sizes=\"auto, (max-width: 132px) 100vw, 132px\" \/><\/p>\n<p>Nuestra escuela de surf Messanges Surf School logr\u00f3 la marca nacional Qualit\u00e9 Tourisme&#x2122; y nos hemos comprometido a largo plazo para darle el mejor tanto para su comodidad y bienestar como para la calidad del servicio.<\/p>\n<p>A unos 20 km de Hossegor, capital europea del surf, y 60 km de Biarritz, nuestro peque\u00f1o pueblo en las Landas, cerca de Vieux-Boucau, Moliets y Azur, ofrece virgen y salvaje playas en el borde del Oc\u00e9ano Atl\u00e1ntico y olas m\u00edticas. Cual sea su nivel, tendr\u00e1 el gran placer de moverse en oleadas. El surf es una manera de familiarizarse con la magia del oc\u00e9ano&#8230;<\/p>\n<p><span lang=\"es\">Encu\u00e9ntrenos en <a href=\"https:\/\/fr-fr.facebook.com\/Messanges-Surf-School-167386058067\/\">Facebook<\/a><\/span>!<\/p>\n<h2>Apertura Julio &amp; Agosto de 9:00 a 19:00 horas<br \/>\nContactarnos para abril, mayo, junio, septiembre y octubre<\/h2>\n<p><a href=\"https:\/\/messanges-surf-school.com\/es\/contacto\/\"><img loading=\"lazy\" decoding=\"async\" class=\"aligncenter wp-image-15707 size-full\" src=\"https:\/\/messanges-surf-school.com\/wp-content\/uploads\/2013\/12\/bon-cadeau.jpg\" alt=\"Bon cadeau -voucher Messanges Surf School\" width=\"385\" height=\"763\" srcset=\"https:\/\/messanges-surf-school.com\/wp-content\/uploads\/2013\/12\/bon-cadeau.jpg 385w, https:\/\/messanges-surf-school.com\/wp-content\/uploads\/2013\/12\/bon-cadeau-303x600.jpg 303w, https:\/\/messanges-surf-school.com\/wp-content\/uploads\/2013\/12\/bon-cadeau-151x300.jpg 151w\" sizes=\"auto, (max-width: 385px) 100vw, 385px\" \/><\/a><\/p>\n","protected":false},"excerpt":{"rendered":"<p>La escuela de surf Messanges Surf School \u00bfLe encantar\u00eda experimentar los regocijos del surf o perfeccionar su t\u00e9cnica en las olas de las Landas? La escuela de surf Messanges Surf School y su equipo de experimentados monitores le proponen un aprendizaje de calidad, una organizaci\u00f3n eficaz y una cordial acogida. Elige la f\u00f3rmula que mejor &hellip;<\/p>\n","protected":false},"author":4,"featured_media":0,"parent":0,"menu_order":87,"comment_status":"open","ping_status":"open","template":"taxonomy-liens.php","meta":{"_acf_changed":false,"footnotes":""},"class_list":["post-99","page","type-page","status-publish","hentry"],"acf":[],"yoast_head":"<!-- This site is optimized with the Yoast SEO plugin v27.3 - https:\/\/yoast.com\/product\/yoast-seo-wordpress\/ -->\n<title>La escuela de Surf - Messanges Surf School - Landes<\/title>\n<meta name=\"robots\" content=\"index, follow, max-snippet:-1, max-image-preview:large, max-video-preview:-1\" \/>\n<link rel=\"canonical\" href=\"https:\/\/messanges-surf-school.com\/es\/accueil-2\/\" \/>\n<meta property=\"og:locale\" content=\"es_ES\" \/>\n<meta property=\"og:type\" content=\"article\" \/>\n<meta property=\"og:title\" content=\"La escuela de Surf - Messanges Surf School - Landes\" \/>\n<meta property=\"og:description\" content=\"La escuela de surf Messanges Surf School \u00bfLe encantar\u00eda experimentar los regocijos del surf o perfeccionar su t\u00e9cnica en las olas de las Landas? La escuela de surf Messanges Surf School y su equipo de experimentados monitores le proponen un aprendizaje de calidad, una organizaci\u00f3n eficaz y una cordial acogida. Elige la f\u00f3rmula que mejor &hellip;\" \/>\n<meta property=\"og:url\" content=\"https:\/\/messanges-surf-school.com\/es\/accueil-2\/\" \/>\n<meta property=\"og:site_name\" content=\"Messanges Surf School - Landes\" \/>\n<meta property=\"article:publisher\" content=\"https:\/\/www.facebook.com\/Messanges-Surf-School-167386058067\/\" \/>\n<meta property=\"article:modified_time\" content=\"2017-12-12T16:45:25+00:00\" \/>\n<meta property=\"og:image\" content=\"https:\/\/messanges-surf-school.com\/wp-content\/uploads\/2014\/02\/logo-qualite-tourisme-plaque-132x131.jpg\" \/>\n\t<meta property=\"og:image:width\" content=\"132\" \/>\n\t<meta property=\"og:image:height\" content=\"131\" \/>\n\t<meta property=\"og:image:type\" content=\"image\/jpeg\" \/>\n<meta name=\"twitter:label1\" content=\"Tiempo de lectura\" \/>\n\t<meta name=\"twitter:data1\" content=\"1 minuto\" \/>\n<script type=\"application\/ld+json\" class=\"yoast-schema-graph\">{\"@context\":\"https:\\\/\\\/schema.org\",\"@graph\":[{\"@type\":\"WebPage\",\"@id\":\"https:\\\/\\\/messanges-surf-school.com\\\/es\\\/accueil-2\\\/\",\"url\":\"https:\\\/\\\/messanges-surf-school.com\\\/es\\\/accueil-2\\\/\",\"name\":\"La escuela de Surf - Messanges Surf School - Landes\",\"isPartOf\":{\"@id\":\"https:\\\/\\\/messanges-surf-school.com\\\/de\\\/#website\"},\"primaryImageOfPage\":{\"@id\":\"https:\\\/\\\/messanges-surf-school.com\\\/es\\\/accueil-2\\\/#primaryimage\"},\"image\":{\"@id\":\"https:\\\/\\\/messanges-surf-school.com\\\/es\\\/accueil-2\\\/#primaryimage\"},\"thumbnailUrl\":\"https:\\\/\\\/messanges-surf-school.com\\\/wp-content\\\/uploads\\\/2014\\\/02\\\/logo-qualite-tourisme-plaque-132x131.jpg\",\"datePublished\":\"2013-12-06T14:53:38+00:00\",\"dateModified\":\"2017-12-12T16:45:25+00:00\",\"breadcrumb\":{\"@id\":\"https:\\\/\\\/messanges-surf-school.com\\\/es\\\/accueil-2\\\/#breadcrumb\"},\"inLanguage\":\"es\",\"potentialAction\":[{\"@type\":\"ReadAction\",\"target\":[\"https:\\\/\\\/messanges-surf-school.com\\\/es\\\/accueil-2\\\/\"]}]},{\"@type\":\"ImageObject\",\"inLanguage\":\"es\",\"@id\":\"https:\\\/\\\/messanges-surf-school.com\\\/es\\\/accueil-2\\\/#primaryimage\",\"url\":\"https:\\\/\\\/messanges-surf-school.com\\\/wp-content\\\/uploads\\\/2014\\\/02\\\/logo-qualite-tourisme-plaque-132x131.jpg\",\"contentUrl\":\"https:\\\/\\\/messanges-surf-school.com\\\/wp-content\\\/uploads\\\/2014\\\/02\\\/logo-qualite-tourisme-plaque-132x131.jpg\"},{\"@type\":\"BreadcrumbList\",\"@id\":\"https:\\\/\\\/messanges-surf-school.com\\\/es\\\/accueil-2\\\/#breadcrumb\",\"itemListElement\":[{\"@type\":\"ListItem\",\"position\":1,\"name\":\"Home\",\"item\":\"https:\\\/\\\/messanges-surf-school.com\\\/es\\\/\"},{\"@type\":\"ListItem\",\"position\":2,\"name\":\"La escuela de Surf\"}]},{\"@type\":\"WebSite\",\"@id\":\"https:\\\/\\\/messanges-surf-school.com\\\/de\\\/#website\",\"url\":\"https:\\\/\\\/messanges-surf-school.com\\\/de\\\/\",\"name\":\"Cours et stages de surf dans les Landes - Messanges Surf School\",\"description\":\"Aprender a hacer surf en Messanges\",\"potentialAction\":[{\"@type\":\"SearchAction\",\"target\":{\"@type\":\"EntryPoint\",\"urlTemplate\":\"https:\\\/\\\/messanges-surf-school.com\\\/de\\\/?s={search_term_string}\"},\"query-input\":{\"@type\":\"PropertyValueSpecification\",\"valueRequired\":true,\"valueName\":\"search_term_string\"}}],\"inLanguage\":\"es\"}]}<\/script>\n<!-- \/ Yoast SEO plugin. -->","yoast_head_json":{"title":"La escuela de Surf - Messanges Surf School - Landes","robots":{"index":"index","follow":"follow","max-snippet":"max-snippet:-1","max-image-preview":"max-image-preview:large","max-video-preview":"max-video-preview:-1"},"canonical":"https:\/\/messanges-surf-school.com\/es\/accueil-2\/","og_locale":"es_ES","og_type":"article","og_title":"La escuela de Surf - Messanges Surf School - Landes","og_description":"La escuela de surf Messanges Surf School \u00bfLe encantar\u00eda experimentar los regocijos del surf o perfeccionar su t\u00e9cnica en las olas de las Landas? La escuela de surf Messanges Surf School y su equipo de experimentados monitores le proponen un aprendizaje de calidad, una organizaci\u00f3n eficaz y una cordial acogida. Elige la f\u00f3rmula que mejor &hellip;","og_url":"https:\/\/messanges-surf-school.com\/es\/accueil-2\/","og_site_name":"Messanges Surf School - Landes","article_publisher":"https:\/\/www.facebook.com\/Messanges-Surf-School-167386058067\/","article_modified_time":"2017-12-12T16:45:25+00:00","og_image":[{"width":132,"height":131,"url":"https:\/\/messanges-surf-school.com\/wp-content\/uploads\/2014\/02\/logo-qualite-tourisme-plaque-132x131.jpg","type":"image\/jpeg"}],"twitter_misc":{"Tiempo de lectura":"1 minuto"},"schema":{"@context":"https:\/\/schema.org","@graph":[{"@type":"WebPage","@id":"https:\/\/messanges-surf-school.com\/es\/accueil-2\/","url":"https:\/\/messanges-surf-school.com\/es\/accueil-2\/","name":"La escuela de Surf - Messanges Surf School - Landes","isPartOf":{"@id":"https:\/\/messanges-surf-school.com\/de\/#website"},"primaryImageOfPage":{"@id":"https:\/\/messanges-surf-school.com\/es\/accueil-2\/#primaryimage"},"image":{"@id":"https:\/\/messanges-surf-school.com\/es\/accueil-2\/#primaryimage"},"thumbnailUrl":"https:\/\/messanges-surf-school.com\/wp-content\/uploads\/2014\/02\/logo-qualite-tourisme-plaque-132x131.jpg","datePublished":"2013-12-06T14:53:38+00:00","dateModified":"2017-12-12T16:45:25+00:00","breadcrumb":{"@id":"https:\/\/messanges-surf-school.com\/es\/accueil-2\/#breadcrumb"},"inLanguage":"es","potentialAction":[{"@type":"ReadAction","target":["https:\/\/messanges-surf-school.com\/es\/accueil-2\/"]}]},{"@type":"ImageObject","inLanguage":"es","@id":"https:\/\/messanges-surf-school.com\/es\/accueil-2\/#primaryimage","url":"https:\/\/messanges-surf-school.com\/wp-content\/uploads\/2014\/02\/logo-qualite-tourisme-plaque-132x131.jpg","contentUrl":"https:\/\/messanges-surf-school.com\/wp-content\/uploads\/2014\/02\/logo-qualite-tourisme-plaque-132x131.jpg"},{"@type":"BreadcrumbList","@id":"https:\/\/messanges-surf-school.com\/es\/accueil-2\/#breadcrumb","itemListElement":[{"@type":"ListItem","position":1,"name":"Home","item":"https:\/\/messanges-surf-school.com\/es\/"},{"@type":"ListItem","position":2,"name":"La escuela de Surf"}]},{"@type":"WebSite","@id":"https:\/\/messanges-surf-school.com\/de\/#website","url":"https:\/\/messanges-surf-school.com\/de\/","name":"Cours et stages de surf dans les Landes - Messanges Surf School","description":"Aprender a hacer surf en Messanges","potentialAction":[{"@type":"SearchAction","target":{"@type":"EntryPoint","urlTemplate":"https:\/\/messanges-surf-school.com\/de\/?s={search_term_string}"},"query-input":{"@type":"PropertyValueSpecification","valueRequired":true,"valueName":"search_term_string"}}],"inLanguage":"es"}]}},"_links":{"self":[{"href":"https:\/\/messanges-surf-school.com\/es\/wp-json\/wp\/v2\/pages\/99","targetHints":{"allow":["GET"]}}],"collection":[{"href":"https:\/\/messanges-surf-school.com\/es\/wp-json\/wp\/v2\/pages"}],"about":[{"href":"https:\/\/messanges-surf-school.com\/es\/wp-json\/wp\/v2\/types\/page"}],"author":[{"embeddable":true,"href":"https:\/\/messanges-surf-school.com\/es\/wp-json\/wp\/v2\/users\/4"}],"replies":[{"embeddable":true,"href":"https:\/\/messanges-surf-school.com\/es\/wp-json\/wp\/v2\/comments?post=99"}],"version-history":[{"count":0,"href":"https:\/\/messanges-surf-school.com\/es\/wp-json\/wp\/v2\/pages\/99\/revisions"}],"wp:attachment":[{"href":"https:\/\/messanges-surf-school.com\/es\/wp-json\/wp\/v2\/media?parent=99"}],"curies":[{"name":"wp","href":"https:\/\/api.w.org\/{rel}","templated":true}]}}