{"id":393,"date":"2013-11-06T11:41:21","date_gmt":"2013-11-06T10:41:21","guid":{"rendered":"https:\/\/messanges-surf-school.com\/\/?page_id=393"},"modified":"2022-06-15T14:50:42","modified_gmt":"2022-06-15T13:50:42","slug":"turismo","status":"publish","type":"page","link":"https:\/\/messanges-surf-school.com\/es\/turismo\/","title":{"rendered":"Turismo"},"content":{"rendered":"<p>[vc_row type=\u00bbfull-nopad\u00bb][vc_column]<div class=\"nm-banner-slider slider-type-full slick-slider slick-controls-dark slick-dots-inside\" data-arrows=\"true\" data-dots=\"true\" >\r\n\t\t\t<div class=\"nm-banner content-full image-type-fluid has-alt-image text-color-light\" style=\"\"><img decoding=\"async\" src=\"https:\/\/messanges-surf-school.com\/wp-content\/uploads\/2018\/03\/IMG_7697-1.jpg\" alt=\"IMG_7697\" \/><img decoding=\"async\" src=\"https:\/\/messanges-surf-school.com\/wp-content\/uploads\/2018\/03\/tourisme-mobile.jpg\" class=\"nm-banner-alt-image img\" \/>\r\n\t\t\t\t<div class=\"nm-banner-content\">\r\n\t\t\t\t\t<div class=\"nm-banner-content-inner\">\r\n\t\t\t\t\t\t<div class=\"nm-banner-text h_left v_top align_left\" style=\"padding: 10% 10% 0 10% ;\">\r\n\t\t\t\t\t\t\t<div class=\"nm-banner-text-inner\"><h1 class=\"nm-banner-title medium\">Descubre los p\u00e1ramos<\/h1><h2 class=\"nm-banner-subtitle nm-alt-font\">Entre bosque, lagos y oc\u00e9ano<\/h2><\/div>\r\n\t\t\t\t\t\t<\/div>\r\n\t\t\t\t\t<\/div>\r\n\t\t\t\t<\/div>\r\n\t\t\t<\/div>\r\n\t\t\t<div class=\"nm-banner content-full image-type-fluid has-alt-image text-color-light\" style=\"\"><img decoding=\"async\" src=\"https:\/\/messanges-surf-school.com\/wp-content\/uploads\/2018\/03\/IMG_1781_lulu-1.jpg\" alt=\"IMG_1781_lulu\" \/><img decoding=\"async\" src=\"https:\/\/messanges-surf-school.com\/wp-content\/uploads\/2018\/03\/plage-tourisme-mobile.jpg\" class=\"nm-banner-alt-image img\" \/>\r\n\t\t\t\t<div class=\"nm-banner-content\">\r\n\t\t\t\t\t<div class=\"nm-banner-content-inner\">\r\n\t\t\t\t\t\t<div class=\"nm-banner-text h_center v_center align_left\" style=\"\">\r\n\t\t\t\t\t\t\t<div class=\"nm-banner-text-inner\"><h2 class=\"nm-banner-title medium\">Relajaci\u00f3n garantizada<\/h2><h2 class=\"nm-banner-subtitle nm-alt-font\">Los pies en el agua<\/h2><\/div>\r\n\t\t\t\t\t\t<\/div>\r\n\t\t\t\t\t<\/div>\r\n\t\t\t\t<\/div>\r\n\t\t\t<\/div>\r\n\t\t\t<div class=\"nm-banner content-full image-type-fluid text-color-light\" style=\"\"><a href=\"http:\/\/iclope.cluster013.ovh.net\/messanges2018\/es\/surf-camp\/\" class=\"nm-banner-link nm-banner-link-full\"><img decoding=\"async\" src=\"https:\/\/messanges-surf-school.com\/wp-content\/uploads\/2018\/03\/P1070970-1.jpg\" alt=\"P1070970\" \/>\r\n\t\t\t\t<div class=\"nm-banner-content\">\r\n\t\t\t\t\t<div class=\"nm-banner-content-inner\">\r\n\t\t\t\t\t\t<div class=\"nm-banner-text h_left v_top align_left\" style=\"\">\r\n\t\t\t\t\t\t\t<div class=\"nm-banner-text-inner\"><h2 class=\"nm-banner-title medium\">Encuentre el alojamiento adecuado para usted<\/h2><h2 class=\"nm-banner-subtitle nm-alt-font\">Campings, villas, surfcamp<\/h2><\/div>\r\n\t\t\t\t\t\t<\/div>\r\n\t\t\t\t\t<\/div>\r\n\t\t\t\t<\/div><\/a>\r\n\t\t\t<\/div><\/div>[\/vc_column][\/vc_row][vc_row css=\u00bb.vc_custom_1519638289628{background-color: #ebebeb !important;}\u00bb][vc_column][vc_empty_space][vc_custom_heading text=\u00bbMessanges, oceano de naturaleza\u00bb font_container=\u00bbtag:h1|text_align:center\u00bb use_theme_fonts=\u00bbyes\u00bb][vc_empty_space][vc_column_text]<\/p>\n<p style=\"text-align: center;\">Nuestro peque\u00f1o pueblo gasc\u00f3n le da la bienvenida entre el mar y el bosque para unas felices fiestas con familiares y amigos: surf por las olas de la playa del Sur, ociosidad en la playa, eventos nocturnos y entretenimiento en Messanges y Vieux-Boucau, rom\u00e1nticas puestas de sol con las pies en la arena, mercados locales y artesan\u00eda, restaurantes bonitos\u2026<\/p>\n<p>[\/vc_column_text][vc_empty_space][\/vc_column][\/vc_row][vc_row][vc_column][vc_empty_space]\r\n\t\t\t<div class=\"nm-feature layout-centered icon-style-image-default bottom-spacing-medium\"><div class=\"nm-feature-icon\"><img decoding=\"async\" src=\"https:\/\/messanges-surf-school.com\/wp-content\/uploads\/2018\/03\/IMG_2986-1.jpg\" alt=\"\" \/><\/div>\r\n\t\t\t\t<div class=\"nm-feature-content\">\r\n\t\t\t\t\t<div class=\"wpb_text_column\"><p style=\"text-align: center;\">Sable fin, soleil, oc\u00e9an\u2026 un r\u00eave \u00e0 port\u00e9e de tongs sur la plage de Messanges Sud pour partager de vraies vacances reposantes et ressour\u00e7antes\u2026 Des plages surveill\u00e9es pendant l\u2019\u00e9t\u00e9 pour votre s\u00e9curit\u00e9, une \u00e9cole de surf pour faire connaissance avec l\u2019oc\u00e9an et vous initier aux joies de la glisse\u2026<\/p>\n<\/div>\r\n\t\t\t\t<\/div>\r\n\t\t\t<\/div>[\/vc_column][\/vc_row][vc_row][vc_column][vc_empty_space][\/vc_column][\/vc_row][vc_row content_placement=\u00bbmiddle\u00bb][vc_column width=\u00bb1\/4&#8243;][vc_single_image image=\u00bb16158&#8243; img_size=\u00bb300&#215;300&#8243; alignment=\u00bbcenter\u00bb][\/vc_column][vc_column width=\u00bb3\/4&#8243;][vc_column_text]<\/p>\n<h2>El encanto de las playas de las Landas<\/h2>\n<p>Arena fina, sol, oc\u00e9ano\u2026 un sue\u00f1o al alcance de chanclas en la playa de Messanges Sur para compartir unas aut\u00e9nticas vacaciones relajantes y rejuvenecedores \u2026 Playas vigiladas durante el verano, una escuela de surf para familiarizarse con el oc\u00e9ano y presentarle a las alegr\u00edas del surf\u2026 \u00bfQu\u00e9 m\u00e1s?[\/vc_column_text][\/vc_column][\/vc_row][vc_row][vc_column][vc_empty_space][vc_empty_space][\/vc_column][\/vc_row][vc_row content_placement=\u00bbmiddle\u00bb][vc_column width=\u00bb2\/3&#8243;][vc_column_text]<\/p>\n<h2>Carril bici en el bosque<\/h2>\n<p>La antigua l\u00ednea de ferrocarril Soustons-L\u00e9on se ha transformado en un carril bici y ofrece un bonito paseo en el coraz\u00f3n del bosque de las Landas. Puede andar en bicicleta de manera segura con la familia y descubrir las antiguas peque\u00f1as estaciones rehabilitadas por la ruta. Y para los amigos de delicias y del arte, puede ser algunas paradas gastron\u00f3micas y art\u00edsticas en Messanges y alrededores. Tambi\u00e9n puede descubrir nuestra hermosa regi\u00f3n navegando en bicicleta de monta\u00f1a a trav\u00e9s de las Landas o un poco m\u00e1s tierra adentro y en el Pa\u00eds Vasco, con rutas para todos los niveles.<\/p>\n<h2>Placeres sensoriales y Arte<\/h2>\n<p>Podre disfrutar de unos momentos de dulzura en el bosque de pinos cuando la luz interfiere entre \u00e1rboles creando una atm\u00f3sfera irreal y haciendo que los colores de los helechos y aulagas sean mas vitales y los aromas de pino mas embriagadores. Planee algunas visitas turisticas y descubre nuestros artistas locales:<br \/>\nUlla en su taller de alfarer\u00eda <a title=\"poterie heron messanges\" href=\"http:\/\/poterieduheron.com\/\" target=\"_blank\" rel=\"noopener\">Poterie du H\u00e9ron<\/a> en Messanges,<br \/>\nMarie y su un taller de bisuter\u00eda <a title=\"piok leon\" href=\"http:\/\/www.piok.fr\/\" target=\"_blank\" rel=\"noopener\">Piok<\/a> en L\u00e9on,<br \/>\nDidier, talentoso <a href=\"http:\/\/lartcestvous.over-blog.com\/albums.html\" target=\"_blank\" rel=\"noopener\">escultor<\/a> en Messanges\u2026<\/p>\n<blockquote><p>&nbsp;<\/p><\/blockquote>\n<p>[\/vc_column_text][\/vc_column][vc_column width=\u00bb1\/3&#8243;][vc_single_image image=\u00bb16162&#8243; img_size=\u00bb300&#215;300&#8243; alignment=\u00bbcenter\u00bb][\/vc_column][\/vc_row][vc_row][vc_column][vc_empty_space][\/vc_column][\/vc_row][vc_row content_placement=\u00bbtop\u00bb][vc_column width=\u00bb1\/4&#8243;][vc_empty_space][vc_single_image image=\u00bb16166&#8243; img_size=\u00bb300&#215;300&#8243; alignment=\u00bbcenter\u00bb][\/vc_column][vc_column width=\u00bb3\/4&#8243;][vc_column_text]<\/p>\n<h2>Naturaleza pura<\/h2>\n<p>Descubra tambi\u00e9n nuestros r\u00edos, lagos y pantanos y sus secretos: a pie, en barco o en canoa, usted puede descubrir estos lugares inusuales y v\u00edrgenes.<\/p>\n<p>Descubra la continuidad de la reserva natural de Huchet con <a href=\"http:\/\/www.ofildelo.eu\/\" target=\"_blank\" rel=\"noopener\">Au Fil de l&#8217;Eau<\/a>&#8230;<\/p>\n<h2>Pesca<\/h2>\n<p>Pesca en el mar, r\u00edo o lagos de la Landas, hay muchos lugares tranquilos para practicar su pasi\u00f3n (licencia de pesca necesario para la pesca en agua dulce)<\/p>\n<h2>Golf<\/h2>\n<p>Messanges es s\u00f3lo 3 km del <a href=\"http:\/\/www.golfmoliets.com\/\" target=\"_blank\" rel=\"noopener\">Campo de Golf de Moliets <\/a> con 18 y 9 hoyos a lo largo del oc\u00e9ano. Los campos de golf de Seignosse y Hossegor tambi\u00e9n ofrecen cursos de calidad en un entorno id\u00edlico.<\/p>\n<blockquote><p>&nbsp;<\/p><\/blockquote>\n<p>[\/vc_column_text][\/vc_column][\/vc_row][vc_row][vc_column][vc_empty_space][\/vc_column][\/vc_row][vc_row][vc_column][vc_column_text]<\/p>\n<h2>Gastronomia en Messanges y alrededor<\/h2>\n<p>Le daremos algunas direcciones locales que merecen la pena para degustar la cocina local y otros dulces.<\/p>\n<blockquote><p>Visite en particular la <a href=\"http:\/\/www.letalon-noir.com\/\" target=\"_blank\" rel=\"noopener\">Chocolaterie L&#8217;Etalon Noir<\/a>&#8230;<\/p><\/blockquote>\n<blockquote><p>Y disfrute de una deliciosa comida en <a title=\"resto messanges\" href=\"http:\/\/alagrangeauxpierres.over-blog.com\/article-bienvenue-62733984.html\" target=\"_blank\" rel=\"noopener\">La Grange aux Pierres<\/a> un lugar especial y art\u00edstica\u2026<\/p><\/blockquote>\n<h2>Algunos lugares para ver en los alrededores<\/h2>\n<p>Capbreton y su puerto pesquero<br \/>\nHossegor, capital del surf Europea, con su l\u00ednea de costa de estilo vasco-land\u00e9s<br \/>\nDax, ciudad balneario y romano<br \/>\nBayona y su pintoresco casco antiguo, donde se puede disfrutar de un delicioso axoa<br \/>\nBiarritz, bella y orgullosa sobre su roca<br \/>\nSt Jean de Luz St Jean Pied de Port y otras ciudades y pueblos notables y pintorescos<\/p>\n<h2>Transportes<\/h2>\n<p>Para llegar a la escuela de surf o el surfcamp (CBE HOrizon) desde la estaci\u00f3n de tren de Dax: tomar la <a href=\"http:\/\/www.rdtl.fr\/file_autre\/ETE%202016\/XLR%207%20ETE%202016WEB.pdf\" target=\"_blank\" rel=\"noopener\">linea 7 RDTL<\/a> y luego la <a href=\"http:\/\/www.mobi-macs.org\/fr\/se-deplacer\/ligne-3.html\" target=\"_blank\" rel=\"noopener\">linea 3 YEGO<\/a>en la misma parada de autob\u00fas.<\/p>\n<p>Reserve sus traslados desde los aeropuertos de Burdeos y Biarritz y la estaci\u00f3n de tren de Dax con <a href=\"https:\/\/westcoasttransfers.com\/\" target=\"_blank\" rel=\"noopener\">West Coast Transfers<\/a>, ellos proponen <a href=\"https:\/\/westcoasttransfers.com\/shuttle\" target=\"_blank\" rel=\"noopener\">transporte<\/a>\u00a0(no dude en solicitar un c\u00f3digo de descuento que ofrecen a nuestros clientes).<\/p>\n<h2>\u00bfD\u00f3nde alojarse en Messanges?<\/h2>\n<p>Recomendamos la <a href=\"https:\/\/www.lescabanesdelocean.com\/en_GB\/\">Cabane de l&#8217;Oc\u00e9an<\/a> propuesta por Cyril en Messanges entre bosque, estanque y oc\u00e9ano&#8230;<\/p>\n<p><a href=\"https:\/\/www.cbe-horizon.fr\/centre-vacances-vieux-boucau-landes\" target=\"_blank\" rel=\"noopener\">CBE Horizon<\/a> acogen sus grupos en un centro de vacaciones sympatico al lado del lago marino de Vieux-Boucau.<\/p>\n<p>Muchos campings ofrecen servicios de calidad para todas sus necesidades \u2026<\/p>\n<p>Le <a href=\"http:\/\/www.albretplage.fr\/\" target=\"_blank\" rel=\"noopener\">Camping Albret Plage<\/a>*** le da la bienvenida en un campismoo arbolado y familiar con acceso directo a la playa de la escuela de surf Messanges Surf School<\/p>\n<p>Una c\u00e1lida bienvenida por parte de Bernard &amp; Marylis en el <a href=\"http:\/\/www.campinglacote.com\/\" target=\"_blank\" rel=\"noopener\">Camping de la C\u00f4te<\/a>**** c\u00f3modo casi 1km de nuestra escuela de surf<\/p>\n<p>Ambiente excepcional y agradable al <a href=\"http:\/\/www.lesacacias.com\/\" target=\"_blank\" rel=\"noopener\">Camping Les Acacias<\/a>***<\/p>\n<p><a href=\"http:\/\/www.levieuxport.com\/\" target=\"_blank\" rel=\"noopener\">Camping Le Vieux Port<\/a>***** con acceso directo a la playa de la escuela de surf<\/p>\n<p><a href=\"http:\/\/www.loupignada.com\/\" target=\"_blank\" rel=\"noopener\">Camping Lou Pignada<\/a>*****<\/p>\n<blockquote><p>Anne-Marie y Sandrine le reciben con el esp\u00edritu amistoso de la Gasco\u00f1a al <a href=\"http:\/\/www.camping-lemoussaillon.fr\/\" target=\"_blank\" rel=\"noopener\">Camping Le Moussaillon<\/a>***<\/p><\/blockquote>\n<p>Tambi\u00e9n pueden disfrutar de la comodidad de hermosas villas entre el bosque y el mar \u2026<\/p>\n<blockquote><p>La Villa <a href=\"http:\/\/lahari.fr\/\" target=\"_blank\" rel=\"noopener\">Lahari<\/a>, una hermosa villa con l\u00edneas limpias, en el coraz\u00f3n de la naturaleza<\/p>\n<blockquote><p>3 hermosas villas donde se siente bien de vivir en armon\u00eda con la naturaleza\u2026 <a href=\"http:\/\/www.lavilladeslandes.com\/\" target=\"_blank\" rel=\"noopener\">La Villa des Landes<\/a>, <a href=\"http:\/\/www.lavilladesbois.eu\/\" target=\"_blank\" rel=\"noopener\">La Villa des Bois<\/a> et <a href=\"http:\/\/www.lavilladugolf.fr\/\" target=\"_blank\" rel=\"noopener\">La Villa du Golf<\/a><\/p><\/blockquote>\n<\/blockquote>\n<blockquote><p><img loading=\"lazy\" decoding=\"async\" class=\"size-full wp-image-1552 alignleft rounded white\" style=\"border: 1px solid black; margin: 10px;\" src=\"https:\/\/messanges-surf-school.com\/wp-content\/uploads\/2013\/11\/tourisme-coucher-soleil-ocean.jpg\" alt=\"coucher soleil landes\" width=\"165\" height=\"165\" srcset=\"https:\/\/messanges-surf-school.com\/wp-content\/uploads\/2013\/11\/tourisme-coucher-soleil-ocean.jpg 165w, https:\/\/messanges-surf-school.com\/wp-content\/uploads\/2013\/11\/tourisme-coucher-soleil-ocean-150x150.jpg 150w, https:\/\/messanges-surf-school.com\/wp-content\/uploads\/2013\/11\/tourisme-coucher-soleil-ocean-100x100.jpg 100w, https:\/\/messanges-surf-school.com\/wp-content\/uploads\/2013\/11\/tourisme-coucher-soleil-ocean-90x90.jpg 90w, https:\/\/messanges-surf-school.com\/wp-content\/uploads\/2013\/11\/tourisme-coucher-soleil-ocean-105x105.jpg 105w\" sizes=\"auto, (max-width: 165px) 100vw, 165px\" \/><\/p>\n<h2>Para m\u00e1s informaci\u00f3n\u2026<\/h2>\n<p><a href=\"http:\/\/www.ot-messanges.fr\/\" target=\"_blank\" rel=\"noopener\">Offica del Turismo de Messanges<\/a><\/p><\/blockquote>\n<p>[\/vc_column_text][vc_empty_space][\/vc_column][\/vc_row]<\/p>\n","protected":false},"excerpt":{"rendered":"<p>[vc_row type=\u00bbfull-nopad\u00bb][vc_column][\/vc_column][\/vc_row][vc_row css=\u00bb.vc_custom_1519638289628{background-color: #ebebeb !important;}\u00bb][vc_column][vc_empty_space][vc_custom_heading text=\u00bbMessanges, oceano de naturaleza\u00bb font_container=\u00bbtag:h1|text_align:center\u00bb use_theme_fonts=\u00bbyes\u00bb][vc_empty_space][vc_column_text] Nuestro peque\u00f1o pueblo gasc\u00f3n le da la bienvenida entre el mar y el bosque para unas felices fiestas con familiares y amigos: surf por las olas de la playa del Sur, ociosidad en la playa, eventos nocturnos y entretenimiento en Messanges y Vieux-Boucau, rom\u00e1nticas &hellip;<\/p>\n","protected":false},"author":4,"featured_media":0,"parent":0,"menu_order":109,"comment_status":"closed","ping_status":"closed","template":"page-full.php","meta":{"_acf_changed":false,"footnotes":""},"class_list":["post-393","page","type-page","status-publish","hentry"],"acf":[],"yoast_head":"<!-- This site is optimized with the Yoast SEO plugin v24.0 - https:\/\/yoast.com\/wordpress\/plugins\/seo\/ -->\n<title>Surf estancia en Messanges para sus vacaciones en las Landas (40)<\/title>\n<meta name=\"description\" content=\"\u00bfQuieres vacaciones en las Landas? Surfea en las playas de las Landas, la gastronom\u00eda, la naturaleza ... Descubre los buenos planes para tu estancia.\" \/>\n<meta name=\"robots\" content=\"index, follow, max-snippet:-1, max-image-preview:large, max-video-preview:-1\" \/>\n<link rel=\"canonical\" href=\"https:\/\/messanges-surf-school.com\/es\/turismo\/\" \/>\n<meta property=\"og:locale\" content=\"es_ES\" \/>\n<meta property=\"og:type\" content=\"article\" \/>\n<meta property=\"og:title\" content=\"Surf estancia en Messanges para sus vacaciones en las Landas (40)\" \/>\n<meta property=\"og:description\" content=\"\u00bfQuieres vacaciones en las Landas? Surfea en las playas de las Landas, la gastronom\u00eda, la naturaleza ... Descubre los buenos planes para tu estancia.\" \/>\n<meta property=\"og:url\" content=\"https:\/\/messanges-surf-school.com\/es\/turismo\/\" \/>\n<meta property=\"og:site_name\" content=\"Messanges Surf School - Landes\" \/>\n<meta property=\"article:publisher\" content=\"https:\/\/www.facebook.com\/Messanges-Surf-School-167386058067\/\" \/>\n<meta property=\"article:modified_time\" content=\"2022-06-15T13:50:42+00:00\" \/>\n<meta property=\"og:image\" content=\"https:\/\/messanges-surf-school.com\/wp-content\/uploads\/2013\/11\/tourisme-coucher-soleil-ocean.jpg\" \/>\n<meta name=\"twitter:label1\" content=\"Tiempo de lectura\" \/>\n\t<meta name=\"twitter:data1\" content=\"6 minutos\" \/>\n<script type=\"application\/ld+json\" class=\"yoast-schema-graph\">{\"@context\":\"https:\/\/schema.org\",\"@graph\":[{\"@type\":\"WebPage\",\"@id\":\"https:\/\/messanges-surf-school.com\/es\/turismo\/\",\"url\":\"https:\/\/messanges-surf-school.com\/es\/turismo\/\",\"name\":\"Surf estancia en Messanges para sus vacaciones en las Landas (40)\",\"isPartOf\":{\"@id\":\"https:\/\/messanges-surf-school.com\/de\/#website\"},\"primaryImageOfPage\":{\"@id\":\"https:\/\/messanges-surf-school.com\/es\/turismo\/#primaryimage\"},\"image\":{\"@id\":\"https:\/\/messanges-surf-school.com\/es\/turismo\/#primaryimage\"},\"thumbnailUrl\":\"https:\/\/messanges-surf-school.com\/wp-content\/uploads\/2013\/11\/tourisme-coucher-soleil-ocean.jpg\",\"datePublished\":\"2013-11-06T10:41:21+00:00\",\"dateModified\":\"2022-06-15T13:50:42+00:00\",\"description\":\"\u00bfQuieres vacaciones en las Landas? Surfea en las playas de las Landas, la gastronom\u00eda, la naturaleza ... Descubre los buenos planes para tu estancia.\",\"breadcrumb\":{\"@id\":\"https:\/\/messanges-surf-school.com\/es\/turismo\/#breadcrumb\"},\"inLanguage\":\"es\",\"potentialAction\":[{\"@type\":\"ReadAction\",\"target\":[\"https:\/\/messanges-surf-school.com\/es\/turismo\/\"]}]},{\"@type\":\"ImageObject\",\"inLanguage\":\"es\",\"@id\":\"https:\/\/messanges-surf-school.com\/es\/turismo\/#primaryimage\",\"url\":\"https:\/\/messanges-surf-school.com\/wp-content\/uploads\/2013\/11\/tourisme-coucher-soleil-ocean.jpg\",\"contentUrl\":\"https:\/\/messanges-surf-school.com\/wp-content\/uploads\/2013\/11\/tourisme-coucher-soleil-ocean.jpg\"},{\"@type\":\"BreadcrumbList\",\"@id\":\"https:\/\/messanges-surf-school.com\/es\/turismo\/#breadcrumb\",\"itemListElement\":[{\"@type\":\"ListItem\",\"position\":1,\"name\":\"Home\",\"item\":\"https:\/\/messanges-surf-school.com\/es\/\"},{\"@type\":\"ListItem\",\"position\":2,\"name\":\"Turismo\"}]},{\"@type\":\"WebSite\",\"@id\":\"https:\/\/messanges-surf-school.com\/de\/#website\",\"url\":\"https:\/\/messanges-surf-school.com\/de\/\",\"name\":\"Messanges Surf School - Landes\",\"description\":\"Aprender a hacer surf en Messanges\",\"potentialAction\":[{\"@type\":\"SearchAction\",\"target\":{\"@type\":\"EntryPoint\",\"urlTemplate\":\"https:\/\/messanges-surf-school.com\/de\/?s={search_term_string}\"},\"query-input\":{\"@type\":\"PropertyValueSpecification\",\"valueRequired\":true,\"valueName\":\"search_term_string\"}}],\"inLanguage\":\"es\"}]}<\/script>\n<!-- \/ Yoast SEO plugin. -->","yoast_head_json":{"title":"Surf estancia en Messanges para sus vacaciones en las Landas (40)","description":"\u00bfQuieres vacaciones en las Landas? Surfea en las playas de las Landas, la gastronom\u00eda, la naturaleza ... Descubre los buenos planes para tu estancia.","robots":{"index":"index","follow":"follow","max-snippet":"max-snippet:-1","max-image-preview":"max-image-preview:large","max-video-preview":"max-video-preview:-1"},"canonical":"https:\/\/messanges-surf-school.com\/es\/turismo\/","og_locale":"es_ES","og_type":"article","og_title":"Surf estancia en Messanges para sus vacaciones en las Landas (40)","og_description":"\u00bfQuieres vacaciones en las Landas? Surfea en las playas de las Landas, la gastronom\u00eda, la naturaleza ... Descubre los buenos planes para tu estancia.","og_url":"https:\/\/messanges-surf-school.com\/es\/turismo\/","og_site_name":"Messanges Surf School - Landes","article_publisher":"https:\/\/www.facebook.com\/Messanges-Surf-School-167386058067\/","article_modified_time":"2022-06-15T13:50:42+00:00","og_image":[{"url":"https:\/\/messanges-surf-school.com\/wp-content\/uploads\/2013\/11\/tourisme-coucher-soleil-ocean.jpg","type":"","width":"","height":""}],"twitter_misc":{"Tiempo de lectura":"6 minutos"},"schema":{"@context":"https:\/\/schema.org","@graph":[{"@type":"WebPage","@id":"https:\/\/messanges-surf-school.com\/es\/turismo\/","url":"https:\/\/messanges-surf-school.com\/es\/turismo\/","name":"Surf estancia en Messanges para sus vacaciones en las Landas (40)","isPartOf":{"@id":"https:\/\/messanges-surf-school.com\/de\/#website"},"primaryImageOfPage":{"@id":"https:\/\/messanges-surf-school.com\/es\/turismo\/#primaryimage"},"image":{"@id":"https:\/\/messanges-surf-school.com\/es\/turismo\/#primaryimage"},"thumbnailUrl":"https:\/\/messanges-surf-school.com\/wp-content\/uploads\/2013\/11\/tourisme-coucher-soleil-ocean.jpg","datePublished":"2013-11-06T10:41:21+00:00","dateModified":"2022-06-15T13:50:42+00:00","description":"\u00bfQuieres vacaciones en las Landas? Surfea en las playas de las Landas, la gastronom\u00eda, la naturaleza ... Descubre los buenos planes para tu estancia.","breadcrumb":{"@id":"https:\/\/messanges-surf-school.com\/es\/turismo\/#breadcrumb"},"inLanguage":"es","potentialAction":[{"@type":"ReadAction","target":["https:\/\/messanges-surf-school.com\/es\/turismo\/"]}]},{"@type":"ImageObject","inLanguage":"es","@id":"https:\/\/messanges-surf-school.com\/es\/turismo\/#primaryimage","url":"https:\/\/messanges-surf-school.com\/wp-content\/uploads\/2013\/11\/tourisme-coucher-soleil-ocean.jpg","contentUrl":"https:\/\/messanges-surf-school.com\/wp-content\/uploads\/2013\/11\/tourisme-coucher-soleil-ocean.jpg"},{"@type":"BreadcrumbList","@id":"https:\/\/messanges-surf-school.com\/es\/turismo\/#breadcrumb","itemListElement":[{"@type":"ListItem","position":1,"name":"Home","item":"https:\/\/messanges-surf-school.com\/es\/"},{"@type":"ListItem","position":2,"name":"Turismo"}]},{"@type":"WebSite","@id":"https:\/\/messanges-surf-school.com\/de\/#website","url":"https:\/\/messanges-surf-school.com\/de\/","name":"Messanges Surf School - Landes","description":"Aprender a hacer surf en Messanges","potentialAction":[{"@type":"SearchAction","target":{"@type":"EntryPoint","urlTemplate":"https:\/\/messanges-surf-school.com\/de\/?s={search_term_string}"},"query-input":{"@type":"PropertyValueSpecification","valueRequired":true,"valueName":"search_term_string"}}],"inLanguage":"es"}]}},"_links":{"self":[{"href":"https:\/\/messanges-surf-school.com\/es\/wp-json\/wp\/v2\/pages\/393","targetHints":{"allow":["GET"]}}],"collection":[{"href":"https:\/\/messanges-surf-school.com\/es\/wp-json\/wp\/v2\/pages"}],"about":[{"href":"https:\/\/messanges-surf-school.com\/es\/wp-json\/wp\/v2\/types\/page"}],"author":[{"embeddable":true,"href":"https:\/\/messanges-surf-school.com\/es\/wp-json\/wp\/v2\/users\/4"}],"replies":[{"embeddable":true,"href":"https:\/\/messanges-surf-school.com\/es\/wp-json\/wp\/v2\/comments?post=393"}],"version-history":[{"count":5,"href":"https:\/\/messanges-surf-school.com\/es\/wp-json\/wp\/v2\/pages\/393\/revisions"}],"predecessor-version":[{"id":20085,"href":"https:\/\/messanges-surf-school.com\/es\/wp-json\/wp\/v2\/pages\/393\/revisions\/20085"}],"wp:attachment":[{"href":"https:\/\/messanges-surf-school.com\/es\/wp-json\/wp\/v2\/media?parent=393"}],"curies":[{"name":"wp","href":"https:\/\/api.w.org\/{rel}","templated":true}]}}