{"id":312,"date":"2014-01-02T19:47:53","date_gmt":"2014-01-02T18:47:53","guid":{"rendered":"https:\/\/messanges-surf-school.com\/\/cours-de-surf-3\/"},"modified":"2025-05-14T15:45:56","modified_gmt":"2025-05-14T14:45:56","slug":"cursos-de-surf","status":"publish","type":"page","link":"https:\/\/messanges-surf-school.com\/es\/cursos-de-surf\/","title":{"rendered":"Cursos de surf"},"content":{"rendered":"<p>[vc_row type=\u00bbfull-nopad\u00bb][vc_column]<div class=\"nm-banner-slider slider-type-full slick-slider slick-controls-gray slick-dots-inside\" data-adaptive-height=\"true\" data-arrows=\"true\" data-dots=\"true\" >\r\n\t\t\t<div class=\"nm-banner content-full image-type-fluid has-alt-image text-color-light\" style=\"\"><img decoding=\"async\" src=\"https:\/\/messanges-surf-school.com\/wp-content\/uploads\/2018\/04\/cours-surf-slide.jpg\" alt=\"messanges surf school surf course\" \/><img decoding=\"async\" src=\"https:\/\/messanges-surf-school.com\/wp-content\/uploads\/2018\/04\/cours-surf-slide-mobile.jpg\" class=\"nm-banner-alt-image img\" \/>\r\n\t\t\t\t<div class=\"nm-banner-content\">\r\n\t\t\t\t\t<div class=\"nm-banner-content-inner\">\r\n\t\t\t\t\t\t<div class=\"nm-banner-text h_left v_top align_left\" style=\"\">\r\n\t\t\t\t\t\t\t<div class=\"nm-banner-text-inner\"><h2 class=\"nm-banner-title medium\">Descubrimiento del curso de surf<\/h2><h3 class=\"nm-banner-subtitle nm-alt-font\">\u00a1Pres\u00e9ntate a las alegr\u00edas del esqu\u00ed!<\/h3><a href=\"https:\/\/messanges-surf-school.bloowatch.com\/booking?categoryId=14305\" class=\"nm-banner-link nm-banner-shop-link\">Desde 37\u20ac<\/a><\/div>\r\n\t\t\t\t\t\t<\/div>\r\n\t\t\t\t\t<\/div>\r\n\t\t\t\t<\/div>\r\n\t\t\t<\/div>\r\n\t\t\t<div class=\"nm-banner content-full image-type-fluid has-alt-image text-color-light\" style=\"\"><img decoding=\"async\" src=\"https:\/\/messanges-surf-school.com\/wp-content\/uploads\/2018\/04\/stage-surf-1.jpg\" alt=\"stage-surf\" \/><img decoding=\"async\" src=\"https:\/\/messanges-surf-school.com\/wp-content\/uploads\/2018\/04\/stage-surf-mobile-1.jpg\" class=\"nm-banner-alt-image img\" \/>\r\n\t\t\t\t<div class=\"nm-banner-content\">\r\n\t\t\t\t\t<div class=\"nm-banner-content-inner\">\r\n\t\t\t\t\t\t<div class=\"nm-banner-text h_left v_top align_left\" style=\"\">\r\n\t\t\t\t\t\t\t<div class=\"nm-banner-text-inner\"><h2 class=\"nm-banner-title medium\">Cursos de surf: \u00a1placer y progreso garantizados!<\/h2><h3 class=\"nm-banner-subtitle nm-alt-font\">F\u00f3rmulas 3 y 5 sesiones<\/h3><a href=\"https:\/\/messanges-surf-school.bloowatch.com\/booking?categoryId=14305\" class=\"nm-banner-link nm-banner-shop-link\">Desde 105\u20ac<\/a><\/div>\r\n\t\t\t\t\t\t<\/div>\r\n\t\t\t\t\t<\/div>\r\n\t\t\t\t<\/div>\r\n\t\t\t<\/div>\r\n\t\t\t<div class=\"nm-banner content-full image-type-fluid has-alt-image text-color-light\" style=\"\"><img decoding=\"async\" src=\"https:\/\/messanges-surf-school.com\/wp-content\/uploads\/2018\/04\/stage-intensif.jpg\" alt=\"stage-intensif\" \/><img decoding=\"async\" src=\"https:\/\/messanges-surf-school.com\/wp-content\/uploads\/2018\/04\/stage-intensif-mobile.jpg\" class=\"nm-banner-alt-image img\" \/>\r\n\t\t\t\t<div class=\"nm-banner-content\">\r\n\t\t\t\t\t<div class=\"nm-banner-content-inner\">\r\n\t\t\t\t\t\t<div class=\"nm-banner-text h_left v_top align_left\" style=\"\">\r\n\t\t\t\t\t\t\t<div class=\"nm-banner-text-inner\"><h2 class=\"nm-banner-title medium\">Cursos avanzados<\/h2><h2 class=\"nm-banner-subtitle nm-alt-font\">para surfistas experimentados que desean mejorar su t\u00e9cnica y trabajar en nuevas maniobras<\/h2><a href=\"https:\/\/messanges-surf-school.bloowatch.com\/booking\/products\/214276\" class=\"nm-banner-link nm-banner-shop-link\">A partir de 45\u20ac<\/a><\/div>\r\n\t\t\t\t\t\t<\/div>\r\n\t\t\t\t\t<\/div>\r\n\t\t\t\t<\/div>\r\n\t\t\t<\/div>\r\n\t\t\t<div class=\"nm-banner content-full image-type-fluid has-alt-image text-color-light\" style=\"\"><img decoding=\"async\" src=\"https:\/\/messanges-surf-school.com\/wp-content\/uploads\/2018\/03\/cours-enfant-surfschool-1.jpg\" alt=\"cours-enfant-surfschool\" \/><img decoding=\"async\" src=\"https:\/\/messanges-surf-school.com\/wp-content\/uploads\/2018\/03\/cours-enfant-surfschool-mobile.jpg\" class=\"nm-banner-alt-image img\" \/>\r\n\t\t\t\t<div class=\"nm-banner-content\">\r\n\t\t\t\t\t<div class=\"nm-banner-content-inner\">\r\n\t\t\t\t\t\t<div class=\"nm-banner-text h_left v_top align_left\" style=\"\">\r\n\t\t\t\t\t\t\t<div class=\"nm-banner-text-inner\"><h2 class=\"nm-banner-title medium\">Peque\u00f1o pirata Surf Course<\/h2><h2 class=\"nm-banner-subtitle nm-alt-font\">Para ni\u00f1os menores de 9 a\u00f1os<\/h2><a href=\"https:\/\/messanges-surf-school.bloowatch.com\/booking\/products\/213987\" class=\"nm-banner-link nm-banner-shop-link\">\u00c0 partir de 37\u20ac<\/a><\/div>\r\n\t\t\t\t\t\t<\/div>\r\n\t\t\t\t\t<\/div>\r\n\t\t\t\t<\/div>\r\n\t\t\t<\/div><\/div>[\/vc_column][\/vc_row][vc_row][vc_column][vc_single_image image=\u00bb19953&#8243; img_size=\u00bb200&#215;170&#8243; alignment=\u00bbcenter\u00bb][vc_custom_heading text=\u00bbCurso de surf\u00bb font_container=\u00bbtag:h1|text_align:center\u00bb use_theme_fonts=\u00bbyes\u00bb][vc_empty_space][vc_column_text]Localizada en la playa de Messanges Sur, su escuela de surf Messanges Surf School, le propone varias f\u00f2rmulas para clases de surf seg\u00f9n su nivel. Ven aprender el surf en los mas bellos sitios landeses para surfear. Clases colectivas o privadas, pr\u00e0cticas para principiantes, para ni\u00f1os, o para mejora, cierto que encontrar\u00e0s lo que te corresponde\u00a0! Nuestra carta de calidad turismo le garantiza clases supervisadas con s\u00e9rio y seguridad y c\u00e0lida bienvenida.<\/p>\n<p>Nuestro equipo de monitores graduados por la Federacion Francesa de Surf te recibe con mucho gusto en las Landes, en el spot de la playa de Messanges Sur, entre Vieux-Boucau y Moliets. Te comunicar\u00e0n la alegria del resbal\u00f2n. Aficionados y pedagogos, estamos aqui para iniciarte al surf con seguridad, examinando cada dia las condiciones clim\u00e0ticas (ondas, viento, mareas) y su nivel para escoger los mejores sitios. Aprendar\u00e0s a surfear tus primeras olas o mejorar\u00e0s tu t\u00e9cnica gracias a una pedagogia adaptada y consejos de especialistas\u00a0: plazer y progresos garantizados para adultos y ni\u00f1os\u00a0! Si todavia no lo viste, te aconsejamos nuestra <a href=\"https:\/\/www.youtube.com\/watch?v=SL4OJk-XTQY\" target=\"_blank\" rel=\"noopener noreferrer\">pel\u00eccula del verano<\/a>, que te dar\u00e0 una visi\u00f2n de lo que podr\u00e0s vivir con Messanges Surf School\u2026<\/p>\n<h3>Lo que voy aprender en clase de surf\u00a0:<\/h3>\n<ul>\n<li><strong>Las bases t\u00e9cnicas del surf :<\/strong> remar, tomar una ola, levantarse en la tabla, dirigirse, seguir una ola\u2026 hasta los tubos para los m\u00e0s experimentados !<\/li>\n<li><strong>Las reglas de seguridad, de prioridad y de amabilidad :<\/strong> esenciales desde el aprendizaje del surf. Para ser un surfista responsable, respectuoso de los otros y de su medio ambiente.<\/li>\n<li><strong>La observaci\u00f2n y comprensi\u00f2n de las ondas<\/strong> y del medio marino. Saber analizar un spot de surf y saber d\u00f2nde surfear seg\u00f9n las condiciones (onda, viento, marea, forma de los bancos de arena) y su nivel.<\/li>\n<\/ul>\n<h3>Desarollo de una clase de Surf con Messanges Surf School\u00a0:<\/h3>\n<ol>\n<li><strong>Reuni\u00f2n<\/strong> a la escuela de surf al m\u00ecnimo 15 mn antes de la hora de la clase. Se situa en la playa, frente al spot\u00a0: ninguna duna a subir cargado con la tabla bajo el brazo, el oceano est\u00e0 a algunos pasitos\u00a0!<\/li>\n<li><strong>Equipamiento<\/strong>. Te pones un traje acu\u00e0tico (de verano -shorty- o de buceo -largo-), escoges tu tabla con los consejos de tu monitor, y vamos\u00a0!<\/li>\n<li><strong>Caminatita en la playa<\/strong> para ir al mejor spot de surf, que el monitor escogi\u00f2 relativamente a las condiciones del dia y al nivel de los alumnos.<\/li>\n<li><strong>Inicio de la clase\u00a0:<\/strong> ya vamos para 1h30 o 1h (&lt;8 a\u00f1os) de surf\u00a0! A lo largo de la sesi\u00f2n, el monitor te acompa\u00f1a en el agua para darte consejos y ayudarte. Por momentos en la arena firme \u00e9l dar\u00e0 breves instrucciones (teoria y demostraciones) y el resto, practicar\u00e0s en el agua.<\/li>\n<li><strong>Final de la clase\u00a0:<\/strong> vuelta en la arena para un balance individual de la sesi\u00f2n<\/li>\n<li><strong>Vuelta a la escuela\u00a0:<\/strong> enjuagas y ordenas tu equipamiento y puedes ir a la ducha\u00a0!<\/li>\n<li><strong>Verificas el horario de tu clase del dia siguiente <\/strong>antes de irte de la escuela\u00a0! Porque las condiciones mar\u00ectimas pueden haber mudado, y los horarios tambi\u00e9n\u00a0!<\/li>\n<\/ol>\n<p>[\/vc_column_text][vc_empty_space][vc_custom_heading text=\u00bbReserve sus cursos de surf en l\u00ednea\u00bb use_theme_fonts=\u00bbyes\u00bb link=\u00bburl:https%3A%2F%2Fmessanges-surf-school.bloowatch.com%2Fbooking|||\u00bb][\/vc_column][\/vc_row][vc_row content_placement=\u00bbtop\u00bb css=\u00bb.vc_custom_1521151981052{padding-top: 32px !important;padding-bottom: 32px !important;}\u00bb][vc_column]<div class=\"woocommerce columns-7 \"><\/div>[\/vc_column][\/vc_row][vc_row css=\u00bb.vc_custom_1521196544411{background-color: #dedede !important;}\u00bb][vc_column width=\u00bb1\/2&#8243;][vc_empty_space][vc_single_image image=\u00bb15740&#8243; alignment=\u00bbcenter\u00bb style=\u00bbvc_box_circle_2&#8243;][vc_empty_space][vc_custom_heading text=\u00bbSolicitud de informaci\u00f3n\u00bb font_container=\u00bbtag:h2|text_align:center\u00bb use_theme_fonts=\u00bbyes\u00bb][vc_empty_space][vc_column_text]<\/p>\n<p style=\"text-align: center;\">Desea m\u00e1s informaci\u00f3n sobre nuestros cursos y cursos de surf: tarifas, disponibilidad, solicitudes especiales?<\/p>\n<p>[\/vc_column_text][\/vc_column][vc_column width=\u00bb1\/2&#8243;][vc_empty_space]\n<div class=\"wpcf7 no-js\" id=\"wpcf7-f15391-o1\" lang=\"fr-FR\" dir=\"ltr\" data-wpcf7-id=\"15391\">\n<div class=\"screen-reader-response\"><p role=\"status\" aria-live=\"polite\" aria-atomic=\"true\"><\/p> <ul><\/ul><\/div>\n<form action=\"\/es\/wp-json\/wp\/v2\/pages\/312#wpcf7-f15391-o1\" method=\"post\" class=\"wpcf7-form init\" aria-label=\"Formulaire de contact\" novalidate=\"novalidate\" data-status=\"init\">\n<div style=\"display: none;\">\n<input type=\"hidden\" name=\"_wpcf7\" value=\"15391\" \/>\n<input type=\"hidden\" name=\"_wpcf7_version\" value=\"6.0.1\" \/>\n<input type=\"hidden\" name=\"_wpcf7_locale\" value=\"fr_FR\" \/>\n<input type=\"hidden\" name=\"_wpcf7_unit_tag\" value=\"wpcf7-f15391-o1\" \/>\n<input type=\"hidden\" name=\"_wpcf7_container_post\" value=\"0\" \/>\n<input type=\"hidden\" name=\"_wpcf7_posted_data_hash\" value=\"\" \/>\n<input type=\"hidden\" name=\"_wpcf7_recaptcha_response\" value=\"\" \/>\n<\/div>\n<p class=\"ui input icon\"><span class=\"wpcf7-form-control-wrap\" data-name=\"your-name\"><input size=\"40\" maxlength=\"400\" class=\"wpcf7-form-control wpcf7-text wpcf7-validates-as-required\" aria-required=\"true\" aria-invalid=\"false\" placeholder=\"Apellidos, nombre de pila\" value=\"\" type=\"text\" name=\"your-name\" \/><\/span><i class=\"icon user myblue\"><\/i>\n<\/p>\n<p class=\"ui input icon\"><span class=\"wpcf7-form-control-wrap\" data-name=\"your-email\"><input size=\"40\" maxlength=\"400\" class=\"wpcf7-form-control wpcf7-email wpcf7-validates-as-required wpcf7-text wpcf7-validates-as-email\" aria-required=\"true\" aria-invalid=\"false\" placeholder=\"Email\" value=\"\" type=\"email\" name=\"your-email\" \/><\/span><i class=\"icon mail myblue\"><\/i>\n<\/p>\n<p class=\"ui input\"><label for=\"adultes\">adultos y ni\u00f1os > 8<\/label><span class=\"wpcf7-form-control-wrap\" data-name=\"adultes\"><select class=\"wpcf7-form-control wpcf7-select\" id=\"adultes\" aria-invalid=\"false\" name=\"adultes\"><option value=\"0\">0<\/option><option value=\"1\">1<\/option><option value=\"2\">2<\/option><option value=\"3\">3<\/option><option value=\"4\">4<\/option><option value=\"5\">5<\/option><option value=\"6\">6<\/option><option value=\"7\">7<\/option><option value=\"8\">8<\/option><option value=\"9\">9<\/option><option value=\"10\">10<\/option><\/select><\/span>\n<\/p>\n<p class=\"ui input\"><label for=\"enfants\">Ni\u00f1os <= 8<\/label><span class=\"wpcf7-form-control-wrap\" data-name=\"enfants\"><select class=\"wpcf7-form-control wpcf7-select\" id=\"enfants\" aria-invalid=\"false\" name=\"enfants\"><option value=\"0\">0<\/option><option value=\"1\">1<\/option><option value=\"2\">2<\/option><option value=\"3\">3<\/option><option value=\"4\">4<\/option><option value=\"5\">5<\/option><option value=\"6\">6<\/option><option value=\"7\">7<\/option><option value=\"8\">8<\/option><option value=\"9\">9<\/option><option value=\"10\">10<\/option><\/select><\/span>\n<\/p>\n<p class=\"ui input\"><label for=\"cours\">Cursos de surf<\/label><span class=\"wpcf7-form-control-wrap\" data-name=\"cours\"><select class=\"wpcf7-form-control wpcf7-select\" id=\"cours\" aria-invalid=\"false\" name=\"cours\"><option value=\"1\">1<\/option><option value=\"2\">2<\/option><option value=\"3\">3<\/option><option value=\"4\">4<\/option><option value=\"5\">5<\/option><option value=\"6\">6<\/option><option value=\"7\">7<\/option><option value=\"8\">8<\/option><option value=\"9\">9<\/option><option value=\"10\">10<\/option><\/select><\/span>\n<\/p>\n<p class=\"ui input\"><span class=\"wpcf7-form-control-wrap\" data-name=\"your-message\"><textarea cols=\"40\" rows=\"10\" maxlength=\"2000\" class=\"wpcf7-form-control wpcf7-textarea\" aria-invalid=\"false\" placeholder=\"Mensaje\" name=\"your-message\"><\/textarea><\/span>\n<\/p>\n<p class=\"ui button green small\"><input class=\"wpcf7-form-control wpcf7-submit has-spinner\" type=\"submit\" value=\"Enviar\" \/>\n<\/p><div class=\"wpcf7-response-output\" aria-hidden=\"true\"><\/div>\n<\/form>\n<\/div>\n[\/vc_column][\/vc_row]<\/p>\n","protected":false},"excerpt":{"rendered":"<p>[vc_row type=\u00bbfull-nopad\u00bb][vc_column][\/vc_column][\/vc_row][vc_row][vc_column][vc_single_image image=\u00bb19953&#8243; img_size=\u00bb200&#215;170&#8243; alignment=\u00bbcenter\u00bb][vc_custom_heading text=\u00bbCurso de surf\u00bb font_container=\u00bbtag:h1|text_align:center\u00bb use_theme_fonts=\u00bbyes\u00bb][vc_empty_space][vc_column_text]Localizada en la playa de Messanges Sur, su escuela de surf Messanges Surf School, le propone varias f\u00f2rmulas para clases de surf seg\u00f9n su nivel. Ven aprender el surf en los mas bellos sitios landeses para surfear. Clases colectivas o privadas, pr\u00e0cticas para principiantes, para ni\u00f1os, &hellip;<\/p>\n","protected":false},"author":4,"featured_media":0,"parent":0,"menu_order":82,"comment_status":"closed","ping_status":"closed","template":"page-full.php","meta":{"_acf_changed":false,"footnotes":""},"class_list":["post-312","page","type-page","status-publish","hentry"],"acf":[],"yoast_head":"<!-- This site is optimized with the Yoast SEO plugin v24.0 - https:\/\/yoast.com\/wordpress\/plugins\/seo\/ -->\n<title>Curso de surf y surf en Messanges entre Vieux Boucau y Moliets<\/title>\n<meta name=\"description\" content=\"Messanges Surf School ofrece clases de surf y cursos de surf en las playas de Messanges, Vieux Boucau y Moliets en las Landas.\" \/>\n<meta name=\"robots\" content=\"index, follow, max-snippet:-1, max-image-preview:large, max-video-preview:-1\" \/>\n<link rel=\"canonical\" href=\"https:\/\/messanges-surf-school.com\/es\/cursos-de-surf\/\" \/>\n<meta property=\"og:locale\" content=\"es_ES\" \/>\n<meta property=\"og:type\" content=\"article\" \/>\n<meta property=\"og:title\" content=\"Curso de surf y surf en Messanges entre Vieux Boucau y Moliets\" \/>\n<meta property=\"og:description\" content=\"Messanges Surf School ofrece clases de surf y cursos de surf en las playas de Messanges, Vieux Boucau y Moliets en las Landas.\" \/>\n<meta property=\"og:url\" content=\"https:\/\/messanges-surf-school.com\/es\/cursos-de-surf\/\" \/>\n<meta property=\"og:site_name\" content=\"Messanges Surf School - Landes\" \/>\n<meta property=\"article:publisher\" content=\"https:\/\/www.facebook.com\/Messanges-Surf-School-167386058067\/\" \/>\n<meta property=\"article:modified_time\" content=\"2025-05-14T14:45:56+00:00\" \/>\n<meta name=\"twitter:label1\" content=\"Tiempo de lectura\" \/>\n\t<meta name=\"twitter:data1\" content=\"4 minutos\" \/>\n<script type=\"application\/ld+json\" class=\"yoast-schema-graph\">{\"@context\":\"https:\/\/schema.org\",\"@graph\":[{\"@type\":\"WebPage\",\"@id\":\"https:\/\/messanges-surf-school.com\/es\/cursos-de-surf\/\",\"url\":\"https:\/\/messanges-surf-school.com\/es\/cursos-de-surf\/\",\"name\":\"Curso de surf y surf en Messanges entre Vieux Boucau y Moliets\",\"isPartOf\":{\"@id\":\"https:\/\/messanges-surf-school.com\/de\/#website\"},\"datePublished\":\"2014-01-02T18:47:53+00:00\",\"dateModified\":\"2025-05-14T14:45:56+00:00\",\"description\":\"Messanges Surf School ofrece clases de surf y cursos de surf en las playas de Messanges, Vieux Boucau y Moliets en las Landas.\",\"breadcrumb\":{\"@id\":\"https:\/\/messanges-surf-school.com\/es\/cursos-de-surf\/#breadcrumb\"},\"inLanguage\":\"es\",\"potentialAction\":[{\"@type\":\"ReadAction\",\"target\":[\"https:\/\/messanges-surf-school.com\/es\/cursos-de-surf\/\"]}]},{\"@type\":\"BreadcrumbList\",\"@id\":\"https:\/\/messanges-surf-school.com\/es\/cursos-de-surf\/#breadcrumb\",\"itemListElement\":[{\"@type\":\"ListItem\",\"position\":1,\"name\":\"Home\",\"item\":\"https:\/\/messanges-surf-school.com\/es\/\"},{\"@type\":\"ListItem\",\"position\":2,\"name\":\"Cursos de surf\"}]},{\"@type\":\"WebSite\",\"@id\":\"https:\/\/messanges-surf-school.com\/de\/#website\",\"url\":\"https:\/\/messanges-surf-school.com\/de\/\",\"name\":\"Messanges Surf School - Landes\",\"description\":\"Aprender a hacer surf en Messanges\",\"potentialAction\":[{\"@type\":\"SearchAction\",\"target\":{\"@type\":\"EntryPoint\",\"urlTemplate\":\"https:\/\/messanges-surf-school.com\/de\/?s={search_term_string}\"},\"query-input\":{\"@type\":\"PropertyValueSpecification\",\"valueRequired\":true,\"valueName\":\"search_term_string\"}}],\"inLanguage\":\"es\"}]}<\/script>\n<!-- \/ Yoast SEO plugin. -->","yoast_head_json":{"title":"Curso de surf y surf en Messanges entre Vieux Boucau y Moliets","description":"Messanges Surf School ofrece clases de surf y cursos de surf en las playas de Messanges, Vieux Boucau y Moliets en las Landas.","robots":{"index":"index","follow":"follow","max-snippet":"max-snippet:-1","max-image-preview":"max-image-preview:large","max-video-preview":"max-video-preview:-1"},"canonical":"https:\/\/messanges-surf-school.com\/es\/cursos-de-surf\/","og_locale":"es_ES","og_type":"article","og_title":"Curso de surf y surf en Messanges entre Vieux Boucau y Moliets","og_description":"Messanges Surf School ofrece clases de surf y cursos de surf en las playas de Messanges, Vieux Boucau y Moliets en las Landas.","og_url":"https:\/\/messanges-surf-school.com\/es\/cursos-de-surf\/","og_site_name":"Messanges Surf School - Landes","article_publisher":"https:\/\/www.facebook.com\/Messanges-Surf-School-167386058067\/","article_modified_time":"2025-05-14T14:45:56+00:00","twitter_misc":{"Tiempo de lectura":"4 minutos"},"schema":{"@context":"https:\/\/schema.org","@graph":[{"@type":"WebPage","@id":"https:\/\/messanges-surf-school.com\/es\/cursos-de-surf\/","url":"https:\/\/messanges-surf-school.com\/es\/cursos-de-surf\/","name":"Curso de surf y surf en Messanges entre Vieux Boucau y Moliets","isPartOf":{"@id":"https:\/\/messanges-surf-school.com\/de\/#website"},"datePublished":"2014-01-02T18:47:53+00:00","dateModified":"2025-05-14T14:45:56+00:00","description":"Messanges Surf School ofrece clases de surf y cursos de surf en las playas de Messanges, Vieux Boucau y Moliets en las Landas.","breadcrumb":{"@id":"https:\/\/messanges-surf-school.com\/es\/cursos-de-surf\/#breadcrumb"},"inLanguage":"es","potentialAction":[{"@type":"ReadAction","target":["https:\/\/messanges-surf-school.com\/es\/cursos-de-surf\/"]}]},{"@type":"BreadcrumbList","@id":"https:\/\/messanges-surf-school.com\/es\/cursos-de-surf\/#breadcrumb","itemListElement":[{"@type":"ListItem","position":1,"name":"Home","item":"https:\/\/messanges-surf-school.com\/es\/"},{"@type":"ListItem","position":2,"name":"Cursos de surf"}]},{"@type":"WebSite","@id":"https:\/\/messanges-surf-school.com\/de\/#website","url":"https:\/\/messanges-surf-school.com\/de\/","name":"Messanges Surf School - Landes","description":"Aprender a hacer surf en Messanges","potentialAction":[{"@type":"SearchAction","target":{"@type":"EntryPoint","urlTemplate":"https:\/\/messanges-surf-school.com\/de\/?s={search_term_string}"},"query-input":{"@type":"PropertyValueSpecification","valueRequired":true,"valueName":"search_term_string"}}],"inLanguage":"es"}]}},"_links":{"self":[{"href":"https:\/\/messanges-surf-school.com\/es\/wp-json\/wp\/v2\/pages\/312","targetHints":{"allow":["GET"]}}],"collection":[{"href":"https:\/\/messanges-surf-school.com\/es\/wp-json\/wp\/v2\/pages"}],"about":[{"href":"https:\/\/messanges-surf-school.com\/es\/wp-json\/wp\/v2\/types\/page"}],"author":[{"embeddable":true,"href":"https:\/\/messanges-surf-school.com\/es\/wp-json\/wp\/v2\/users\/4"}],"replies":[{"embeddable":true,"href":"https:\/\/messanges-surf-school.com\/es\/wp-json\/wp\/v2\/comments?post=312"}],"version-history":[{"count":6,"href":"https:\/\/messanges-surf-school.com\/es\/wp-json\/wp\/v2\/pages\/312\/revisions"}],"predecessor-version":[{"id":22525,"href":"https:\/\/messanges-surf-school.com\/es\/wp-json\/wp\/v2\/pages\/312\/revisions\/22525"}],"wp:attachment":[{"href":"https:\/\/messanges-surf-school.com\/es\/wp-json\/wp\/v2\/media?parent=312"}],"curies":[{"name":"wp","href":"https:\/\/api.w.org\/{rel}","templated":true}]}}