{"id":19628,"date":"2022-03-10T11:58:42","date_gmt":"2022-03-10T10:58:42","guid":{"rendered":"https:\/\/messanges-surf-school.com\/?page_id=19628"},"modified":"2022-03-23T15:47:40","modified_gmt":"2022-03-23T14:47:40","slug":"enfoque-sostenible","status":"publish","type":"page","link":"https:\/\/messanges-surf-school.com\/es\/enfoque-sostenible\/","title":{"rendered":"Enfoque Sostenible"},"content":{"rendered":"<p>[vc_row type=\u00bbfull-nopad\u00bb][vc_column]<div class=\"nm-banner-slider slider-type-full slick-slider slick-controls-gray slick-dots-inside\" data-adaptive-height=\"true\" data-arrows=\"true\" data-dots=\"true\" >\r\n\t\t\t<div class=\"nm-banner content-full image-type-fluid has-alt-image text-color-light\" style=\"\"><img decoding=\"async\" src=\"https:\/\/messanges-surf-school.com\/wp-content\/uploads\/2022\/03\/Littoral-et-courant-dHuchet-COPYRIGHT-Sebastien-Chebassier-2.jpeg\" alt=\"Littoral et courant d&#8217;Huchet\" \/><img decoding=\"async\" src=\"https:\/\/messanges-surf-school.com\/wp-content\/uploads\/2022\/03\/Littoral-et-courant-dHuchet-COPYRIGHT-Sebastien-Chebassier-2.jpeg\" class=\"nm-banner-alt-image img\" \/>\r\n\t\t\t\t<div class=\"nm-banner-content\">\r\n\t\t\t\t\t<div class=\"nm-banner-content-inner\">\r\n\t\t\t\t\t\t<div class=\"nm-banner-text h_center v_center align_left\" style=\"\">\r\n\t\t\t\t\t\t\t<div class=\"nm-banner-text-inner\"><h2 class=\"nm-banner-title medium\">Protejamos las pepitas que nos ofrece la Naturaleza<\/h2><h3 class=\"nm-banner-subtitle nm-alt-font\">Photo Copyright @S\u00e9bastien Chebassier<\/h3><\/div>\r\n\t\t\t\t\t\t<\/div>\r\n\t\t\t\t\t<\/div>\r\n\t\t\t\t<\/div>\r\n\t\t\t<\/div>\r\n\t\t\t<div class=\"nm-banner content-full image-type-fluid has-alt-image text-color-light\" style=\"\"><img decoding=\"async\" src=\"https:\/\/messanges-surf-school.com\/wp-content\/uploads\/2022\/03\/OCEAN-MESSANGES.jpg\" alt=\"OCEAN MESSANGES\" \/><img decoding=\"async\" src=\"https:\/\/messanges-surf-school.com\/wp-content\/uploads\/2022\/03\/OCEAN-MESSANGES.jpg\" class=\"nm-banner-alt-image img\" \/>\r\n\t\t\t<\/div>\r\n\t\t\t<div class=\"nm-banner content-full image-type-fluid has-alt-image text-color-light\" style=\"\"><img decoding=\"async\" src=\"https:\/\/messanges-surf-school.com\/wp-content\/uploads\/2020\/07\/73A20882-75CA-40D6-95C5-5597279A250F_1_105_c-e1595318101366.jpeg\" alt=\"messanges surf school vagues\" \/><img decoding=\"async\" src=\"https:\/\/messanges-surf-school.com\/wp-content\/uploads\/2020\/07\/73A20882-75CA-40D6-95C5-5597279A250F_1_105_c-e1595318101366.jpeg\" class=\"nm-banner-alt-image img\" \/>\r\n\t\t\t\t<div class=\"nm-banner-content\">\r\n\t\t\t\t\t<div class=\"nm-banner-content-inner\">\r\n\t\t\t\t\t\t<div class=\"nm-banner-text h_center v_center align_left\" style=\"\">\r\n\t\t\t\t\t\t\t<div class=\"nm-banner-text-inner\"><h2 class=\"nm-banner-title medium\">\u00a1\u00danete a nosotros en la escuela de surf en Messanges!<\/h2><\/div>\r\n\t\t\t\t\t\t<\/div>\r\n\t\t\t\t\t<\/div>\r\n\t\t\t\t<\/div>\r\n\t\t\t<\/div><\/div>[\/vc_column][\/vc_row][vc_row][vc_column][vc_empty_space][vc_custom_heading text=\u00bbNuestro enfoque de desarrollo sostenible\u00bb font_container=\u00bbtag:h1|text_align:center\u00bb use_theme_fonts=\u00bbyes\u00bb][vc_empty_space][vc_column_text]Su escuela de surf en Messanges en las Landas se preocupa por la preservaci\u00f3n del medio ambiente y apuesta por un enfoque sostenible.<\/p>\n<h3><img loading=\"lazy\" decoding=\"async\" class=\"size-full wp-image-19658 alignleft\" src=\"https:\/\/messanges-surf-school.com\/wp-content\/uploads\/2022\/03\/log-tourisme-durable-100px.jpg\" alt=\"\" width=\"100\" height=\"100\" \/>Turismo sostenible<\/h3>\n<p>Estamos en proceso de validaci\u00f3n de nuestro Enfoque Sostenible por el Pays Adour Landes Oc\u00e9anes, que re\u00fane a profesionales del turismo comprometidos, siendo los objetivos:<\/p>\n<ul>\n<li>contribuir a la conservaci\u00f3n y puesta en valor de los espacios naturales, bienes esenciales del territorio<\/li>\n<li>promover la econom\u00eda local (empleos, productos, actores)<\/li>\n<li>promover intercambios (entre los territorios y los diferentes actores) y encuentros (invitados-visitantes)<\/li>\n<li>ofrecer una amplia gama de servicios y beneficios accesibles para todos<\/li>\n<\/ul>\n<p><img loading=\"lazy\" decoding=\"async\" class=\"wp-image-19765 size-full alignleft\" src=\"https:\/\/messanges-surf-school.com\/wp-content\/uploads\/2022\/03\/LOGO-SURFRIDER-EUROPE-100PX.jpg\" alt=\"\" width=\"100\" height=\"100\" \/><\/p>\n<h3>Apoyo para Surfrider Europe<\/h3>\n<p>Somos socios de <a href=\"https:\/\/surfrider.eu\/\" target=\"_blank\" rel=\"noopener\">Surfrider Foundation Europe<\/a> nos comprometemos junto a ella a portar y defender valores comunes: la defensa, salvaguarda, mejora y gesti\u00f3n sostenible del oc\u00e9ano, el oleaje, el litoral y la poblaci\u00f3n que lo disfruta. Surfrider act\u00faa sobre 3 temas principales: basura marina, desarrollo costero y cambio clim\u00e1tico, calidad del agua y salud del usuario.<\/p>\n<h3>Eco-gestos<\/h3>\n<p>Trabajamos para reforzar nuestros ecogestos diarios: ahorro de agua y energ\u00eda, selecci\u00f3n selectiva de nuestros residuos, compras responsables (\u00bf\u00datiles? \u00bfUtilizables? \u00bfUsados?), reciclaje de equipos y electrodom\u00e9sticos al final de su vida&#8230;<\/p>\n<h3>Limitaci\u00f3n de la contaminaci\u00f3n digital<\/h3>\n<p>Ponemos en marcha acciones para minimizar nuestro impacto por contaminaci\u00f3n digital: limpieza del buz\u00f3n electr\u00f3nico, baja de publicidades no interesantes, env\u00edo medido de mailings y posts en redes sociales\u2026<\/p>\n<h3><img loading=\"lazy\" decoding=\"async\" class=\"size-full wp-image-19667 alignleft\" src=\"https:\/\/messanges-surf-school.com\/wp-content\/uploads\/2022\/03\/logo-sooruz-100px.png\" alt=\"\" width=\"100\" height=\"100\" \/>Material ecodise\u00f1ado<\/h3>\n<p>De hecho, hemos elegido la marca So\u00f6ruz para nuestros trajes de surf: es la primera marca francesa que ha integrado polvo de concha de ostra en el neopreno.<br \/>\nAdem\u00e1s, nuestra colecci\u00f3n Sufwear ahora se basa exclusivamente en algod\u00f3n org\u00e1nico o materiales reciclados.<\/p>\n<h3>Sensibilisation<\/h3>\n<p>Intentamos concienciar a nuestros visitantes de la preservaci\u00f3n de nuestro planeta, de que ofrecemos lo mejor y sufrimos por nuestra conducta irresponsable&#8230;[\/vc_column_text][vc_empty_space][vc_custom_heading text=\u00bbReserve sus cursos o cursos de surf en l\u00ednea\u00bb use_theme_fonts=\u00bbyes\u00bb][\/vc_column][\/vc_row][vc_row content_placement=\u00bbtop\u00bb css=\u00bb.vc_custom_1521151981052{padding-top: 32px !important;padding-bottom: 32px !important;}\u00bb][vc_column][vc_empty_space]<div class=\"woocommerce columns-7 \"><\/div>[\/vc_column][\/vc_row][vc_row css=\u00bb.vc_custom_1521196544411{background-color: #dedede !important;}\u00bb][vc_column width=\u00bb1\/2&#8243;][vc_empty_space][vc_single_image image=\u00bb15740&#8243; alignment=\u00bbcenter\u00bb style=\u00bbvc_box_circle_2&#8243;][vc_empty_space][vc_custom_heading text=\u00bbSolicitud de informaci\u00f3n\u00bb font_container=\u00bbtag:h2|text_align:center\u00bb use_theme_fonts=\u00bbyes\u00bb][vc_empty_space][vc_column_text]<\/p>\n<p style=\"text-align: center;\">Desea m\u00e1s informaci\u00f3n sobre nuestros cursos y cursos de surf: tarifas, disponibilidad, solicitudes especiales?<\/p>\n<p style=\"text-align: center;\">por favor complete el formulario al lado :<\/p>\n<p>[\/vc_column_text][\/vc_column][vc_column width=\u00bb1\/2&#8243;][vc_empty_space]\n<div class=\"wpcf7 no-js\" id=\"wpcf7-f15391-o1\" lang=\"fr-FR\" dir=\"ltr\" data-wpcf7-id=\"15391\">\n<div class=\"screen-reader-response\"><p role=\"status\" aria-live=\"polite\" aria-atomic=\"true\"><\/p> <ul><\/ul><\/div>\n<form action=\"\/es\/wp-json\/wp\/v2\/pages\/19628#wpcf7-f15391-o1\" method=\"post\" class=\"wpcf7-form init\" aria-label=\"Formulaire de contact\" novalidate=\"novalidate\" data-status=\"init\">\n<div style=\"display: none;\">\n<input type=\"hidden\" name=\"_wpcf7\" value=\"15391\" \/>\n<input type=\"hidden\" name=\"_wpcf7_version\" value=\"6.0.1\" \/>\n<input type=\"hidden\" name=\"_wpcf7_locale\" value=\"fr_FR\" \/>\n<input type=\"hidden\" name=\"_wpcf7_unit_tag\" value=\"wpcf7-f15391-o1\" \/>\n<input type=\"hidden\" name=\"_wpcf7_container_post\" value=\"0\" \/>\n<input type=\"hidden\" name=\"_wpcf7_posted_data_hash\" value=\"\" \/>\n<input type=\"hidden\" name=\"_wpcf7_recaptcha_response\" value=\"\" \/>\n<\/div>\n<p class=\"ui input icon\"><span class=\"wpcf7-form-control-wrap\" data-name=\"your-name\"><input size=\"40\" maxlength=\"400\" class=\"wpcf7-form-control wpcf7-text wpcf7-validates-as-required\" aria-required=\"true\" aria-invalid=\"false\" placeholder=\"Apellidos, nombre de pila\" value=\"\" type=\"text\" name=\"your-name\" \/><\/span><i class=\"icon user myblue\"><\/i>\n<\/p>\n<p class=\"ui input icon\"><span class=\"wpcf7-form-control-wrap\" data-name=\"your-email\"><input size=\"40\" maxlength=\"400\" class=\"wpcf7-form-control wpcf7-email wpcf7-validates-as-required wpcf7-text wpcf7-validates-as-email\" aria-required=\"true\" aria-invalid=\"false\" placeholder=\"Email\" value=\"\" type=\"email\" name=\"your-email\" \/><\/span><i class=\"icon mail myblue\"><\/i>\n<\/p>\n<p class=\"ui input\"><label for=\"adultes\">adultos y ni\u00f1os > 8<\/label><span class=\"wpcf7-form-control-wrap\" data-name=\"adultes\"><select class=\"wpcf7-form-control wpcf7-select\" id=\"adultes\" aria-invalid=\"false\" name=\"adultes\"><option value=\"0\">0<\/option><option value=\"1\">1<\/option><option value=\"2\">2<\/option><option value=\"3\">3<\/option><option value=\"4\">4<\/option><option value=\"5\">5<\/option><option value=\"6\">6<\/option><option value=\"7\">7<\/option><option value=\"8\">8<\/option><option value=\"9\">9<\/option><option value=\"10\">10<\/option><\/select><\/span>\n<\/p>\n<p class=\"ui input\"><label for=\"enfants\">Ni\u00f1os <= 8<\/label><span class=\"wpcf7-form-control-wrap\" data-name=\"enfants\"><select class=\"wpcf7-form-control wpcf7-select\" id=\"enfants\" aria-invalid=\"false\" name=\"enfants\"><option value=\"0\">0<\/option><option value=\"1\">1<\/option><option value=\"2\">2<\/option><option value=\"3\">3<\/option><option value=\"4\">4<\/option><option value=\"5\">5<\/option><option value=\"6\">6<\/option><option value=\"7\">7<\/option><option value=\"8\">8<\/option><option value=\"9\">9<\/option><option value=\"10\">10<\/option><\/select><\/span>\n<\/p>\n<p class=\"ui input\"><label for=\"cours\">Cursos de surf<\/label><span class=\"wpcf7-form-control-wrap\" data-name=\"cours\"><select class=\"wpcf7-form-control wpcf7-select\" id=\"cours\" aria-invalid=\"false\" name=\"cours\"><option value=\"1\">1<\/option><option value=\"2\">2<\/option><option value=\"3\">3<\/option><option value=\"4\">4<\/option><option value=\"5\">5<\/option><option value=\"6\">6<\/option><option value=\"7\">7<\/option><option value=\"8\">8<\/option><option value=\"9\">9<\/option><option value=\"10\">10<\/option><\/select><\/span>\n<\/p>\n<p class=\"ui input\"><span class=\"wpcf7-form-control-wrap\" data-name=\"your-message\"><textarea cols=\"40\" rows=\"10\" maxlength=\"2000\" class=\"wpcf7-form-control wpcf7-textarea\" aria-invalid=\"false\" placeholder=\"Mensaje\" name=\"your-message\"><\/textarea><\/span>\n<\/p>\n<p class=\"ui button green small\"><input class=\"wpcf7-form-control wpcf7-submit has-spinner\" type=\"submit\" value=\"Enviar\" \/>\n<\/p><div class=\"wpcf7-response-output\" aria-hidden=\"true\"><\/div>\n<\/form>\n<\/div>\n[\/vc_column][\/vc_row]<\/p>\n","protected":false},"excerpt":{"rendered":"<p>[vc_row type=\u00bbfull-nopad\u00bb][vc_column][\/vc_column][\/vc_row][vc_row][vc_column][vc_empty_space][vc_custom_heading text=\u00bbNuestro enfoque de desarrollo sostenible\u00bb font_container=\u00bbtag:h1|text_align:center\u00bb use_theme_fonts=\u00bbyes\u00bb][vc_empty_space][vc_column_text]Su escuela de surf en Messanges en las Landas se preocupa por la preservaci\u00f3n del medio ambiente y apuesta por un enfoque sostenible. Turismo sostenible Estamos en proceso de validaci\u00f3n de nuestro Enfoque Sostenible por el Pays Adour Landes Oc\u00e9anes, que re\u00fane a profesionales del turismo comprometidos, &hellip;<\/p>\n","protected":false},"author":2,"featured_media":0,"parent":0,"menu_order":24,"comment_status":"closed","ping_status":"closed","template":"page-full.php","meta":{"_acf_changed":false,"footnotes":""},"class_list":["post-19628","page","type-page","status-publish","hentry"],"acf":[],"yoast_head":"<!-- This site is optimized with the Yoast SEO plugin v24.0 - https:\/\/yoast.com\/wordpress\/plugins\/seo\/ -->\n<title>Ecole de surf Messanges Surf School dans les Landes<\/title>\n<meta name=\"description\" content=\"Votre \u00e9cole de surf Messanges Surf School \u00e0 Messanges dans les Landes s&#039;engage dans une d\u00e9marche durable et \u00e9coresponsable.\" \/>\n<meta name=\"robots\" content=\"index, follow, max-snippet:-1, max-image-preview:large, max-video-preview:-1\" \/>\n<link rel=\"canonical\" href=\"https:\/\/messanges-surf-school.com\/es\/enfoque-sostenible\/\" \/>\n<meta property=\"og:locale\" content=\"es_ES\" \/>\n<meta property=\"og:type\" content=\"article\" \/>\n<meta property=\"og:title\" content=\"Ecole de surf Messanges Surf School dans les Landes\" \/>\n<meta property=\"og:description\" content=\"Votre \u00e9cole de surf Messanges Surf School \u00e0 Messanges dans les Landes s&#039;engage dans une d\u00e9marche durable et \u00e9coresponsable.\" \/>\n<meta property=\"og:url\" content=\"https:\/\/messanges-surf-school.com\/es\/enfoque-sostenible\/\" \/>\n<meta property=\"og:site_name\" content=\"Messanges Surf School - Landes\" \/>\n<meta property=\"article:publisher\" content=\"https:\/\/www.facebook.com\/Messanges-Surf-School-167386058067\/\" \/>\n<meta property=\"article:modified_time\" content=\"2022-03-23T14:47:40+00:00\" \/>\n<meta property=\"og:image\" content=\"https:\/\/messanges-surf-school.com\/wp-content\/uploads\/2022\/03\/log-tourisme-durable-100px.jpg\" \/>\n<meta name=\"twitter:label1\" content=\"Tiempo de lectura\" \/>\n\t<meta name=\"twitter:data1\" content=\"3 minutos\" \/>\n<script type=\"application\/ld+json\" class=\"yoast-schema-graph\">{\"@context\":\"https:\/\/schema.org\",\"@graph\":[{\"@type\":\"WebPage\",\"@id\":\"https:\/\/messanges-surf-school.com\/es\/enfoque-sostenible\/\",\"url\":\"https:\/\/messanges-surf-school.com\/es\/enfoque-sostenible\/\",\"name\":\"Ecole de surf Messanges Surf School dans les Landes\",\"isPartOf\":{\"@id\":\"https:\/\/messanges-surf-school.com\/de\/#website\"},\"primaryImageOfPage\":{\"@id\":\"https:\/\/messanges-surf-school.com\/es\/enfoque-sostenible\/#primaryimage\"},\"image\":{\"@id\":\"https:\/\/messanges-surf-school.com\/es\/enfoque-sostenible\/#primaryimage\"},\"thumbnailUrl\":\"https:\/\/messanges-surf-school.com\/wp-content\/uploads\/2022\/03\/log-tourisme-durable-100px.jpg\",\"datePublished\":\"2022-03-10T10:58:42+00:00\",\"dateModified\":\"2022-03-23T14:47:40+00:00\",\"description\":\"Votre \u00e9cole de surf Messanges Surf School \u00e0 Messanges dans les Landes s'engage dans une d\u00e9marche durable et \u00e9coresponsable.\",\"breadcrumb\":{\"@id\":\"https:\/\/messanges-surf-school.com\/es\/enfoque-sostenible\/#breadcrumb\"},\"inLanguage\":\"es\",\"potentialAction\":[{\"@type\":\"ReadAction\",\"target\":[\"https:\/\/messanges-surf-school.com\/es\/enfoque-sostenible\/\"]}]},{\"@type\":\"ImageObject\",\"inLanguage\":\"es\",\"@id\":\"https:\/\/messanges-surf-school.com\/es\/enfoque-sostenible\/#primaryimage\",\"url\":\"https:\/\/messanges-surf-school.com\/wp-content\/uploads\/2022\/03\/log-tourisme-durable-100px.jpg\",\"contentUrl\":\"https:\/\/messanges-surf-school.com\/wp-content\/uploads\/2022\/03\/log-tourisme-durable-100px.jpg\"},{\"@type\":\"BreadcrumbList\",\"@id\":\"https:\/\/messanges-surf-school.com\/es\/enfoque-sostenible\/#breadcrumb\",\"itemListElement\":[{\"@type\":\"ListItem\",\"position\":1,\"name\":\"Home\",\"item\":\"https:\/\/messanges-surf-school.com\/es\/\"},{\"@type\":\"ListItem\",\"position\":2,\"name\":\"Enfoque Sostenible\"}]},{\"@type\":\"WebSite\",\"@id\":\"https:\/\/messanges-surf-school.com\/de\/#website\",\"url\":\"https:\/\/messanges-surf-school.com\/de\/\",\"name\":\"Messanges Surf School - Landes\",\"description\":\"Aprender a hacer surf en Messanges\",\"potentialAction\":[{\"@type\":\"SearchAction\",\"target\":{\"@type\":\"EntryPoint\",\"urlTemplate\":\"https:\/\/messanges-surf-school.com\/de\/?s={search_term_string}\"},\"query-input\":{\"@type\":\"PropertyValueSpecification\",\"valueRequired\":true,\"valueName\":\"search_term_string\"}}],\"inLanguage\":\"es\"}]}<\/script>\n<!-- \/ Yoast SEO plugin. -->","yoast_head_json":{"title":"Ecole de surf Messanges Surf School dans les Landes","description":"Votre \u00e9cole de surf Messanges Surf School \u00e0 Messanges dans les Landes s'engage dans une d\u00e9marche durable et \u00e9coresponsable.","robots":{"index":"index","follow":"follow","max-snippet":"max-snippet:-1","max-image-preview":"max-image-preview:large","max-video-preview":"max-video-preview:-1"},"canonical":"https:\/\/messanges-surf-school.com\/es\/enfoque-sostenible\/","og_locale":"es_ES","og_type":"article","og_title":"Ecole de surf Messanges Surf School dans les Landes","og_description":"Votre \u00e9cole de surf Messanges Surf School \u00e0 Messanges dans les Landes s'engage dans une d\u00e9marche durable et \u00e9coresponsable.","og_url":"https:\/\/messanges-surf-school.com\/es\/enfoque-sostenible\/","og_site_name":"Messanges Surf School - Landes","article_publisher":"https:\/\/www.facebook.com\/Messanges-Surf-School-167386058067\/","article_modified_time":"2022-03-23T14:47:40+00:00","og_image":[{"url":"https:\/\/messanges-surf-school.com\/wp-content\/uploads\/2022\/03\/log-tourisme-durable-100px.jpg","type":"","width":"","height":""}],"twitter_misc":{"Tiempo de lectura":"3 minutos"},"schema":{"@context":"https:\/\/schema.org","@graph":[{"@type":"WebPage","@id":"https:\/\/messanges-surf-school.com\/es\/enfoque-sostenible\/","url":"https:\/\/messanges-surf-school.com\/es\/enfoque-sostenible\/","name":"Ecole de surf Messanges Surf School dans les Landes","isPartOf":{"@id":"https:\/\/messanges-surf-school.com\/de\/#website"},"primaryImageOfPage":{"@id":"https:\/\/messanges-surf-school.com\/es\/enfoque-sostenible\/#primaryimage"},"image":{"@id":"https:\/\/messanges-surf-school.com\/es\/enfoque-sostenible\/#primaryimage"},"thumbnailUrl":"https:\/\/messanges-surf-school.com\/wp-content\/uploads\/2022\/03\/log-tourisme-durable-100px.jpg","datePublished":"2022-03-10T10:58:42+00:00","dateModified":"2022-03-23T14:47:40+00:00","description":"Votre \u00e9cole de surf Messanges Surf School \u00e0 Messanges dans les Landes s'engage dans une d\u00e9marche durable et \u00e9coresponsable.","breadcrumb":{"@id":"https:\/\/messanges-surf-school.com\/es\/enfoque-sostenible\/#breadcrumb"},"inLanguage":"es","potentialAction":[{"@type":"ReadAction","target":["https:\/\/messanges-surf-school.com\/es\/enfoque-sostenible\/"]}]},{"@type":"ImageObject","inLanguage":"es","@id":"https:\/\/messanges-surf-school.com\/es\/enfoque-sostenible\/#primaryimage","url":"https:\/\/messanges-surf-school.com\/wp-content\/uploads\/2022\/03\/log-tourisme-durable-100px.jpg","contentUrl":"https:\/\/messanges-surf-school.com\/wp-content\/uploads\/2022\/03\/log-tourisme-durable-100px.jpg"},{"@type":"BreadcrumbList","@id":"https:\/\/messanges-surf-school.com\/es\/enfoque-sostenible\/#breadcrumb","itemListElement":[{"@type":"ListItem","position":1,"name":"Home","item":"https:\/\/messanges-surf-school.com\/es\/"},{"@type":"ListItem","position":2,"name":"Enfoque Sostenible"}]},{"@type":"WebSite","@id":"https:\/\/messanges-surf-school.com\/de\/#website","url":"https:\/\/messanges-surf-school.com\/de\/","name":"Messanges Surf School - Landes","description":"Aprender a hacer surf en Messanges","potentialAction":[{"@type":"SearchAction","target":{"@type":"EntryPoint","urlTemplate":"https:\/\/messanges-surf-school.com\/de\/?s={search_term_string}"},"query-input":{"@type":"PropertyValueSpecification","valueRequired":true,"valueName":"search_term_string"}}],"inLanguage":"es"}]}},"_links":{"self":[{"href":"https:\/\/messanges-surf-school.com\/es\/wp-json\/wp\/v2\/pages\/19628","targetHints":{"allow":["GET"]}}],"collection":[{"href":"https:\/\/messanges-surf-school.com\/es\/wp-json\/wp\/v2\/pages"}],"about":[{"href":"https:\/\/messanges-surf-school.com\/es\/wp-json\/wp\/v2\/types\/page"}],"author":[{"embeddable":true,"href":"https:\/\/messanges-surf-school.com\/es\/wp-json\/wp\/v2\/users\/2"}],"replies":[{"embeddable":true,"href":"https:\/\/messanges-surf-school.com\/es\/wp-json\/wp\/v2\/comments?post=19628"}],"version-history":[{"count":9,"href":"https:\/\/messanges-surf-school.com\/es\/wp-json\/wp\/v2\/pages\/19628\/revisions"}],"predecessor-version":[{"id":19864,"href":"https:\/\/messanges-surf-school.com\/es\/wp-json\/wp\/v2\/pages\/19628\/revisions\/19864"}],"wp:attachment":[{"href":"https:\/\/messanges-surf-school.com\/es\/wp-json\/wp\/v2\/media?parent=19628"}],"curies":[{"name":"wp","href":"https:\/\/api.w.org\/{rel}","templated":true}]}}