{"id":17407,"date":"2020-04-08T10:30:06","date_gmt":"2020-04-08T09:30:06","guid":{"rendered":"https:\/\/messanges-surf-school.com\/?page_id=17407"},"modified":"2021-04-02T15:22:09","modified_gmt":"2021-04-02T14:22:09","slug":"surf-life-saving","status":"publish","type":"page","link":"https:\/\/messanges-surf-school.com\/es\/surf-life-saving\/","title":{"rendered":"Surf Life Saving"},"content":{"rendered":"<p>[vc_row type=\u00bbfull-nopad\u00bb][vc_column]<div class=\"nm-banner-slider slider-type-full slick-slider slick-controls-gray slick-dots-inside\" data-adaptive-height=\"true\" data-arrows=\"true\" data-dots=\"true\" >\r\n\t\t\t<div class=\"nm-banner content-full image-type-fluid has-alt-image text-color-light\" style=\"\"><img decoding=\"async\" src=\"https:\/\/messanges-surf-school.com\/wp-content\/uploads\/2020\/04\/bodysurf.jpg\" alt=\"bodysurf\" \/><img decoding=\"async\" src=\"https:\/\/messanges-surf-school.com\/wp-content\/uploads\/2020\/04\/bodysurf.jpg\" class=\"nm-banner-alt-image img\" \/>\r\n\t\t\t\t<div class=\"nm-banner-content\">\r\n\t\t\t\t\t<div class=\"nm-banner-content-inner\">\r\n\t\t\t\t\t\t<div class=\"nm-banner-text h_left v_top align_left\" style=\"\">\r\n\t\t\t\t\t\t\t<div class=\"nm-banner-text-inner\"><h2 class=\"nm-banner-title medium\">Inicio de Surf Life Saving<\/h2><h3 class=\"nm-banner-subtitle nm-alt-font\">\u00a1Desarrolla tu conocimiento del oc\u00e9ano y tu fluidez acu\u00e1tica mientras te diviertes con Life Saving!<\/h3><a href=\"https:\/\/messanges-surf-school.com\/es\/surf-lessons\/surf-life-saving-es\/temporada-baja-para-adultos-surfcamp-copie-copie-copie\/\" class=\"nm-banner-link nm-banner-shop-link\">A partir de 35\u20ac<\/a><\/div>\r\n\t\t\t\t\t\t<\/div>\r\n\t\t\t\t\t<\/div>\r\n\t\t\t\t<\/div>\r\n\t\t\t<\/div>\r\n\t\t\t<div class=\"nm-banner content-full image-type-fluid has-alt-image text-color-light\" style=\"\"><img decoding=\"async\" src=\"https:\/\/messanges-surf-school.com\/wp-content\/uploads\/2020\/04\/rescue.jpg\" alt=\"rescue\" \/><img decoding=\"async\" src=\"https:\/\/messanges-surf-school.com\/wp-content\/uploads\/2020\/04\/rescue.jpg\" class=\"nm-banner-alt-image img\" \/>\r\n\t\t\t\t<div class=\"nm-banner-content\">\r\n\t\t\t\t\t<div class=\"nm-banner-content-inner\">\r\n\t\t\t\t\t\t<div class=\"nm-banner-text h_left v_top align_left\" style=\"\">\r\n\t\t\t\t\t\t\t<div class=\"nm-banner-text-inner\"><h2 class=\"nm-banner-title medium\">Waterman Curso<\/h2><h3 class=\"nm-banner-subtitle nm-alt-font\">\u00a1Curso de 3 d\u00edas para ni\u00f1os para descubrir Life Saving y convertirse en un verdadero pez en el agua!<\/h3><a href=\"https:\/\/messanges-surf-school.com\/es\/surf-lessons\/surf-life-saving-es\/super-waterman-curso\/\" class=\"nm-banner-link nm-banner-shop-link\">100\u20ac<\/a><\/div>\r\n\t\t\t\t\t\t<\/div>\r\n\t\t\t\t\t<\/div>\r\n\t\t\t\t<\/div>\r\n\t\t\t<\/div>\r\n\t\t\t<div class=\"nm-banner content-full image-type-fluid has-alt-image text-color-light\" style=\"\"><img decoding=\"async\" src=\"https:\/\/messanges-surf-school.com\/wp-content\/uploads\/2020\/04\/life-saving.jpg\" alt=\"life saving\" \/><img decoding=\"async\" src=\"https:\/\/messanges-surf-school.com\/wp-content\/uploads\/2020\/04\/life-saving.jpg\" class=\"nm-banner-alt-image img\" \/>\r\n\t\t\t\t<div class=\"nm-banner-content\">\r\n\t\t\t\t\t<div class=\"nm-banner-content-inner\">\r\n\t\t\t\t\t\t<div class=\"nm-banner-text h_left v_top align_left\" style=\"\">\r\n\t\t\t\t\t\t\t<div class=\"nm-banner-text-inner\"><h2 class=\"nm-banner-title medium\">Super Waterman Curso<\/h2><h2 class=\"nm-banner-subtitle nm-alt-font\">\u00a1Un curso de 3 d\u00edas para descubrir Life Saving y convertirse en un verdadero Waterman \/ Waterwoman!<\/h2><a href=\"https:\/\/messanges-surf-school.com\/es\/surf-lessons\/surf-life-saving-es\/super-waterman-curso\/\" class=\"nm-banner-link nm-banner-shop-link\">100\u20ac<\/a><\/div>\r\n\t\t\t\t\t\t<\/div>\r\n\t\t\t\t\t<\/div>\r\n\t\t\t\t<\/div>\r\n\t\t\t<\/div><\/div>[\/vc_column][\/vc_row][vc_row][vc_column][vc_single_image image=\u00bb17546&#8243; img_size=\u00bb200&#215;200&#8243; alignment=\u00bbcenter\u00bb][vc_custom_heading text=\u00bbSurf Life Saving\u00bb font_container=\u00bbtag:h1|text_align:center\u00bb use_theme_fonts=\u00bbyes\u00bb][vc_empty_space][vc_column_text]Los cursos \u00abWaterman\u00bb est\u00e1n inspirados en Surf Life Saving, que es una disciplina deportiva profesional de Australia. Apareci\u00f3 en 1902 en Manly Beach (Sydney, Australia) en el momento en que estaba prohibido ba\u00f1arse en el oc\u00e9ano considerado demasiado peligroso. Este deporte, compuesto por diferentes pruebas practicadas entre la playa y el mar, ten\u00eda como objetivo entrenar y crear conciencia sobre el rescate mar\u00edtimo.<\/p>\n<p>Los cursos de Waterman son accesibles desde la edad de 8 a\u00f1os y est\u00e1n dirigidos a todos aquellos que deseen desarrollar su conocimiento del medio marino y sus habilidades f\u00edsicas en el mar, \u00a1mientras se divierten!<\/p>\n<p>Durante estos 3 d\u00edas aprender\u00e1s a ser m\u00e1s aut\u00f3nomo y responsable en el medio marino. Esta iniciaci\u00f3n de 1 o 3 d\u00edas no es de ninguna manera un entrenamiento calificado de primeros auxilios, sino una actividad deportiva y divertida. Estos cursos est\u00e1n dise\u00f1ados para desarrollar el sentido de navegaci\u00f3n y la facilidad acu\u00e1tica de los participantes, surfistas o no, sea cual sea su nivel. Los cursos son divertidos y organizados en forma de aprendizaje t\u00e9cnico, te\u00f3rico y pruebas grupales.<\/p>\n<h3><strong>\u00bfC\u00f3mo me convertir\u00e9 en Waterman \/ Waterwoman?<\/strong><\/h3>\n<ul>\n<li style=\"list-style-type: none;\">\n<ul>Estas son las diferentes disciplinas que descubrir\u00e1 durante estos cursos:<\/ul>\n<ul>\n<li style=\"list-style-type: none;\">\n<ul>\n<li>Teor\u00eda: comprender y conocer mejor el oc\u00e9ano, las olas, el viento, las corrientes, los ba\u00efnes y sus peligros.<\/li>\n<li>Equipamiento espec\u00edfico: uso de la boya tubular y la tabla de paddle.<\/li>\n<li>Bodysurf: surfea las olas solo con tu cuerpo (t\u00e9cnica esencial para cualquier surfista).<\/li>\n<li>Bandera de playa: carrera en la arena, ejercicio de velocidad y de desarrollo de la observaci\u00f3n de los participantes<\/li>\n<\/ul>\n<\/li>\n<\/ul>\n<\/li>\n<\/ul>\n<p>&nbsp;<\/p>\n<h3><strong><img loading=\"lazy\" decoding=\"async\" class=\"size-thumbnail wp-image-18525 alignleft\" src=\"https:\/\/messanges-surf-school.com\/wp-content\/uploads\/2021\/02\/Nicolas-Hyvernat-350x350.jpg\" alt=\"\" width=\"350\" height=\"350\" srcset=\"https:\/\/messanges-surf-school.com\/wp-content\/uploads\/2021\/02\/Nicolas-Hyvernat-350x350.jpg 350w, https:\/\/messanges-surf-school.com\/wp-content\/uploads\/2021\/02\/Nicolas-Hyvernat-100x100.jpg 100w\" sizes=\"auto, (max-width: 350px) 100vw, 350px\" \/>Tu instructor de Surf Life Saving<\/strong><\/h3>\n<p>Nicolas, rescatador apasionado y salvavidas, estar\u00e1 encantado de presentarte Sports Rescue.<\/p>\n<p>Instructor Internacional de Rescate Acu\u00e1tico (Surf Life Saving), BNSSA y Patente Estatal de Lifeguard Swimmer.<\/p>\n<p>Despu\u00e9s de muchos a\u00f1os como voluntario y profesional en primeros auxilios en el mar en Francia y Nueva Zelanda, estar\u00e1 encantado de compartir toda su experiencia para convertirlos en verdaderos amantes del agua.<\/p>\n<p>&nbsp;<\/p>\n<p>&nbsp;<\/p>\n<p>&nbsp;<\/p>\n<p>[\/vc_column_text][vc_empty_space][vc_custom_heading text=\u00bbReserve sus lecciones de Surf Life Saving en linea!\u00bb use_theme_fonts=\u00bbyes\u00bb][\/vc_column][\/vc_row][vc_row content_placement=\u00bbtop\u00bb css=\u00bb.vc_custom_1521151981052{padding-top: 32px !important;padding-bottom: 32px !important;}\u00bb][vc_column][vc_empty_space]<div class=\"woocommerce columns-4 \"><\/div>[\/vc_column][\/vc_row][vc_row css=\u00bb.vc_custom_1521196544411{background-color: #dedede !important;}\u00bb][vc_column width=\u00bb1\/2&#8243;][vc_empty_space][vc_single_image image=\u00bb15740&#8243; alignment=\u00bbcenter\u00bb style=\u00bbvc_box_circle_2&#8243;][vc_empty_space][vc_custom_heading text=\u00bbDemande d&#8217;informations\u00bb font_container=\u00bbtag:h2|text_align:center\u00bb use_theme_fonts=\u00bbyes\u00bb][vc_empty_space][vc_column_text]<\/p>\n<p style=\"text-align: center;\">Vous souhaitez obtenir plus d&#8217;informations sur nos cours et stages de surf : tarifs, disponibilit\u00e9s, demandes particuli\u00e8res ?<\/p>\n<p style=\"text-align: center;\">Merci de remplir le formulaire ci-contre :<\/p>\n<p>[\/vc_column_text][\/vc_column][vc_column width=\u00bb1\/2&#8243;][vc_empty_space]\n<div class=\"wpcf7 no-js\" id=\"wpcf7-f15388-o1\" lang=\"fr-FR\" dir=\"ltr\" data-wpcf7-id=\"15388\">\n<div class=\"screen-reader-response\"><p role=\"status\" aria-live=\"polite\" aria-atomic=\"true\"><\/p> <ul><\/ul><\/div>\n<form action=\"\/es\/wp-json\/wp\/v2\/pages\/17407#wpcf7-f15388-o1\" method=\"post\" class=\"wpcf7-form init\" aria-label=\"Formulaire de contact\" novalidate=\"novalidate\" data-status=\"init\">\n<fieldset class=\"hidden-fields-container\"><input type=\"hidden\" name=\"_wpcf7\" value=\"15388\" \/><input type=\"hidden\" name=\"_wpcf7_version\" value=\"6.1.5\" \/><input type=\"hidden\" name=\"_wpcf7_locale\" value=\"fr_FR\" \/><input type=\"hidden\" name=\"_wpcf7_unit_tag\" value=\"wpcf7-f15388-o1\" \/><input type=\"hidden\" name=\"_wpcf7_container_post\" value=\"0\" \/><input type=\"hidden\" name=\"_wpcf7_posted_data_hash\" value=\"\" \/><input type=\"hidden\" name=\"_wpcf7_recaptcha_response\" value=\"\" \/>\n<\/fieldset>\n<p class=\"ui input icon\"><span class=\"wpcf7-form-control-wrap\" data-name=\"your-name\"><input size=\"40\" maxlength=\"400\" class=\"wpcf7-form-control wpcf7-text wpcf7-validates-as-required\" aria-required=\"true\" aria-invalid=\"false\" placeholder=\"Nom, pr\u00e9nom\" value=\"\" type=\"text\" name=\"your-name\" \/><\/span><i class=\"icon user myblue\"><\/i>\n<\/p>\n<p class=\"ui input icon\"><span class=\"wpcf7-form-control-wrap\" data-name=\"your-email\"><input size=\"40\" maxlength=\"400\" class=\"wpcf7-form-control wpcf7-email wpcf7-validates-as-required wpcf7-text wpcf7-validates-as-email\" aria-required=\"true\" aria-invalid=\"false\" placeholder=\"Email\" value=\"\" type=\"email\" name=\"your-email\" \/><\/span><i class=\"icon mail myblue\"><\/i>\n<\/p>\n<p class=\"ui input\"><label for=\"adultes\">Nombre adultes & enfants > 8 ans<\/label><span class=\"wpcf7-form-control-wrap\" data-name=\"adultes\"><select class=\"wpcf7-form-control wpcf7-select\" id=\"adultes\" aria-invalid=\"false\" name=\"adultes\"><option value=\"0\">0<\/option><option value=\"1\">1<\/option><option value=\"2\">2<\/option><option value=\"3\">3<\/option><option value=\"4\">4<\/option><option value=\"5\">5<\/option><option value=\"6\">6<\/option><option value=\"7\">7<\/option><option value=\"8\">8<\/option><option value=\"9\">9<\/option><option value=\"10\">10<\/option><\/select><\/span>\n<\/p>\n<p class=\"ui input\"><label for=\"enfants\">Nombre enfants <= 8 ans<\/label><span class=\"wpcf7-form-control-wrap\" data-name=\"enfants\"><select class=\"wpcf7-form-control wpcf7-select\" id=\"enfants\" aria-invalid=\"false\" name=\"enfants\"><option value=\"0\">0<\/option><option value=\"1\">1<\/option><option value=\"2\">2<\/option><option value=\"3\">3<\/option><option value=\"4\">4<\/option><option value=\"5\">5<\/option><option value=\"6\">6<\/option><option value=\"7\">7<\/option><option value=\"8\">8<\/option><option value=\"9\">9<\/option><option value=\"10\">10<\/option><\/select><\/span>\n<\/p>\n<p class=\"ui input\"><label for=\"cours\">Nombre de cours<\/label><span class=\"wpcf7-form-control-wrap\" data-name=\"cours\"><select class=\"wpcf7-form-control wpcf7-select\" id=\"cours\" aria-invalid=\"false\" name=\"cours\"><option value=\"1\">1<\/option><option value=\"2\">2<\/option><option value=\"3\">3<\/option><option value=\"4\">4<\/option><option value=\"5\">5<\/option><option value=\"6\">6<\/option><option value=\"7\">7<\/option><option value=\"8\">8<\/option><option value=\"9\">9<\/option><option value=\"10\">10<\/option><\/select><\/span>\n<\/p>\n<p class=\"\"ui input\"><label for=\"arrivee\">Votre date d'arriv\u00e9e<\/label><span class=\"wpcf7-form-control-wrap date-492\"><input size=\"40\" class=\"wpcf7-form-control wpcf7-date\" type=\"text\" value=\"\" name=\"date-492\" \/> <\/span>\n<\/p>\n<p class=\"ui input\"><span class=\"wpcf7-form-control-wrap\" data-name=\"your-message\"><textarea cols=\"40\" rows=\"10\" maxlength=\"2000\" class=\"wpcf7-form-control wpcf7-textarea\" aria-invalid=\"false\" placeholder=\"Message\" name=\"your-message\"><\/textarea><\/span>\n<\/p>\n<p><small class=\"rgpd_consent_wrap\">Ce formulaire est prot\u00e9g\u00e9 par reCAPTCHA de Google, voir <a href=\"https:\/\/policies.google.com\/privacy\">les r\u00e8gles de confidentialit\u00e9<\/a> et <a href=\"https:\/\/policies.google.com\/terms\">les conditions d'utilisation<\/a>.<\/small>\n<\/p>\n<p class=\"\"><input class=\"wpcf7-form-control wpcf7-submit has-spinner\" type=\"submit\" value=\"Envoyer\" \/>\n<\/p><div class=\"wpcf7-response-output\" aria-hidden=\"true\"><\/div>\n<\/form>\n<\/div>\n[\/vc_column][\/vc_row]<\/p>\n","protected":false},"excerpt":{"rendered":"<p>[vc_row type=\u00bbfull-nopad\u00bb][vc_column][\/vc_column][\/vc_row][vc_row][vc_column][vc_single_image image=\u00bb17546&#8243; img_size=\u00bb200&#215;200&#8243; alignment=\u00bbcenter\u00bb][vc_custom_heading text=\u00bbSurf Life Saving\u00bb font_container=\u00bbtag:h1|text_align:center\u00bb use_theme_fonts=\u00bbyes\u00bb][vc_empty_space][vc_column_text]Los cursos \u00abWaterman\u00bb est\u00e1n inspirados en Surf Life Saving, que es una disciplina deportiva profesional de Australia. Apareci\u00f3 en 1902 en Manly Beach (Sydney, Australia) en el momento en que estaba prohibido ba\u00f1arse en el oc\u00e9ano considerado demasiado peligroso. Este deporte, compuesto por diferentes pruebas practicadas &hellip;<\/p>\n","protected":false},"author":4,"featured_media":0,"parent":0,"menu_order":35,"comment_status":"closed","ping_status":"closed","template":"page-full.php","meta":{"_acf_changed":false,"footnotes":""},"class_list":["post-17407","page","type-page","status-publish","hentry"],"acf":[],"yoast_head":"<!-- This site is optimized with the Yoast SEO plugin v27.3 - https:\/\/yoast.com\/product\/yoast-seo-wordpress\/ -->\n<title>Cours de Surf et Stage Surf \u00e0 Messanges entre Vieux Boucau &amp; Moliets<\/title>\n<meta name=\"description\" content=\"Messanges Surf School vous proposent des cours de surf et stages de surf sur les plages de Messanges, Vieux Boucau &amp; Moliets dans les Landes.\" \/>\n<meta name=\"robots\" content=\"index, follow, max-snippet:-1, max-image-preview:large, max-video-preview:-1\" \/>\n<link rel=\"canonical\" href=\"https:\/\/messanges-surf-school.com\/es\/surf-life-saving\/\" \/>\n<meta property=\"og:locale\" content=\"es_ES\" \/>\n<meta property=\"og:type\" content=\"article\" \/>\n<meta property=\"og:title\" content=\"Cours de Surf et Stage Surf \u00e0 Messanges entre Vieux Boucau &amp; Moliets\" \/>\n<meta property=\"og:description\" content=\"Messanges Surf School vous proposent des cours de surf et stages de surf sur les plages de Messanges, Vieux Boucau &amp; Moliets dans les Landes.\" \/>\n<meta property=\"og:url\" content=\"https:\/\/messanges-surf-school.com\/es\/surf-life-saving\/\" \/>\n<meta property=\"og:site_name\" content=\"Messanges Surf School - Landes\" \/>\n<meta property=\"article:publisher\" content=\"https:\/\/www.facebook.com\/Messanges-Surf-School-167386058067\/\" \/>\n<meta property=\"article:modified_time\" content=\"2021-04-02T14:22:09+00:00\" \/>\n<meta property=\"og:image\" content=\"https:\/\/messanges-surf-school.com\/wp-content\/uploads\/2021\/02\/Nicolas-Hyvernat-350x350.jpg\" \/>\n<meta name=\"twitter:label1\" content=\"Tiempo de lectura\" \/>\n\t<meta name=\"twitter:data1\" content=\"4 minutos\" \/>\n<script type=\"application\/ld+json\" class=\"yoast-schema-graph\">{\"@context\":\"https:\\\/\\\/schema.org\",\"@graph\":[{\"@type\":\"WebPage\",\"@id\":\"https:\\\/\\\/messanges-surf-school.com\\\/es\\\/surf-life-saving\\\/\",\"url\":\"https:\\\/\\\/messanges-surf-school.com\\\/es\\\/surf-life-saving\\\/\",\"name\":\"Cours de Surf et Stage Surf \u00e0 Messanges entre Vieux Boucau & Moliets\",\"isPartOf\":{\"@id\":\"https:\\\/\\\/messanges-surf-school.com\\\/de\\\/#website\"},\"primaryImageOfPage\":{\"@id\":\"https:\\\/\\\/messanges-surf-school.com\\\/es\\\/surf-life-saving\\\/#primaryimage\"},\"image\":{\"@id\":\"https:\\\/\\\/messanges-surf-school.com\\\/es\\\/surf-life-saving\\\/#primaryimage\"},\"thumbnailUrl\":\"https:\\\/\\\/messanges-surf-school.com\\\/wp-content\\\/uploads\\\/2021\\\/02\\\/Nicolas-Hyvernat-350x350.jpg\",\"datePublished\":\"2020-04-08T09:30:06+00:00\",\"dateModified\":\"2021-04-02T14:22:09+00:00\",\"description\":\"Messanges Surf School vous proposent des cours de surf et stages de surf sur les plages de Messanges, Vieux Boucau & Moliets dans les Landes.\",\"breadcrumb\":{\"@id\":\"https:\\\/\\\/messanges-surf-school.com\\\/es\\\/surf-life-saving\\\/#breadcrumb\"},\"inLanguage\":\"es\",\"potentialAction\":[{\"@type\":\"ReadAction\",\"target\":[\"https:\\\/\\\/messanges-surf-school.com\\\/es\\\/surf-life-saving\\\/\"]}]},{\"@type\":\"ImageObject\",\"inLanguage\":\"es\",\"@id\":\"https:\\\/\\\/messanges-surf-school.com\\\/es\\\/surf-life-saving\\\/#primaryimage\",\"url\":\"https:\\\/\\\/messanges-surf-school.com\\\/wp-content\\\/uploads\\\/2021\\\/02\\\/Nicolas-Hyvernat-350x350.jpg\",\"contentUrl\":\"https:\\\/\\\/messanges-surf-school.com\\\/wp-content\\\/uploads\\\/2021\\\/02\\\/Nicolas-Hyvernat-350x350.jpg\"},{\"@type\":\"BreadcrumbList\",\"@id\":\"https:\\\/\\\/messanges-surf-school.com\\\/es\\\/surf-life-saving\\\/#breadcrumb\",\"itemListElement\":[{\"@type\":\"ListItem\",\"position\":1,\"name\":\"Home\",\"item\":\"https:\\\/\\\/messanges-surf-school.com\\\/es\\\/\"},{\"@type\":\"ListItem\",\"position\":2,\"name\":\"Surf Life Saving\"}]},{\"@type\":\"WebSite\",\"@id\":\"https:\\\/\\\/messanges-surf-school.com\\\/de\\\/#website\",\"url\":\"https:\\\/\\\/messanges-surf-school.com\\\/de\\\/\",\"name\":\"Cours et stages de surf dans les Landes - Messanges Surf School\",\"description\":\"Aprender a hacer surf en Messanges\",\"potentialAction\":[{\"@type\":\"SearchAction\",\"target\":{\"@type\":\"EntryPoint\",\"urlTemplate\":\"https:\\\/\\\/messanges-surf-school.com\\\/de\\\/?s={search_term_string}\"},\"query-input\":{\"@type\":\"PropertyValueSpecification\",\"valueRequired\":true,\"valueName\":\"search_term_string\"}}],\"inLanguage\":\"es\"}]}<\/script>\n<!-- \/ Yoast SEO plugin. -->","yoast_head_json":{"title":"Cours de Surf et Stage Surf \u00e0 Messanges entre Vieux Boucau & Moliets","description":"Messanges Surf School vous proposent des cours de surf et stages de surf sur les plages de Messanges, Vieux Boucau & Moliets dans les Landes.","robots":{"index":"index","follow":"follow","max-snippet":"max-snippet:-1","max-image-preview":"max-image-preview:large","max-video-preview":"max-video-preview:-1"},"canonical":"https:\/\/messanges-surf-school.com\/es\/surf-life-saving\/","og_locale":"es_ES","og_type":"article","og_title":"Cours de Surf et Stage Surf \u00e0 Messanges entre Vieux Boucau & Moliets","og_description":"Messanges Surf School vous proposent des cours de surf et stages de surf sur les plages de Messanges, Vieux Boucau & Moliets dans les Landes.","og_url":"https:\/\/messanges-surf-school.com\/es\/surf-life-saving\/","og_site_name":"Messanges Surf School - Landes","article_publisher":"https:\/\/www.facebook.com\/Messanges-Surf-School-167386058067\/","article_modified_time":"2021-04-02T14:22:09+00:00","og_image":[{"url":"https:\/\/messanges-surf-school.com\/wp-content\/uploads\/2021\/02\/Nicolas-Hyvernat-350x350.jpg","type":"","width":"","height":""}],"twitter_misc":{"Tiempo de lectura":"4 minutos"},"schema":{"@context":"https:\/\/schema.org","@graph":[{"@type":"WebPage","@id":"https:\/\/messanges-surf-school.com\/es\/surf-life-saving\/","url":"https:\/\/messanges-surf-school.com\/es\/surf-life-saving\/","name":"Cours de Surf et Stage Surf \u00e0 Messanges entre Vieux Boucau & Moliets","isPartOf":{"@id":"https:\/\/messanges-surf-school.com\/de\/#website"},"primaryImageOfPage":{"@id":"https:\/\/messanges-surf-school.com\/es\/surf-life-saving\/#primaryimage"},"image":{"@id":"https:\/\/messanges-surf-school.com\/es\/surf-life-saving\/#primaryimage"},"thumbnailUrl":"https:\/\/messanges-surf-school.com\/wp-content\/uploads\/2021\/02\/Nicolas-Hyvernat-350x350.jpg","datePublished":"2020-04-08T09:30:06+00:00","dateModified":"2021-04-02T14:22:09+00:00","description":"Messanges Surf School vous proposent des cours de surf et stages de surf sur les plages de Messanges, Vieux Boucau & Moliets dans les Landes.","breadcrumb":{"@id":"https:\/\/messanges-surf-school.com\/es\/surf-life-saving\/#breadcrumb"},"inLanguage":"es","potentialAction":[{"@type":"ReadAction","target":["https:\/\/messanges-surf-school.com\/es\/surf-life-saving\/"]}]},{"@type":"ImageObject","inLanguage":"es","@id":"https:\/\/messanges-surf-school.com\/es\/surf-life-saving\/#primaryimage","url":"https:\/\/messanges-surf-school.com\/wp-content\/uploads\/2021\/02\/Nicolas-Hyvernat-350x350.jpg","contentUrl":"https:\/\/messanges-surf-school.com\/wp-content\/uploads\/2021\/02\/Nicolas-Hyvernat-350x350.jpg"},{"@type":"BreadcrumbList","@id":"https:\/\/messanges-surf-school.com\/es\/surf-life-saving\/#breadcrumb","itemListElement":[{"@type":"ListItem","position":1,"name":"Home","item":"https:\/\/messanges-surf-school.com\/es\/"},{"@type":"ListItem","position":2,"name":"Surf Life Saving"}]},{"@type":"WebSite","@id":"https:\/\/messanges-surf-school.com\/de\/#website","url":"https:\/\/messanges-surf-school.com\/de\/","name":"Cours et stages de surf dans les Landes - Messanges Surf School","description":"Aprender a hacer surf en Messanges","potentialAction":[{"@type":"SearchAction","target":{"@type":"EntryPoint","urlTemplate":"https:\/\/messanges-surf-school.com\/de\/?s={search_term_string}"},"query-input":{"@type":"PropertyValueSpecification","valueRequired":true,"valueName":"search_term_string"}}],"inLanguage":"es"}]}},"_links":{"self":[{"href":"https:\/\/messanges-surf-school.com\/es\/wp-json\/wp\/v2\/pages\/17407","targetHints":{"allow":["GET"]}}],"collection":[{"href":"https:\/\/messanges-surf-school.com\/es\/wp-json\/wp\/v2\/pages"}],"about":[{"href":"https:\/\/messanges-surf-school.com\/es\/wp-json\/wp\/v2\/types\/page"}],"author":[{"embeddable":true,"href":"https:\/\/messanges-surf-school.com\/es\/wp-json\/wp\/v2\/users\/4"}],"replies":[{"embeddable":true,"href":"https:\/\/messanges-surf-school.com\/es\/wp-json\/wp\/v2\/comments?post=17407"}],"version-history":[{"count":0,"href":"https:\/\/messanges-surf-school.com\/es\/wp-json\/wp\/v2\/pages\/17407\/revisions"}],"wp:attachment":[{"href":"https:\/\/messanges-surf-school.com\/es\/wp-json\/wp\/v2\/media?parent=17407"}],"curies":[{"name":"wp","href":"https:\/\/api.w.org\/{rel}","templated":true}]}}