{"id":391,"date":"2013-11-06T11:41:21","date_gmt":"2013-11-06T10:41:21","guid":{"rendered":"https:\/\/messanges-surf-school.com\/\/?page_id=391"},"modified":"2022-06-08T17:17:46","modified_gmt":"2022-06-08T16:17:46","slug":"tourism","status":"publish","type":"page","link":"https:\/\/messanges-surf-school.com\/en\/tourism\/","title":{"rendered":"Tourism"},"content":{"rendered":"<p>[vc_row type=&#8221;full-nopad&#8221;][vc_column]<div class=\"nm-banner-slider slider-type-full slick-slider slick-controls-dark slick-dots-inside\" data-arrows=\"true\" data-dots=\"true\" >\r\n\t\t\t<div class=\"nm-banner content-full image-type-fluid has-alt-image text-color-light\" style=\"\"><img decoding=\"async\" src=\"https:\/\/messanges-surf-school.com\/wp-content\/uploads\/2018\/03\/IMG_7697-1.jpg\" alt=\"IMG_7697\" \/><img decoding=\"async\" src=\"https:\/\/messanges-surf-school.com\/wp-content\/uploads\/2018\/03\/tourisme-mobile.jpg\" class=\"nm-banner-alt-image img\" \/>\r\n\t\t\t\t<div class=\"nm-banner-content\">\r\n\t\t\t\t\t<div class=\"nm-banner-content-inner\">\r\n\t\t\t\t\t\t<div class=\"nm-banner-text h_left v_top align_left\" style=\"padding: 10% 10% 0 10% ;\">\r\n\t\t\t\t\t\t\t<div class=\"nm-banner-text-inner\"><h1 class=\"nm-banner-title medium\">Discover the landes<\/h1><h2 class=\"nm-banner-subtitle nm-alt-font\">Between forest, lakes and ocean<\/h2><\/div>\r\n\t\t\t\t\t\t<\/div>\r\n\t\t\t\t\t<\/div>\r\n\t\t\t\t<\/div>\r\n\t\t\t<\/div>\r\n\t\t\t<div class=\"nm-banner content-full image-type-fluid has-alt-image text-color-light\" style=\"\"><img decoding=\"async\" src=\"https:\/\/messanges-surf-school.com\/wp-content\/uploads\/2018\/03\/IMG_1781_lulu-1.jpg\" alt=\"IMG_1781_lulu\" \/><img decoding=\"async\" src=\"https:\/\/messanges-surf-school.com\/wp-content\/uploads\/2018\/03\/plage-tourisme-mobile.jpg\" class=\"nm-banner-alt-image img\" \/>\r\n\t\t\t\t<div class=\"nm-banner-content\">\r\n\t\t\t\t\t<div class=\"nm-banner-content-inner\">\r\n\t\t\t\t\t\t<div class=\"nm-banner-text h_center v_center align_left\" style=\"\">\r\n\t\t\t\t\t\t\t<div class=\"nm-banner-text-inner\"><h2 class=\"nm-banner-title medium\">Guaranteed relaxation<\/h2><h2 class=\"nm-banner-subtitle nm-alt-font\">The feet in water<\/h2><\/div>\r\n\t\t\t\t\t\t<\/div>\r\n\t\t\t\t\t<\/div>\r\n\t\t\t\t<\/div>\r\n\t\t\t<\/div>\r\n\t\t\t<div class=\"nm-banner content-full image-type-fluid text-color-light\" style=\"\"><a href=\"http:\/\/iclope.cluster013.ovh.net\/messanges2018\/en\/surfcamp-en\/\" class=\"nm-banner-link nm-banner-link-full\"><img decoding=\"async\" src=\"https:\/\/messanges-surf-school.com\/wp-content\/uploads\/2018\/03\/P1070970-1.jpg\" alt=\"P1070970\" \/>\r\n\t\t\t\t<div class=\"nm-banner-content\">\r\n\t\t\t\t\t<div class=\"nm-banner-content-inner\">\r\n\t\t\t\t\t\t<div class=\"nm-banner-text h_left v_top align_left\" style=\"\">\r\n\t\t\t\t\t\t\t<div class=\"nm-banner-text-inner\"><h2 class=\"nm-banner-title medium\">Find the accommodation that's right for you<\/h2><h2 class=\"nm-banner-subtitle nm-alt-font\">Campings, villas, surfcamp<\/h2><\/div>\r\n\t\t\t\t\t\t<\/div>\r\n\t\t\t\t\t<\/div>\r\n\t\t\t\t<\/div><\/a>\r\n\t\t\t<\/div><\/div>[\/vc_column][\/vc_row][vc_row css=&#8221;.vc_custom_1519638289628{background-color: #ebebeb !important;}&#8221;][vc_column][vc_empty_space][vc_custom_heading text=&#8221;Messanges, ocean of nature&#8221; font_container=&#8221;tag:h1|text_align:center&#8221; use_theme_fonts=&#8221;yes&#8221;][vc_empty_space][vc_column_text]<\/p>\n<p style=\"text-align: center;\">Our Gascon little village welcomes you between sea and forest for a happy holiday with family and friends: surfing on the famous french Atlantic Coast, lazing on the beach, party in local festivals and enjoy entertainments in Messanges and Vieux-Boucau, romantic sunsets with feet in the sand, local markets and craft, nice little restaurants \u2026<\/p>\n<p>[\/vc_column_text][vc_empty_space][\/vc_column][\/vc_row][vc_row][vc_column][vc_empty_space]\r\n\t\t\t<div class=\"nm-feature layout-centered icon-style-image-default bottom-spacing-medium\"><div class=\"nm-feature-icon\"><img decoding=\"async\" src=\"https:\/\/messanges-surf-school.com\/wp-content\/uploads\/2018\/03\/IMG_2986-1.jpg\" alt=\"\" \/><\/div>\r\n\t\t\t\t<div class=\"nm-feature-content\">\r\n\t\t\t\t\t<div class=\"wpb_text_column\"><p style=\"text-align: center;\">Sable fin, soleil, oc\u00e9an\u2026 un r\u00eave \u00e0 port\u00e9e de tongs sur la plage de Messanges Sud pour partager de vraies vacances reposantes et ressour\u00e7antes\u2026 Des plages surveill\u00e9es pendant l\u2019\u00e9t\u00e9 pour votre s\u00e9curit\u00e9, une \u00e9cole de surf pour faire connaissance avec l\u2019oc\u00e9an et vous initier aux joies de la glisse\u2026<\/p>\n<\/div>\r\n\t\t\t\t<\/div>\r\n\t\t\t<\/div>[\/vc_column][\/vc_row][vc_row][vc_column][vc_empty_space][\/vc_column][\/vc_row][vc_row content_placement=&#8221;middle&#8221;][vc_column width=&#8221;1\/4&#8243;][vc_single_image image=&#8221;16156&#8243; img_size=&#8221;300&#215;300&#8243; alignment=&#8221;center&#8221;][\/vc_column][vc_column width=&#8221;3\/4&#8243;][vc_column_text]<\/p>\n<h2>Charm of the Landes beaches<\/h2>\n<p>Sea, sand and sun\u2026 a dream within reach of flip flops on the South beach of fine sand in Messanges to spend real holiday, relax and recharge batteries\u2026 Supervised beaches during the summer for your safety, a surf school to get acquainted with the ocean and introduce you to the joys of surfing\u2026<\/p>\n<p>[\/vc_column_text][\/vc_column][\/vc_row][vc_row][vc_column][vc_empty_space][vc_empty_space][\/vc_column][\/vc_row][vc_row content_placement=&#8221;middle&#8221;][vc_column width=&#8221;2\/3&#8243;][vc_column_text]<\/p>\n<h2>Cycling on the bike path and mountain biking<\/h2>\n<p>The old railway line linking Soustons to Leon has been transformed into a bike path and offers a nice stroll to the heart of the Landes forest. You can ride a bicycle safely with family and discover the ancient small stations rehabilitated along the way and have a few gastronomic and artistic stops.<br \/>\nYou can also discover our beautiful region by mountain biking through the Landes forest or other circuits a little more inland and in the Basque Country with routes for all levels.<\/p>\n<h2>Pleasure of senses and Art<\/h2>\n<p>You will enjoy a few moments of sweetness in the pine forest: sun light through trees creates an unreal atmosphere, colors ferns and gorse, and awakens nice fragance of pinewood.\u00a0Enjoy your holiday time and visit our local artists:<br \/>\nUlla at the <a title=\"poterie heron messanges\" href=\"http:\/\/poterieduheron.com\/\" target=\"_blank\" rel=\"noopener\">Poterie du H\u00e9ron<\/a> in Messanges,<br \/>\nMarie and her artist studio of jewelry design <a title=\"piok leon\" href=\"http:\/\/www.piok.fr\/\" target=\"_blank\" rel=\"noopener\">Piok<\/a> in L\u00e9on,<br \/>\nDidier, talented, <a href=\"http:\/\/lartcestvous.over-blog.com\/albums.html\" target=\"_blank\" rel=\"noopener\">sculptor<\/a> from Messanges\u2026<\/p>\n<blockquote><p>&nbsp;<\/p><\/blockquote>\n<p>[\/vc_column_text][\/vc_column][vc_column width=&#8221;1\/3&#8243;][vc_single_image image=&#8221;16160&#8243; img_size=&#8221;300&#215;300&#8243; alignment=&#8221;center&#8221;][\/vc_column][\/vc_row][vc_row][vc_column][vc_empty_space][\/vc_column][\/vc_row][vc_row content_placement=&#8221;top&#8221;][vc_column width=&#8221;1\/4&#8243;][vc_empty_space][vc_single_image image=&#8221;16164&#8243; img_size=&#8221;300&#215;300&#8243; alignment=&#8221;center&#8221;][\/vc_column][vc_column width=&#8221;3\/4&#8243;][vc_column_text]<\/p>\n<h2>Nature at its purest<\/h2>\n<p>Also discover our rivers, lakes and marshes and their secrets: on foot, by boat or canoe, you can discover these unusual and unspoiled places.<\/p>\n<p>Discover the extension of the natural reserve of Huchet with <a href=\"http:\/\/www.ofildelo.eu\/\" target=\"_blank\" rel=\"noopener\">Au Fil de l&#8217;Eau<\/a>&#8230;<\/p>\n<h2>Fishing<\/h2>\n<p>You will go and explore our rivers, lakes and marshes and their secrets: on foot, by boat or canoe, you can discover these unusual and unspoiled places.<\/p>\n<h2>Golf<\/h2>\n<p>Messanges is about 3km from the <a href=\"http:\/\/www.golfmoliets.com\/\" target=\"_blank\" rel=\"noopener\">Golf of Moliets<\/a> and with 9 and 18 holes along the ocean in an idyllic area.<\/p>\n<blockquote><p>&nbsp;<\/p><\/blockquote>\n<p>[\/vc_column_text][\/vc_column][\/vc_row][vc_row][vc_column][vc_empty_space][\/vc_column][\/vc_row][vc_row][vc_column][vc_column_text]<\/p>\n<h2>Local Gascony Food<\/h2>\n<p>When you\u2019ll visit us, we will recommand you some places not to be missed in Messanges and around to rhave delicious gascone food and other sweets\u2026<\/p>\n<h2>Some places to discover around<\/h2>\n<p>Capbreton and its fishing port<br \/>\nHossegor, European capital of surfing with its nice seafront in Basque-Gascony style<br \/>\nDax, Roman and spa town<br \/>\nBayonne and its picturesque old town where you can enjoy a delicious axoa<br \/>\nBiarritz, beautiful and proud on its rock<br \/>\nSt Jean de Luz, St Jean Pied de Port and other remarkable cities and villages of interest<\/p>\n<h2>Join Messanges<\/h2>\n<p>To join the surf school or the surfcamp (CBE HOrizon) from the train station of Dax: : take regional bus <a href=\"https:\/\/www.rdtl.fr\/index.php?niveau_id=102&amp;niveau=2\" target=\"_blank\" rel=\"noopener\">RDTL\u00a0<\/a> and the local bus\u00a0<a href=\"https:\/\/www.mobi-macs.org\/yego.html\" target=\"_blank\" rel=\"noopener\">YEGO<\/a><\/p>\n<p>Book your transfers from Bordeaux &amp; Biarritz airports and Dax train station with <a href=\"https:\/\/westcoasttransfers.com\/\" target=\"_blank\" rel=\"noopener\">West Coast Transferts<\/a>, they propose <a href=\"https:\/\/westcoasttransfers.com\/shuttle\">shuttles<\/a> (do not hesitate to ask for a discount code they offer to our clients).<\/p>\n<h2>Where to stay in Messanges?<\/h2>\n<p>Many campsites offer quality services for all your needs \u2026<\/p>\n<p><a href=\"https:\/\/www.cbe-horizon.fr\/centre-vacances-vieux-boucau-landes\" target=\"_blank\" rel=\"noopener\">CBE Horizon<\/a> welcomes your groupes in a nice holiday center next to the sea lake of Vieux-Boucau.<\/p>\n<blockquote><p>The <a href=\"http:\/\/www.albretplage.fr\/\" target=\"_blank\" rel=\"noopener\">Camping Albret Plage<\/a>*** welcomes you in a wooden area with direct access to the beach of Messanges Surf School<\/p>\n<p>A friendly welcome from Bernard &amp; Marylis in a comfortable campsite <a href=\"http:\/\/www.campinglacote.com\/\" target=\"_blank\" rel=\"noopener\">Camping de la C\u00f4te<\/a>**** roughly 1km to the surf school<\/p>\n<p>Exceptional and friendly atmosphere for <a href=\"http:\/\/www.lesacacias.com\/\" target=\"_blank\" rel=\"noopener\">Camping Les Acacias<\/a>***<\/p><\/blockquote>\n<p><a href=\"http:\/\/www.levieuxport.com\/\" target=\"_blank\" rel=\"noopener\">Camping Le Vieux Port<\/a>***** welcomes you in a family wooded park with direct access to the beach of Messanges Surf School<\/p>\n<p><a href=\"http:\/\/www.loupignada.com\/\" target=\"_blank\" rel=\"noopener\">Camping Lou Pignada<\/a>***** with easy access to the beach by the cycle path<\/p>\n<blockquote><p>Anne-Marie and Sandrine will greet you with a warm welcome and a good Gascony Landes mind at <a href=\"http:\/\/www.camping-lemoussaillon.fr\/\" target=\"_blank\" rel=\"noopener\">Camping Le Moussaillon<\/a>***<\/p><\/blockquote>\n<p>You can also enjoy the comfort of beautiful villas between forest and ocean \u2026<\/p>\n<p>Villa <a href=\"https:\/\/lahari.fr\/en\/\" target=\"_blank\" rel=\"noopener\">Lahari<\/a>, a lovely villa made of wood with pure lines in the heart of nature<\/p>\n<p>3 beautiful villas in Messanges where you live in harmony with nature\u2026 <a href=\"http:\/\/www.lavilladeslandes.com\/\" target=\"_blank\" rel=\"noopener\">La Villa des Landes<\/a>, <a href=\"http:\/\/www.lavilladesbois.eu\/\" target=\"_blank\" rel=\"noopener\">La Villa des Bois<\/a> and <a href=\"http:\/\/www.lavilladugolf.fr\/\" target=\"_blank\" rel=\"noopener\">La Villa du Golf<\/a><\/p>\n<p><img loading=\"lazy\" decoding=\"async\" class=\"size-full wp-image-1552 alignleft rounded white\" style=\"border: 1px solid black; margin: 10px;\" src=\"https:\/\/messanges-surf-school.com\/wp-content\/uploads\/2013\/11\/tourisme-coucher-soleil-ocean.jpg\" alt=\"coucher soleil landes\" width=\"165\" height=\"165\" srcset=\"https:\/\/messanges-surf-school.com\/wp-content\/uploads\/2013\/11\/tourisme-coucher-soleil-ocean.jpg 165w, https:\/\/messanges-surf-school.com\/wp-content\/uploads\/2013\/11\/tourisme-coucher-soleil-ocean-150x150.jpg 150w, https:\/\/messanges-surf-school.com\/wp-content\/uploads\/2013\/11\/tourisme-coucher-soleil-ocean-100x100.jpg 100w, https:\/\/messanges-surf-school.com\/wp-content\/uploads\/2013\/11\/tourisme-coucher-soleil-ocean-90x90.jpg 90w, https:\/\/messanges-surf-school.com\/wp-content\/uploads\/2013\/11\/tourisme-coucher-soleil-ocean-105x105.jpg 105w\" sizes=\"auto, (max-width: 165px) 100vw, 165px\" \/><\/p>\n<h2>To find out more\u2026<\/h2>\n<p><a href=\"http:\/\/www.ot-messanges.fr\/\" target=\"_blank\" rel=\"noopener\">Tourism office of Messanges<\/a>[\/vc_column_text][vc_empty_space][\/vc_column][\/vc_row]<\/p>\n","protected":false},"excerpt":{"rendered":"<p>[vc_row type=&#8221;full-nopad&#8221;][vc_column][\/vc_column][\/vc_row][vc_row css=&#8221;.vc_custom_1519638289628{background-color: #ebebeb !important;}&#8221;][vc_column][vc_empty_space][vc_custom_heading text=&#8221;Messanges, ocean of nature&#8221; font_container=&#8221;tag:h1|text_align:center&#8221; use_theme_fonts=&#8221;yes&#8221;][vc_empty_space][vc_column_text] Our Gascon little village welcomes you between sea and forest for a happy holiday with family and friends: surfing on the famous french Atlantic Coast, lazing on the beach, party in local festivals and enjoy entertainments in Messanges and Vieux-Boucau, romantic sunsets with feet &hellip;<\/p>\n","protected":false},"author":4,"featured_media":0,"parent":0,"menu_order":109,"comment_status":"closed","ping_status":"closed","template":"page-full.php","meta":{"_acf_changed":false,"footnotes":""},"class_list":["post-391","page","type-page","status-publish","hentry"],"acf":[],"yoast_head":"<!-- This site is optimized with the Yoast SEO plugin v27.3 - https:\/\/yoast.com\/product\/yoast-seo-wordpress\/ -->\n<title>Surf stay in Messanges for your holidays in the Landes (40)<\/title>\n<meta name=\"description\" content=\"Want a holiday in the Landes? Surf on the Landes beaches, gastronomy, nature ... Discover the good plans for your stay.\" \/>\n<meta name=\"robots\" content=\"index, follow, max-snippet:-1, max-image-preview:large, max-video-preview:-1\" \/>\n<link rel=\"canonical\" href=\"https:\/\/messanges-surf-school.com\/en\/tourism\/\" \/>\n<meta property=\"og:locale\" content=\"en_US\" \/>\n<meta property=\"og:type\" content=\"article\" \/>\n<meta property=\"og:title\" content=\"Surf stay in Messanges for your holidays in the Landes (40)\" \/>\n<meta property=\"og:description\" content=\"Want a holiday in the Landes? Surf on the Landes beaches, gastronomy, nature ... Discover the good plans for your stay.\" \/>\n<meta property=\"og:url\" content=\"https:\/\/messanges-surf-school.com\/en\/tourism\/\" \/>\n<meta property=\"og:site_name\" content=\"Surf lessons at Messanges Surf School - Landes\" \/>\n<meta property=\"article:publisher\" content=\"https:\/\/www.facebook.com\/Messanges-Surf-School-167386058067\/\" \/>\n<meta property=\"article:modified_time\" content=\"2022-06-08T16:17:46+00:00\" \/>\n<meta property=\"og:image\" content=\"https:\/\/messanges-surf-school.com\/wp-content\/uploads\/2013\/11\/tourisme-coucher-soleil-ocean.jpg\" \/>\n<meta name=\"twitter:label1\" content=\"Est. reading time\" \/>\n\t<meta name=\"twitter:data1\" content=\"5 minutes\" \/>\n<script type=\"application\/ld+json\" class=\"yoast-schema-graph\">{\"@context\":\"https:\\\/\\\/schema.org\",\"@graph\":[{\"@type\":\"WebPage\",\"@id\":\"https:\\\/\\\/messanges-surf-school.com\\\/en\\\/tourism\\\/\",\"url\":\"https:\\\/\\\/messanges-surf-school.com\\\/en\\\/tourism\\\/\",\"name\":\"Surf stay in Messanges for your holidays in the Landes (40)\",\"isPartOf\":{\"@id\":\"https:\\\/\\\/messanges-surf-school.com\\\/de\\\/#website\"},\"primaryImageOfPage\":{\"@id\":\"https:\\\/\\\/messanges-surf-school.com\\\/en\\\/tourism\\\/#primaryimage\"},\"image\":{\"@id\":\"https:\\\/\\\/messanges-surf-school.com\\\/en\\\/tourism\\\/#primaryimage\"},\"thumbnailUrl\":\"https:\\\/\\\/messanges-surf-school.com\\\/wp-content\\\/uploads\\\/2013\\\/11\\\/tourisme-coucher-soleil-ocean.jpg\",\"datePublished\":\"2013-11-06T10:41:21+00:00\",\"dateModified\":\"2022-06-08T16:17:46+00:00\",\"description\":\"Want a holiday in the Landes? Surf on the Landes beaches, gastronomy, nature ... Discover the good plans for your stay.\",\"breadcrumb\":{\"@id\":\"https:\\\/\\\/messanges-surf-school.com\\\/en\\\/tourism\\\/#breadcrumb\"},\"inLanguage\":\"en-US\",\"potentialAction\":[{\"@type\":\"ReadAction\",\"target\":[\"https:\\\/\\\/messanges-surf-school.com\\\/en\\\/tourism\\\/\"]}]},{\"@type\":\"ImageObject\",\"inLanguage\":\"en-US\",\"@id\":\"https:\\\/\\\/messanges-surf-school.com\\\/en\\\/tourism\\\/#primaryimage\",\"url\":\"https:\\\/\\\/messanges-surf-school.com\\\/wp-content\\\/uploads\\\/2013\\\/11\\\/tourisme-coucher-soleil-ocean.jpg\",\"contentUrl\":\"https:\\\/\\\/messanges-surf-school.com\\\/wp-content\\\/uploads\\\/2013\\\/11\\\/tourisme-coucher-soleil-ocean.jpg\"},{\"@type\":\"BreadcrumbList\",\"@id\":\"https:\\\/\\\/messanges-surf-school.com\\\/en\\\/tourism\\\/#breadcrumb\",\"itemListElement\":[{\"@type\":\"ListItem\",\"position\":1,\"name\":\"Home\",\"item\":\"https:\\\/\\\/messanges-surf-school.com\\\/en\\\/\"},{\"@type\":\"ListItem\",\"position\":2,\"name\":\"Tourism\"}]},{\"@type\":\"WebSite\",\"@id\":\"https:\\\/\\\/messanges-surf-school.com\\\/de\\\/#website\",\"url\":\"https:\\\/\\\/messanges-surf-school.com\\\/de\\\/\",\"name\":\"Cours et stages de surf dans les Landes - Messanges Surf School\",\"description\":\"Learn how to surf in Landes with Messanges Surf School\",\"potentialAction\":[{\"@type\":\"SearchAction\",\"target\":{\"@type\":\"EntryPoint\",\"urlTemplate\":\"https:\\\/\\\/messanges-surf-school.com\\\/de\\\/?s={search_term_string}\"},\"query-input\":{\"@type\":\"PropertyValueSpecification\",\"valueRequired\":true,\"valueName\":\"search_term_string\"}}],\"inLanguage\":\"en-US\"}]}<\/script>\n<!-- \/ Yoast SEO plugin. -->","yoast_head_json":{"title":"Surf stay in Messanges for your holidays in the Landes (40)","description":"Want a holiday in the Landes? Surf on the Landes beaches, gastronomy, nature ... Discover the good plans for your stay.","robots":{"index":"index","follow":"follow","max-snippet":"max-snippet:-1","max-image-preview":"max-image-preview:large","max-video-preview":"max-video-preview:-1"},"canonical":"https:\/\/messanges-surf-school.com\/en\/tourism\/","og_locale":"en_US","og_type":"article","og_title":"Surf stay in Messanges for your holidays in the Landes (40)","og_description":"Want a holiday in the Landes? Surf on the Landes beaches, gastronomy, nature ... Discover the good plans for your stay.","og_url":"https:\/\/messanges-surf-school.com\/en\/tourism\/","og_site_name":"Surf lessons at Messanges Surf School - Landes","article_publisher":"https:\/\/www.facebook.com\/Messanges-Surf-School-167386058067\/","article_modified_time":"2022-06-08T16:17:46+00:00","og_image":[{"url":"https:\/\/messanges-surf-school.com\/wp-content\/uploads\/2013\/11\/tourisme-coucher-soleil-ocean.jpg","type":"","width":"","height":""}],"twitter_misc":{"Est. reading time":"5 minutes"},"schema":{"@context":"https:\/\/schema.org","@graph":[{"@type":"WebPage","@id":"https:\/\/messanges-surf-school.com\/en\/tourism\/","url":"https:\/\/messanges-surf-school.com\/en\/tourism\/","name":"Surf stay in Messanges for your holidays in the Landes (40)","isPartOf":{"@id":"https:\/\/messanges-surf-school.com\/de\/#website"},"primaryImageOfPage":{"@id":"https:\/\/messanges-surf-school.com\/en\/tourism\/#primaryimage"},"image":{"@id":"https:\/\/messanges-surf-school.com\/en\/tourism\/#primaryimage"},"thumbnailUrl":"https:\/\/messanges-surf-school.com\/wp-content\/uploads\/2013\/11\/tourisme-coucher-soleil-ocean.jpg","datePublished":"2013-11-06T10:41:21+00:00","dateModified":"2022-06-08T16:17:46+00:00","description":"Want a holiday in the Landes? Surf on the Landes beaches, gastronomy, nature ... Discover the good plans for your stay.","breadcrumb":{"@id":"https:\/\/messanges-surf-school.com\/en\/tourism\/#breadcrumb"},"inLanguage":"en-US","potentialAction":[{"@type":"ReadAction","target":["https:\/\/messanges-surf-school.com\/en\/tourism\/"]}]},{"@type":"ImageObject","inLanguage":"en-US","@id":"https:\/\/messanges-surf-school.com\/en\/tourism\/#primaryimage","url":"https:\/\/messanges-surf-school.com\/wp-content\/uploads\/2013\/11\/tourisme-coucher-soleil-ocean.jpg","contentUrl":"https:\/\/messanges-surf-school.com\/wp-content\/uploads\/2013\/11\/tourisme-coucher-soleil-ocean.jpg"},{"@type":"BreadcrumbList","@id":"https:\/\/messanges-surf-school.com\/en\/tourism\/#breadcrumb","itemListElement":[{"@type":"ListItem","position":1,"name":"Home","item":"https:\/\/messanges-surf-school.com\/en\/"},{"@type":"ListItem","position":2,"name":"Tourism"}]},{"@type":"WebSite","@id":"https:\/\/messanges-surf-school.com\/de\/#website","url":"https:\/\/messanges-surf-school.com\/de\/","name":"Cours et stages de surf dans les Landes - Messanges Surf School","description":"Learn how to surf in Landes with Messanges Surf School","potentialAction":[{"@type":"SearchAction","target":{"@type":"EntryPoint","urlTemplate":"https:\/\/messanges-surf-school.com\/de\/?s={search_term_string}"},"query-input":{"@type":"PropertyValueSpecification","valueRequired":true,"valueName":"search_term_string"}}],"inLanguage":"en-US"}]}},"_links":{"self":[{"href":"https:\/\/messanges-surf-school.com\/en\/wp-json\/wp\/v2\/pages\/391","targetHints":{"allow":["GET"]}}],"collection":[{"href":"https:\/\/messanges-surf-school.com\/en\/wp-json\/wp\/v2\/pages"}],"about":[{"href":"https:\/\/messanges-surf-school.com\/en\/wp-json\/wp\/v2\/types\/page"}],"author":[{"embeddable":true,"href":"https:\/\/messanges-surf-school.com\/en\/wp-json\/wp\/v2\/users\/4"}],"replies":[{"embeddable":true,"href":"https:\/\/messanges-surf-school.com\/en\/wp-json\/wp\/v2\/comments?post=391"}],"version-history":[{"count":2,"href":"https:\/\/messanges-surf-school.com\/en\/wp-json\/wp\/v2\/pages\/391\/revisions"}],"predecessor-version":[{"id":20083,"href":"https:\/\/messanges-surf-school.com\/en\/wp-json\/wp\/v2\/pages\/391\/revisions\/20083"}],"wp:attachment":[{"href":"https:\/\/messanges-surf-school.com\/en\/wp-json\/wp\/v2\/media?parent=391"}],"curies":[{"name":"wp","href":"https:\/\/api.w.org\/{rel}","templated":true}]}}