{"id":392,"date":"2013-11-06T11:41:21","date_gmt":"2013-11-06T10:41:21","guid":{"rendered":"https:\/\/messanges-surf-school.com\/\/?page_id=392"},"modified":"2022-06-15T14:45:07","modified_gmt":"2022-06-15T13:45:07","slug":"besichtigung-messanges","status":"publish","type":"page","link":"https:\/\/messanges-surf-school.com\/de\/besichtigung-messanges\/","title":{"rendered":"Besichtigung"},"content":{"rendered":"<p>[vc_row type=&#8220;full-nopad&#8220;][vc_column]<div class=\"nm-banner-slider slider-type-full slick-slider slick-controls-dark slick-dots-inside\" data-arrows=\"true\" data-dots=\"true\" >\r\n\t\t\t<div class=\"nm-banner content-full image-type-fluid has-alt-image text-color-light\" style=\"\"><img decoding=\"async\" src=\"https:\/\/messanges-surf-school.com\/wp-content\/uploads\/2018\/03\/IMG_7697-1.jpg\" alt=\"IMG_7697\" \/><img decoding=\"async\" src=\"https:\/\/messanges-surf-school.com\/wp-content\/uploads\/2018\/03\/tourisme-mobile.jpg\" class=\"nm-banner-alt-image img\" \/>\r\n\t\t\t\t<div class=\"nm-banner-content\">\r\n\t\t\t\t\t<div class=\"nm-banner-content-inner\">\r\n\t\t\t\t\t\t<div class=\"nm-banner-text h_left v_top align_left\" style=\"padding: 10% 10% 0 10% ;\">\r\n\t\t\t\t\t\t\t<div class=\"nm-banner-text-inner\"><h1 class=\"nm-banner-title medium\">Entdecken Sie die Landes<\/h1><h2 class=\"nm-banner-subtitle nm-alt-font\">Zwischen Wald, Seen und Meer<\/h2><\/div>\r\n\t\t\t\t\t\t<\/div>\r\n\t\t\t\t\t<\/div>\r\n\t\t\t\t<\/div>\r\n\t\t\t<\/div>\r\n\t\t\t<div class=\"nm-banner content-full image-type-fluid has-alt-image text-color-light\" style=\"\"><img decoding=\"async\" src=\"https:\/\/messanges-surf-school.com\/wp-content\/uploads\/2018\/03\/IMG_1781_lulu-1.jpg\" alt=\"IMG_1781_lulu\" \/><img decoding=\"async\" src=\"https:\/\/messanges-surf-school.com\/wp-content\/uploads\/2018\/03\/plage-tourisme-mobile.jpg\" class=\"nm-banner-alt-image img\" \/>\r\n\t\t\t\t<div class=\"nm-banner-content\">\r\n\t\t\t\t\t<div class=\"nm-banner-content-inner\">\r\n\t\t\t\t\t\t<div class=\"nm-banner-text h_center v_center align_left\" style=\"\">\r\n\t\t\t\t\t\t\t<div class=\"nm-banner-text-inner\"><h2 class=\"nm-banner-title medium\">Garantierte Entspannung<\/h2><h2 class=\"nm-banner-subtitle nm-alt-font\">F\u00fc\u00dfe im Wasser<\/h2><\/div>\r\n\t\t\t\t\t\t<\/div>\r\n\t\t\t\t\t<\/div>\r\n\t\t\t\t<\/div>\r\n\t\t\t<\/div>\r\n\t\t\t<div class=\"nm-banner content-full image-type-fluid text-color-light\" style=\"\"><a href=\"http:\/\/iclope.cluster013.ovh.net\/messanges2018\/de\/surfcamp-de\/\" class=\"nm-banner-link nm-banner-link-full\"><img decoding=\"async\" src=\"https:\/\/messanges-surf-school.com\/wp-content\/uploads\/2018\/03\/P1070970-1.jpg\" alt=\"P1070970\" \/>\r\n\t\t\t\t<div class=\"nm-banner-content\">\r\n\t\t\t\t\t<div class=\"nm-banner-content-inner\">\r\n\t\t\t\t\t\t<div class=\"nm-banner-text h_left v_top align_left\" style=\"\">\r\n\t\t\t\t\t\t\t<div class=\"nm-banner-text-inner\"><h2 class=\"nm-banner-title medium\">Finden Sie die Unterkunft, die zu Ihnen passt<\/h2><h2 class=\"nm-banner-subtitle nm-alt-font\">Campingpl\u00e4tze, Villen, Surfcamp<\/h2><\/div>\r\n\t\t\t\t\t\t<\/div>\r\n\t\t\t\t\t<\/div>\r\n\t\t\t\t<\/div><\/a>\r\n\t\t\t<\/div><\/div>[\/vc_column][\/vc_row][vc_row css=&#8220;.vc_custom_1519638289628{background-color: #ebebeb !important;}&#8220;][vc_column][vc_empty_space][vc_custom_heading text=&#8220;Messanges, Ozean der Natur in den Landes&#8220; font_container=&#8220;tag:h1|text_align:center&#8220; use_theme_fonts=&#8220;yes&#8220;][vc_empty_space][vc_column_text]<\/p>\n<p style=\"text-align: center;\">Unser sch\u00f6nes Gascogne Dorf begr\u00fc\u00dft Sie zwischen Meer und Wald f\u00fcr einen sch\u00f6nen Urlaub mit Familie und Freunden. Was halten Sie von t\u00e4glichen Surf-Ausfl\u00fcgen in Messanges S\u00fcd, von einem bisschen Faulenzen am Strand, von Abendveranstaltungen in Messanges und Vieux-Boucau, sowie von romantischen Sonnenunterg\u00e4ngen am Strand? Des Weiteren gibt es viele kleine lokale M\u00e4rkte und Restaurants zu entdecken, welche ihre Herzen h\u00f6herschlagen lassen werden!<\/p>\n<p>[\/vc_column_text][vc_empty_space][\/vc_column][\/vc_row][vc_row][vc_column][vc_empty_space]\r\n\t\t\t<div class=\"nm-feature layout-centered icon-style-image-default bottom-spacing-medium\"><div class=\"nm-feature-icon\"><img decoding=\"async\" src=\"https:\/\/messanges-surf-school.com\/wp-content\/uploads\/2018\/03\/IMG_2986-1.jpg\" alt=\"\" \/><\/div>\r\n\t\t\t\t<div class=\"nm-feature-content\">\r\n\t\t\t\t\t<div class=\"wpb_text_column\"><p style=\"text-align: center;\">Sable fin, soleil, oc\u00e9an\u2026 un r\u00eave \u00e0 port\u00e9e de tongs sur la plage de Messanges Sud pour partager de vraies vacances reposantes et ressour\u00e7antes\u2026 Des plages surveill\u00e9es pendant l\u2019\u00e9t\u00e9 pour votre s\u00e9curit\u00e9, une \u00e9cole de surf pour faire connaissance avec l\u2019oc\u00e9an et vous initier aux joies de la glisse\u2026<\/p>\n<\/div>\r\n\t\t\t\t<\/div>\r\n\t\t\t<\/div>[\/vc_column][\/vc_row][vc_row][vc_column][vc_empty_space][\/vc_column][\/vc_row][vc_row content_placement=&#8220;middle&#8220;][vc_column width=&#8220;1\/4&#8243;][vc_single_image image=&#8220;16157&#8243; img_size=&#8220;300&#215;300&#8243; alignment=&#8220;center&#8220;][\/vc_column][vc_column width=&#8220;3\/4&#8243;][vc_column_text]<\/p>\n<h2>Der Charme der Gascogne Str\u00e4nde<\/h2>\n<p>Feiner Sandstrand, Sonne, Meer\u2026 ein Traum in Reichweite, direkt am Strand in S\u00fcd-Messanges, wo man entspannenden und erholsamen Urlaub mit Freunden und Familie verbringen kann.<\/p>\n<p>Im Sommer betreute Str\u00e4nde, um f\u00fcr Ihre Sicherheit zu garantieren, sowie eine Surfschule um Sie mit dem Ozean vertraut zu machen und Sie in die Freuden des Surfens zu entf\u00fchren.<\/p>\n<p>[\/vc_column_text][\/vc_column][\/vc_row][vc_row][vc_column][vc_empty_space][vc_empty_space][\/vc_column][\/vc_row][vc_row content_placement=&#8220;middle&#8220;][vc_column width=&#8220;2\/3&#8243;][vc_column_text]<\/p>\n<h2>Fahrrad auf dem Radweg und Mountainbike<\/h2>\n<p>Die alte Eisenbahnlinie Soustons-Leon wurde zu einem Radweg umgebaut und bietet die M\u00f6glichkeit einen sch\u00f6nen Ausflug ins Herz der Region zu unternehmen. Sie k\u00f6nnen sicher mit der Familie Fahrrad fahren und die alten kleinen sanierten Bahnh\u00f6fe entlang des Weges entdecken. Des Weiteren ist es m\u00f6glich mit Mountainbikes den Wald zu erkunden oder sogar ein wenig mehr ins Landesinnere vorzudringen oder sich das Baskenland genauer ansehen.<\/p>\n<h2>Sinnesgenu\u00df und Kunsthandwerk<\/h2>\n<p>Sie werden die M\u00f6glichkeit haben angenehme und ruhige Momente in dem Pinienwald zu genie\u00dfen. Die Lichtspiele zwischen den B\u00e4umen erzeugen eine unwirkliche Atmosph\u00e4re, mit vertieften Farben der Farne und Ginster. Der berauschende Duft der Kiefern erg\u00e4nzt, dass sich bietende Schauspiel hervorragend. Es k\u00f6nnen auch einige Zwischenstopps f\u00fcr die Freude des Gaumens und der Augen eingelegt werden. Beispielsweise k\u00f6nnen Sie Ulla in ihrer Keramik Werkstatt <a title=\"poterie heron messanges\" href=\"http:\/\/poterieduheron.com\/\" target=\"_blank\" rel=\"noopener\">Poterie du H\u00e9ron<\/a> 2 Schritte vom Radweg entfernt besuchen.<br \/>\nMarie Malerin in L\u00e9on&#8230; Didier, eine talentierter <a href=\"http:\/\/lartcestvous.over-blog.com\/albums.html\" target=\"_blank\" rel=\"noopener\">Bildhauer<\/a> aus Messanges\u2026<\/p>\n<blockquote><p>&nbsp;<\/p><\/blockquote>\n<p>[\/vc_column_text][\/vc_column][vc_column width=&#8220;1\/3&#8243;][vc_single_image image=&#8220;16161&#8243; img_size=&#8220;300&#215;300&#8243; alignment=&#8220;center&#8220;][\/vc_column][\/vc_row][vc_row][vc_column][vc_empty_space][\/vc_column][\/vc_row][vc_row content_placement=&#8220;top&#8220;][vc_column width=&#8220;1\/4&#8243;][vc_empty_space][vc_single_image image=&#8220;16165&#8243; img_size=&#8220;300&#215;300&#8243; alignment=&#8220;center&#8220;][\/vc_column][vc_column width=&#8220;3\/4&#8243;][vc_column_text]<\/p>\n<h2>Natur Pur<\/h2>\n<p>Entdecken Sie auch unsere Fl\u00fcsse, Seen und S\u00fcmpfe und ihre Geheimnisse: dieseau\u00dfergew\u00f6hnlichen und unber\u00fchrten Orte sind entweder zu Fu\u00df, per Boot oder Kanu erreichbar.<\/p>\n<p>Entdecken Sie die Verl\u00e4ngerung des Huchet Bachs mit <a href=\"http:\/\/bateliers-courant-huchet.fr\/index.php\" target=\"_blank\" rel=\"noopener noreferrer\">les Bateliers du Courant d\u2019Huchet<\/a>\u2026<\/p>\n<h2>Angeln<\/h2>\n<p>F\u00fcr Fluss-, See- oder Meeresangeln, werden Sie viele ruhige Pl\u00e4tze finden, um Ihre Leidenschaft zu praktizieren (Angelschein f\u00fcr das Fischen im S\u00fc\u00dfwasser erforderlich)<\/p>\n<h2>Golf<\/h2>\n<p>Messanges liegt nur 3 km von dem <a href=\"http:\/\/www.golfmoliets.com\/\" target=\"_blank\" rel=\"noopener\">Golf de Moliets<\/a> mit seinen 18- und 9-Loch-Pl\u00e4tzen entlang der Atlantikk\u00fcste entfernt. Die Seignosse und Hossegor Golfpl\u00e4tze bieten auch hochwertige Kurse in einer idyllischen Umgebung.[\/vc_column_text][\/vc_column][\/vc_row][vc_row][vc_column][vc_empty_space][\/vc_column][\/vc_row][vc_row][vc_column][vc_column_text]<\/p>\n<h2>Gastronomie<\/h2>\n<p>Wir werden Ihnen einige Adressen in und um Messanges geben, die Sie nicht verpassen sollten, um die lokale K\u00fcche und andere S\u00fc\u00dfigkeiten zu genie\u00dfen.<\/p>\n<h2>Einige nahegelegene Orte zum entdecken<\/h2>\n<p>Capbreton und seinem Fischerhafen<br \/>\nHossegor, Surferhauptstadt Europas mit seiner gascogneschen-baskischen Meerfront<br \/>\nDax, Spa und Romane Stadt<br \/>\nBayonne und seiner malerischen Altstadt, wo Sie ein leckeres Axoa genie\u00dfen k\u00f6nnen<br \/>\nBiarritz, sch\u00f6n und stolz auf seinem Felsen<br \/>\nSt. Jean de Luz, St. Jean Pied de Port und andere malerische und bemerkenswerte St\u00e4dte und D\u00f6rfer<\/p>\n<h2>Transports<\/h2>\n<p>Um bei uns and der Surfschule oder Surfcamp (CBE HOrizon) vom Bahnhof Dax mit dem Bus anzukommen : <a href=\"https:\/\/transports.nouvelle-aquitaine.fr\/cars-regionaux\/reseau-et-horaires\/landes#titre_h2_2272\" target=\"_blank\" rel=\"noopener\">RDTL<\/a> und dann vom gleichen Bushaltestelle <a href=\"https:\/\/www.mobi-macs.org\/yego.html\" target=\"_blank\" rel=\"noopener\">YEGO<\/a><\/p>\n<p>Buchen Sie Ihre Transfers von den Flugh\u00e4fen Bordeaux &amp; Biarritz dem Bahnhof Dax bei <a href=\"https:\/\/westcoasttransfers.com\/\" target=\"_blank\" rel=\"noopener\">West Coast Transferts<\/a>, sie bieten <a href=\"https:\/\/westcoasttransfers.com\/shuttle\">Shuttles<\/a> (z\u00f6gern Sie nicht, nach einem Rabattcode zu fragen, den sie unseren Kunden anbieten).<\/p>\n<h2>Zum Schlafen in Messanges<\/h2>\n<p><strong>Wir empfehlen die <a href=\"https:\/\/www.lescabanesdelocean.com\/en_GB\/\">Cabane de l&#8217;Oc\u00e9an<\/a>, die Cyril in Messanges zwischen Wald, Teich und Ozean vorschl\u00e4gt&#8230;<\/strong><\/p>\n<p><a href=\"https:\/\/www.cbe-horizon.fr\/centre-vacances-vieux-boucau-landes\" target=\"_blank\" rel=\"noopener\">CBE Horizon<\/a> begr\u00fc\u00dfen Gruppen und Familie am Vieux-Boucau See.<\/p>\n<p>Viele Campingpl\u00e4tze bieten qualitativ hochwertige Dienstleistungen f\u00fcr alle Ihre Bed\u00fcrfnisse\u2026<\/p>\n<blockquote><p>Der <a href=\"http:\/\/www.albretplage.fr\/\" target=\"_blank\" rel=\"noopener\">Camping Albret Plage<\/a>*** ist ein ruhiger Campingplatz direkt am Messanges Surf School Strand, um sich auszuruhen und aufzutanken!<\/p>\n<p>Ein freundliches Willkommen von Bernard &amp; Marylis im <a href=\"http:\/\/www.campinglacote.com\/\" target=\"_blank\" rel=\"noopener\">Camping de la C\u00f4te<\/a>**** mit Komfort und ungef\u00e4hr 1 km von der Surfschule entfernt!<\/p>\n<p>Eine warme Atmosph\u00e4re am <a href=\"http:\/\/www.lesacacias.com\/\" target=\"_blank\" rel=\"noopener\">Camping Les Acacias<\/a>***<\/p><\/blockquote>\n<p><a href=\"http:\/\/www.levieuxport.com\/\" target=\"_blank\" rel=\"noopener\">Camping Le Vieux Port<\/a>***** direkt am Messanges Surf School Strand<\/p>\n<p><a href=\"http:\/\/www.loupignada.com\/\" target=\"_blank\" rel=\"noopener\">Camping Lou Pignada<\/a>***** 2km vom Strand direkt durch den Radweg<\/p>\n<blockquote><p>Anne-Marie und Sandrine begr\u00fc\u00dfen Sie mit einem herzlichen Empfang der Gascogne und einen guten Geist der Landes Region am <a href=\"http:\/\/www.camping-lemoussaillon.fr\/\" target=\"_blank\" rel=\"noopener\">Camping Le Moussaillon<\/a>***<\/p><\/blockquote>\n<p>Sie k\u00f6nnen auch den Komfort der sch\u00f6nen Villen zwischen Wald und Meer genie\u00dfen \u2026<\/p>\n<blockquote><p>Die Villa <a href=\"http:\/\/lahari.fr\/\" target=\"_blank\" rel=\"noopener\">Lahari<\/a>, eine elegante Villa aus Holz im Herzen der Natur.<\/p>\n<blockquote><p>3 wundersch\u00f6ne Villen in Messanges, wo man sich in Harmonie mit der Natur f\u00fchlt\u2026 <a href=\"http:\/\/www.lavilladeslandes.com\/\" target=\"_blank\" rel=\"noopener\">La Villa des Landes<\/a>, <a href=\"http:\/\/www.lavilladesbois.eu\/\" target=\"_blank\" rel=\"noopener\">La Villa des Bois<\/a> et <a href=\"http:\/\/www.lavilladugolf.fr\/\" target=\"_blank\" rel=\"noopener\">La Villa du Golf<\/a><\/p><\/blockquote>\n<blockquote><p>&nbsp;<\/p><\/blockquote>\n<p><img loading=\"lazy\" decoding=\"async\" class=\"size-full wp-image-1552 alignleft rounded white\" style=\"border: 1px solid black; margin: 10px;\" src=\"https:\/\/messanges-surf-school.com\/wp-content\/uploads\/2013\/11\/tourisme-coucher-soleil-ocean.jpg\" alt=\"coucher soleil landes\" width=\"165\" height=\"165\" srcset=\"https:\/\/messanges-surf-school.com\/wp-content\/uploads\/2013\/11\/tourisme-coucher-soleil-ocean.jpg 165w, https:\/\/messanges-surf-school.com\/wp-content\/uploads\/2013\/11\/tourisme-coucher-soleil-ocean-150x150.jpg 150w, https:\/\/messanges-surf-school.com\/wp-content\/uploads\/2013\/11\/tourisme-coucher-soleil-ocean-100x100.jpg 100w, https:\/\/messanges-surf-school.com\/wp-content\/uploads\/2013\/11\/tourisme-coucher-soleil-ocean-90x90.jpg 90w, https:\/\/messanges-surf-school.com\/wp-content\/uploads\/2013\/11\/tourisme-coucher-soleil-ocean-105x105.jpg 105w\" sizes=\"auto, (max-width: 165px) 100vw, 165px\" \/><\/p>\n<h2>Mehr zu erfahren\u2026<\/h2>\n<p><a href=\"http:\/\/www.ot-messanges.fr\/\" target=\"_blank\" rel=\"noopener\">Office du Tourisme de Messanges<\/a><\/p><\/blockquote>\n<p>[\/vc_column_text][vc_empty_space][\/vc_column][\/vc_row][vc_row][vc_column][vc_column_text]<\/p>\n<p>[\/vc_column_text][\/vc_column][\/vc_row]<\/p>\n","protected":false},"excerpt":{"rendered":"<p>[vc_row type=&#8220;full-nopad&#8220;][vc_column][\/vc_column][\/vc_row][vc_row css=&#8220;.vc_custom_1519638289628{background-color: #ebebeb !important;}&#8220;][vc_column][vc_empty_space][vc_custom_heading text=&#8220;Messanges, Ozean der Natur in den Landes&#8220; font_container=&#8220;tag:h1|text_align:center&#8220; use_theme_fonts=&#8220;yes&#8220;][vc_empty_space][vc_column_text] Unser sch\u00f6nes Gascogne Dorf begr\u00fc\u00dft Sie zwischen Meer und Wald f\u00fcr einen sch\u00f6nen Urlaub mit Familie und Freunden. Was halten Sie von t\u00e4glichen Surf-Ausfl\u00fcgen in Messanges S\u00fcd, von einem bisschen Faulenzen am Strand, von Abendveranstaltungen in Messanges und Vieux-Boucau, sowie von &hellip;<\/p>\n","protected":false},"author":4,"featured_media":0,"parent":0,"menu_order":109,"comment_status":"closed","ping_status":"closed","template":"page-full.php","meta":{"_acf_changed":false,"footnotes":""},"class_list":["post-392","page","type-page","status-publish","hentry"],"acf":[],"yoast_head":"<!-- This site is optimized with the Yoast SEO plugin v27.3 - https:\/\/yoast.com\/product\/yoast-seo-wordpress\/ -->\n<title>Surf Aufenthalt in Messanges f\u00fcr Ihren Urlaub in den Landes (40)<\/title>\n<meta name=\"description\" content=\"Lust auf einen Urlaub in den Landes? Surfen Sie an den Str\u00e4nden der Landes, Gastronomie, Natur ... Entdecken Sie die guten Pl\u00e4ne f\u00fcr Ihren Aufenthalt.\" \/>\n<meta name=\"robots\" content=\"index, follow, max-snippet:-1, max-image-preview:large, max-video-preview:-1\" \/>\n<link rel=\"canonical\" href=\"https:\/\/messanges-surf-school.com\/de\/besichtigung-messanges\/\" \/>\n<meta property=\"og:locale\" content=\"de_DE\" \/>\n<meta property=\"og:type\" content=\"article\" \/>\n<meta property=\"og:title\" content=\"Surf Aufenthalt in Messanges f\u00fcr Ihren Urlaub in den Landes (40)\" \/>\n<meta property=\"og:description\" content=\"Lust auf einen Urlaub in den Landes? Surfen Sie an den Str\u00e4nden der Landes, Gastronomie, Natur ... Entdecken Sie die guten Pl\u00e4ne f\u00fcr Ihren Aufenthalt.\" \/>\n<meta property=\"og:url\" content=\"https:\/\/messanges-surf-school.com\/de\/besichtigung-messanges\/\" \/>\n<meta property=\"og:site_name\" content=\"Messanges Surf School - Landes\" \/>\n<meta property=\"article:publisher\" content=\"https:\/\/www.facebook.com\/Messanges-Surf-School-167386058067\/\" \/>\n<meta property=\"article:modified_time\" content=\"2022-06-15T13:45:07+00:00\" \/>\n<meta property=\"og:image\" content=\"https:\/\/messanges-surf-school.com\/wp-content\/uploads\/2013\/11\/tourisme-coucher-soleil-ocean.jpg\" \/>\n<meta name=\"twitter:label1\" content=\"Gesch\u00e4tzte Lesezeit\" \/>\n\t<meta name=\"twitter:data1\" content=\"5\u00a0Minuten\" \/>\n<script type=\"application\/ld+json\" class=\"yoast-schema-graph\">{\"@context\":\"https:\\\/\\\/schema.org\",\"@graph\":[{\"@type\":\"WebPage\",\"@id\":\"https:\\\/\\\/messanges-surf-school.com\\\/de\\\/besichtigung-messanges\\\/\",\"url\":\"https:\\\/\\\/messanges-surf-school.com\\\/de\\\/besichtigung-messanges\\\/\",\"name\":\"Surf Aufenthalt in Messanges f\u00fcr Ihren Urlaub in den Landes (40)\",\"isPartOf\":{\"@id\":\"https:\\\/\\\/messanges-surf-school.com\\\/de\\\/#website\"},\"primaryImageOfPage\":{\"@id\":\"https:\\\/\\\/messanges-surf-school.com\\\/de\\\/besichtigung-messanges\\\/#primaryimage\"},\"image\":{\"@id\":\"https:\\\/\\\/messanges-surf-school.com\\\/de\\\/besichtigung-messanges\\\/#primaryimage\"},\"thumbnailUrl\":\"https:\\\/\\\/messanges-surf-school.com\\\/wp-content\\\/uploads\\\/2013\\\/11\\\/tourisme-coucher-soleil-ocean.jpg\",\"datePublished\":\"2013-11-06T10:41:21+00:00\",\"dateModified\":\"2022-06-15T13:45:07+00:00\",\"description\":\"Lust auf einen Urlaub in den Landes? Surfen Sie an den Str\u00e4nden der Landes, Gastronomie, Natur ... Entdecken Sie die guten Pl\u00e4ne f\u00fcr Ihren Aufenthalt.\",\"breadcrumb\":{\"@id\":\"https:\\\/\\\/messanges-surf-school.com\\\/de\\\/besichtigung-messanges\\\/#breadcrumb\"},\"inLanguage\":\"de\",\"potentialAction\":[{\"@type\":\"ReadAction\",\"target\":[\"https:\\\/\\\/messanges-surf-school.com\\\/de\\\/besichtigung-messanges\\\/\"]}]},{\"@type\":\"ImageObject\",\"inLanguage\":\"de\",\"@id\":\"https:\\\/\\\/messanges-surf-school.com\\\/de\\\/besichtigung-messanges\\\/#primaryimage\",\"url\":\"https:\\\/\\\/messanges-surf-school.com\\\/wp-content\\\/uploads\\\/2013\\\/11\\\/tourisme-coucher-soleil-ocean.jpg\",\"contentUrl\":\"https:\\\/\\\/messanges-surf-school.com\\\/wp-content\\\/uploads\\\/2013\\\/11\\\/tourisme-coucher-soleil-ocean.jpg\"},{\"@type\":\"BreadcrumbList\",\"@id\":\"https:\\\/\\\/messanges-surf-school.com\\\/de\\\/besichtigung-messanges\\\/#breadcrumb\",\"itemListElement\":[{\"@type\":\"ListItem\",\"position\":1,\"name\":\"Home\",\"item\":\"https:\\\/\\\/messanges-surf-school.com\\\/de\\\/\"},{\"@type\":\"ListItem\",\"position\":2,\"name\":\"Besichtigung\"}]},{\"@type\":\"WebSite\",\"@id\":\"https:\\\/\\\/messanges-surf-school.com\\\/de\\\/#website\",\"url\":\"https:\\\/\\\/messanges-surf-school.com\\\/de\\\/\",\"name\":\"Cours et stages de surf dans les Landes - Messanges Surf School\",\"description\":\"Surfen lernen in Landes, Messanges, Vieux-Boucau, Seignosse, Hossegor, Capbreton\",\"potentialAction\":[{\"@type\":\"SearchAction\",\"target\":{\"@type\":\"EntryPoint\",\"urlTemplate\":\"https:\\\/\\\/messanges-surf-school.com\\\/de\\\/?s={search_term_string}\"},\"query-input\":{\"@type\":\"PropertyValueSpecification\",\"valueRequired\":true,\"valueName\":\"search_term_string\"}}],\"inLanguage\":\"de\"}]}<\/script>\n<!-- \/ Yoast SEO plugin. -->","yoast_head_json":{"title":"Surf Aufenthalt in Messanges f\u00fcr Ihren Urlaub in den Landes (40)","description":"Lust auf einen Urlaub in den Landes? Surfen Sie an den Str\u00e4nden der Landes, Gastronomie, Natur ... Entdecken Sie die guten Pl\u00e4ne f\u00fcr Ihren Aufenthalt.","robots":{"index":"index","follow":"follow","max-snippet":"max-snippet:-1","max-image-preview":"max-image-preview:large","max-video-preview":"max-video-preview:-1"},"canonical":"https:\/\/messanges-surf-school.com\/de\/besichtigung-messanges\/","og_locale":"de_DE","og_type":"article","og_title":"Surf Aufenthalt in Messanges f\u00fcr Ihren Urlaub in den Landes (40)","og_description":"Lust auf einen Urlaub in den Landes? Surfen Sie an den Str\u00e4nden der Landes, Gastronomie, Natur ... Entdecken Sie die guten Pl\u00e4ne f\u00fcr Ihren Aufenthalt.","og_url":"https:\/\/messanges-surf-school.com\/de\/besichtigung-messanges\/","og_site_name":"Messanges Surf School - Landes","article_publisher":"https:\/\/www.facebook.com\/Messanges-Surf-School-167386058067\/","article_modified_time":"2022-06-15T13:45:07+00:00","og_image":[{"url":"https:\/\/messanges-surf-school.com\/wp-content\/uploads\/2013\/11\/tourisme-coucher-soleil-ocean.jpg","type":"","width":"","height":""}],"twitter_misc":{"Gesch\u00e4tzte Lesezeit":"5\u00a0Minuten"},"schema":{"@context":"https:\/\/schema.org","@graph":[{"@type":"WebPage","@id":"https:\/\/messanges-surf-school.com\/de\/besichtigung-messanges\/","url":"https:\/\/messanges-surf-school.com\/de\/besichtigung-messanges\/","name":"Surf Aufenthalt in Messanges f\u00fcr Ihren Urlaub in den Landes (40)","isPartOf":{"@id":"https:\/\/messanges-surf-school.com\/de\/#website"},"primaryImageOfPage":{"@id":"https:\/\/messanges-surf-school.com\/de\/besichtigung-messanges\/#primaryimage"},"image":{"@id":"https:\/\/messanges-surf-school.com\/de\/besichtigung-messanges\/#primaryimage"},"thumbnailUrl":"https:\/\/messanges-surf-school.com\/wp-content\/uploads\/2013\/11\/tourisme-coucher-soleil-ocean.jpg","datePublished":"2013-11-06T10:41:21+00:00","dateModified":"2022-06-15T13:45:07+00:00","description":"Lust auf einen Urlaub in den Landes? Surfen Sie an den Str\u00e4nden der Landes, Gastronomie, Natur ... Entdecken Sie die guten Pl\u00e4ne f\u00fcr Ihren Aufenthalt.","breadcrumb":{"@id":"https:\/\/messanges-surf-school.com\/de\/besichtigung-messanges\/#breadcrumb"},"inLanguage":"de","potentialAction":[{"@type":"ReadAction","target":["https:\/\/messanges-surf-school.com\/de\/besichtigung-messanges\/"]}]},{"@type":"ImageObject","inLanguage":"de","@id":"https:\/\/messanges-surf-school.com\/de\/besichtigung-messanges\/#primaryimage","url":"https:\/\/messanges-surf-school.com\/wp-content\/uploads\/2013\/11\/tourisme-coucher-soleil-ocean.jpg","contentUrl":"https:\/\/messanges-surf-school.com\/wp-content\/uploads\/2013\/11\/tourisme-coucher-soleil-ocean.jpg"},{"@type":"BreadcrumbList","@id":"https:\/\/messanges-surf-school.com\/de\/besichtigung-messanges\/#breadcrumb","itemListElement":[{"@type":"ListItem","position":1,"name":"Home","item":"https:\/\/messanges-surf-school.com\/de\/"},{"@type":"ListItem","position":2,"name":"Besichtigung"}]},{"@type":"WebSite","@id":"https:\/\/messanges-surf-school.com\/de\/#website","url":"https:\/\/messanges-surf-school.com\/de\/","name":"Cours et stages de surf dans les Landes - Messanges Surf School","description":"Surfen lernen in Landes, Messanges, Vieux-Boucau, Seignosse, Hossegor, Capbreton","potentialAction":[{"@type":"SearchAction","target":{"@type":"EntryPoint","urlTemplate":"https:\/\/messanges-surf-school.com\/de\/?s={search_term_string}"},"query-input":{"@type":"PropertyValueSpecification","valueRequired":true,"valueName":"search_term_string"}}],"inLanguage":"de"}]}},"_links":{"self":[{"href":"https:\/\/messanges-surf-school.com\/de\/wp-json\/wp\/v2\/pages\/392","targetHints":{"allow":["GET"]}}],"collection":[{"href":"https:\/\/messanges-surf-school.com\/de\/wp-json\/wp\/v2\/pages"}],"about":[{"href":"https:\/\/messanges-surf-school.com\/de\/wp-json\/wp\/v2\/types\/page"}],"author":[{"embeddable":true,"href":"https:\/\/messanges-surf-school.com\/de\/wp-json\/wp\/v2\/users\/4"}],"replies":[{"embeddable":true,"href":"https:\/\/messanges-surf-school.com\/de\/wp-json\/wp\/v2\/comments?post=392"}],"version-history":[{"count":5,"href":"https:\/\/messanges-surf-school.com\/de\/wp-json\/wp\/v2\/pages\/392\/revisions"}],"predecessor-version":[{"id":19978,"href":"https:\/\/messanges-surf-school.com\/de\/wp-json\/wp\/v2\/pages\/392\/revisions\/19978"}],"wp:attachment":[{"href":"https:\/\/messanges-surf-school.com\/de\/wp-json\/wp\/v2\/media?parent=392"}],"curies":[{"name":"wp","href":"https:\/\/api.w.org\/{rel}","templated":true}]}}