{"id":382,"date":"2014-01-02T20:37:52","date_gmt":"2014-01-02T19:37:52","guid":{"rendered":"https:\/\/messanges-surf-school.com\/\/?page_id=382"},"modified":"2025-07-14T16:18:00","modified_gmt":"2025-07-14T15:18:00","slug":"surfmaterialmiete","status":"publish","type":"page","link":"https:\/\/messanges-surf-school.com\/de\/surfmaterialmiete\/","title":{"rendered":"Surfmaterialmiete"},"content":{"rendered":"<p>[vc_row type=&#8220;full-nopad&#8220;][vc_column]<div class=\"nm-banner-slider slider-type-full slick-slider slick-controls-gray slick-dots-inside\" data-adaptive-height=\"true\" data-arrows=\"true\" data-dots=\"true\" >\r\n\t\t\t<div class=\"nm-banner content-full image-type-fluid has-alt-image text-color-light\" style=\"\"><a href=\"http:\/\/iclope.cluster013.ovh.net\/messanges2018\/de\/produkt-kategorie\/surfmaterialmiete\/\" class=\"nm-banner-link nm-banner-link-full\"><img decoding=\"async\" src=\"https:\/\/messanges-surf-school.com\/wp-content\/uploads\/2018\/03\/location.jpg\" alt=\"location\" \/><img decoding=\"async\" src=\"https:\/\/messanges-surf-school.com\/wp-content\/uploads\/2018\/03\/location-mobile.jpg\" class=\"nm-banner-alt-image img\" \/>\r\n\t\t\t\t<div class=\"nm-banner-content\">\r\n\t\t\t\t\t<div class=\"nm-banner-content-inner\">\r\n\t\t\t\t\t\t<div class=\"nm-banner-text h_left v_top align_left\" style=\"\">\r\n\t\t\t\t\t\t\t<div class=\"nm-banner-text-inner\"><h1 class=\"nm-banner-title medium\">Surf- und Bodyboard-Verleih<\/h1><h2 class=\"nm-banner-subtitle nm-alt-font\">Surfbretter, Bodyboards, Neoprenanzug<\/h2><\/div>\r\n\t\t\t\t\t\t<\/div>\r\n\t\t\t\t\t<\/div>\r\n\t\t\t\t<\/div><\/a>\r\n\t\t\t<\/div>\r\n\t\t\t<div class=\"nm-banner content-full image-type-fluid has-alt-image text-color-light\" style=\"\"><img decoding=\"async\" src=\"https:\/\/messanges-surf-school.com\/wp-content\/uploads\/2018\/03\/location-planches.jpg\" alt=\"location-planches\" \/><img decoding=\"async\" src=\"https:\/\/messanges-surf-school.com\/wp-content\/uploads\/2018\/03\/location-planches-mobile.jpg\" class=\"nm-banner-alt-image img\" \/>\r\n\t\t\t\t<div class=\"nm-banner-content\">\r\n\t\t\t\t\t<div class=\"nm-banner-content-inner\">\r\n\t\t\t\t\t\t<div class=\"nm-banner-text h_left v_top align_left\" style=\"\">\r\n\t\t\t\t\t\t\t<div class=\"nm-banner-text-inner\"><h2 class=\"nm-banner-title medium\">Genie\u00dfen Sie hochwertige Surfausr\u00fcstung<\/h2><h2 class=\"nm-banner-subtitle nm-alt-font\">Technische oder klassische Boards<\/h2><\/div>\r\n\t\t\t\t\t\t<\/div>\r\n\t\t\t\t\t<\/div>\r\n\t\t\t\t<\/div>\r\n\t\t\t<\/div>\r\n\t\t\t<div class=\"nm-banner content-full image-type-fluid has-alt-image text-color-light\" style=\"\"><img decoding=\"async\" src=\"https:\/\/messanges-surf-school.com\/wp-content\/uploads\/2018\/03\/choix-planches.jpg\" alt=\"choix-planches\" \/><img decoding=\"async\" src=\"https:\/\/messanges-surf-school.com\/wp-content\/uploads\/2018\/03\/choix-planches-mobile.jpg\" class=\"nm-banner-alt-image img\" \/>\r\n\t\t\t\t<div class=\"nm-banner-content\">\r\n\t\t\t\t\t<div class=\"nm-banner-content-inner\">\r\n\t\t\t\t\t\t<div class=\"nm-banner-text h_left v_top align_left\" style=\"\">\r\n\t\t\t\t\t\t\t<div class=\"nm-banner-text-inner\"><h2 class=\"nm-banner-title medium\">Eine gro\u00dfe Auswahl an Boards<\/h2><h2 class=\"nm-banner-subtitle nm-alt-font\">Material f\u00fcr jede Art von Surfer<\/h2><\/div>\r\n\t\t\t\t\t\t<\/div>\r\n\t\t\t\t\t<\/div>\r\n\t\t\t\t<\/div>\r\n\t\t\t<\/div><\/div>[\/vc_column][\/vc_row][vc_row css=&#8220;.vc_custom_1519648806166{padding-top: 32px !important;padding-bottom: 32px !important;}&#8220;][vc_column][vc_single_image image=&#8220;19898&#8243; img_size=&#8220;370&#215;250&#8243; alignment=&#8220;center&#8220;][vc_empty_space][vc_column_text]<\/p>\n<p style=\"text-align: center;\">An der Surfschule, vermieten wir eine Sammlung von Surfbrettern f\u00fcr alle Niveaus, sowie Bodyboards und Neoprenanz\u00fcge.<\/p>\n<p style=\"text-align: center;\">Unten sind alle Informationene \u00fcber unsere Surboards.<\/p>\n<p>&nbsp;<\/p>\n<table class=\"tab-location\">\n<thead>\n<tr>\n<th class=\"formule\">Dauer<\/th>\n<th class=\"reste\">Anf\u00e4nger Surfbrett<\/th>\n<th class=\"reste\">Technisches Surfbrett<\/th>\n<th class=\"reste\">Bodyboard + Flossen<\/th>\n<th class=\"reste\">Anzug<\/th>\n<\/tr>\n<\/thead>\n<tbody>\n<tr>\n<td>2 St<\/td>\n<td>15 \u20ac<\/td>\n<td>20 \u20ac<\/td>\n<td>10 \u20ac<\/td>\n<td>5 \u20ac<\/td>\n<\/tr>\n<tr>\n<td>4 St<\/td>\n<td>20 \u20ac<\/td>\n<td>25 \u20ac<\/td>\n<td>15 \u20ac<\/td>\n<td>10 \u20ac<\/td>\n<\/tr>\n<tr>\n<td>1 Tag<\/td>\n<td>25 \u20ac<\/td>\n<td>30 \u20ac<\/td>\n<td>20 \u20ac<\/td>\n<td>15 \u20ac<\/td>\n<\/tr>\n<tr>\n<td>2 Tag<\/td>\n<td>45 \u20ac<\/td>\n<td>50 \u20ac<\/td>\n<td>30 \u20ac<\/td>\n<td>20 \u20ac<\/td>\n<\/tr>\n<tr>\n<td>3 Tag<\/td>\n<td>60 \u20ac<\/td>\n<td>65 \u20ac<\/td>\n<td>40 \u20ac<\/td>\n<td>30 \u20ac<\/td>\n<\/tr>\n<tr>\n<td>4 Tag<\/td>\n<td>75 \u20ac<\/td>\n<td>80 \u20ac<\/td>\n<td>50 \u20ac<\/td>\n<td>40 \u20ac<\/td>\n<\/tr>\n<tr>\n<td>5 Tag<\/td>\n<td>90 \u20ac<\/td>\n<td>95 \u20ac<\/td>\n<td>60 \u20ac<\/td>\n<td>50 \u20ac<\/td>\n<\/tr>\n<tr>\n<td>6 Tag<\/td>\n<td>105 \u20ac<\/td>\n<td>110 \u20ac<\/td>\n<td>70 \u20ac<\/td>\n<td>60 \u20ac<\/td>\n<\/tr>\n<tr>\n<td>7 Tag<\/td>\n<td>115 \u20ac<\/td>\n<td>120 \u20ac<\/td>\n<td>80 \u20ac<\/td>\n<td>70 \u20ac<\/td>\n<\/tr>\n<\/tbody>\n<\/table>\n<p>[\/vc_column_text][\/vc_column][\/vc_row][vc_row][vc_column][vc_empty_space][\/vc_column][\/vc_row][vc_row css=&#8220;.vc_custom_1519649002534{padding-top: 32px !important;padding-bottom: 32px !important;background-color: #ebebeb !important;}&#8220;][vc_column][vc_empty_space][vc_custom_heading text=&#8220;Buchen Sie Ihr Surfbrett online&#8220; use_theme_fonts=&#8220;yes&#8220;][vc_empty_space][vc_raw_html]JTNDaWZyYW1lJTBBJTIwJTIwaWQlM0QlMjJpbmxpbmVGcmFtZUV4YW1wbGUlMjIlMEElMjAlMjB0aXRsZSUzRCUyMlIlQzMlQTklMjIlMEElMjAlMjB3aWR0aCUzRCUyMjEwMCUyNSUyMiUwQSUyMCUyMGhlaWdodCUzRCUyMjkwMCUyMiUwQSUyMCUyMHNyYyUzRCUyMmh0dHBzJTNBJTJGJTJGbWVzc2FuZ2VzLXN1cmYtc2Nob29sLmJsb293YXRjaC5jb20lMkZib29raW5nJTNGY2F0ZWdvcnlJZCUzRDE1NzAzJTIyJTNFJTBBJTNDJTJGaWZyYW1lJTNF[\/vc_raw_html]<div class=\"woocommerce columns-4 \"><\/div>[\/vc_column][\/vc_row][vc_row css=&#8220;.vc_custom_1519648806166{padding-top: 32px !important;padding-bottom: 32px !important;}&#8220;][vc_column][vc_empty_space][vc_custom_heading text=&#8220;Anf\u00e4ngermodelle und Hardware-Beschreibung&#8220; use_theme_fonts=&#8220;yes&#8220;][vc_empty_space][vc_column_text]<\/p>\n<ul>\n<li><strong>SOFTECH 6&#8242; bis 9&#8242;: <\/strong>Schaumstoffplatten aller Gr\u00f6\u00dfen. Sicher surfen.<\/li>\n<li><strong>BIC EGG 7\u2032<\/strong>\u00a0: Evolutive surfboard large and thick, very stable. Beginners.<\/li>\n<li><strong>BIC PLASTIQ 7\u20193<\/strong>\u00a0: Evolutive surfboarde, suits to small persons. Beginners.<\/li>\n<li><strong>BIC PLASTIQ 7\u20199<\/strong>\u00a0: Type: Mini Malibu Surfboard. Large, thick, stable. Beginners.<\/li>\n<li><strong>BIC PAD 7\u20199<\/strong> : Type: Mini Malibu Surfboard. Large, thick, very stable. Non-skid Grip on the deck of the surfboard. Beginners.<\/li>\n<li><strong>BIC PLASTIQ 8\u20194<\/strong>\u00a0: Mini Malibu, surfboard with very big volume and very stable. Suitable for bigger riders. Beginners.<\/li>\n<li><strong>BIC PAD 8\u20194<\/strong>\u00a0: surfboard with very big volume and very stable. Suitable for bigger riders. Beginners.<\/li>\n<li><strong>BIC PAD 9\u20194<\/strong>\u00a0: Longboard. This is the magnum of our range of boards. Suitable for bigger riders. Can be used as a Stand Up Paddle (for small persons). Beginners.<\/li>\n<\/ul>\n<p>[\/vc_column_text][vc_empty_space][vc_custom_heading text=&#8220;Technische Modelle und Ger\u00e4tebeschreibung&#8220; use_theme_fonts=&#8220;yes&#8220;][vc_empty_space][vc_column_text]<\/p>\n<ul>\n<li><strong>TORQ 6\u20193 \/ 6\u20196 \/ 6\u201910 \/ 7\u20192 :\u00a0<\/strong> Performance boards. For intermediate to advance surfers.<\/li>\n<li><strong>NSP 6\u20198<\/strong>\u00a0: Egg design. For surfers aiming at doing the transition between mini-malibu and short-board. Self practising, intermediate surfers.<\/li>\n<li><strong>BIC EPOXY 7\u20196<\/strong>\u00a0: Nice board for surfers aiming at doing the transition between foamy and resin board. Self practising, intermediate surfers.<\/li>\n<li><strong>BIC 9\u2032<\/strong>\u00a0: Longboard all levels and all condition<\/li>\n<\/ul>\n<p>[\/vc_column_text][\/vc_column][\/vc_row]<\/p>\n","protected":false},"excerpt":{"rendered":"<p>[vc_row type=&#8220;full-nopad&#8220;][vc_column][\/vc_column][\/vc_row][vc_row css=&#8220;.vc_custom_1519648806166{padding-top: 32px !important;padding-bottom: 32px !important;}&#8220;][vc_column][vc_single_image image=&#8220;19898&#8243; img_size=&#8220;370&#215;250&#8243; alignment=&#8220;center&#8220;][vc_empty_space][vc_column_text] An der Surfschule, vermieten wir eine Sammlung von Surfbrettern f\u00fcr alle Niveaus, sowie Bodyboards und Neoprenanz\u00fcge. Unten sind alle Informationene \u00fcber unsere Surboards. &nbsp; Dauer Anf\u00e4nger Surfbrett Technisches Surfbrett Bodyboard + Flossen Anzug 2 St 15 \u20ac 20 \u20ac 10 \u20ac 5 \u20ac 4 St &hellip;<\/p>\n","protected":false},"author":4,"featured_media":0,"parent":0,"menu_order":78,"comment_status":"closed","ping_status":"closed","template":"page-full.php","meta":{"_acf_changed":false,"footnotes":""},"class_list":["post-382","page","type-page","status-publish","hentry"],"acf":[],"yoast_head":"<!-- This site is optimized with the Yoast SEO plugin v24.0 - https:\/\/yoast.com\/wordpress\/plugins\/seo\/ -->\n<title>Vermietung Surf in Messanges - Vieux Boucau - Moliets (Landes)<\/title>\n<meta name=\"description\" content=\"Entdecken Sie die Surf- und Bodyboard-Mietpreise mit der Messanges Surf School, Surfschule zwischen Vieux Boucau &amp; Moliets in den Landes.\" \/>\n<meta name=\"robots\" content=\"index, follow, max-snippet:-1, max-image-preview:large, max-video-preview:-1\" \/>\n<link rel=\"canonical\" href=\"https:\/\/messanges-surf-school.com\/de\/surfmaterialmiete\/\" \/>\n<meta property=\"og:locale\" content=\"de_DE\" \/>\n<meta property=\"og:type\" content=\"article\" \/>\n<meta property=\"og:title\" content=\"Vermietung Surf in Messanges - Vieux Boucau - Moliets (Landes)\" \/>\n<meta property=\"og:description\" content=\"Entdecken Sie die Surf- und Bodyboard-Mietpreise mit der Messanges Surf School, Surfschule zwischen Vieux Boucau &amp; Moliets in den Landes.\" \/>\n<meta property=\"og:url\" content=\"https:\/\/messanges-surf-school.com\/de\/surfmaterialmiete\/\" \/>\n<meta property=\"og:site_name\" content=\"Messanges Surf School - Landes\" \/>\n<meta property=\"article:publisher\" content=\"https:\/\/www.facebook.com\/Messanges-Surf-School-167386058067\/\" \/>\n<meta property=\"article:modified_time\" content=\"2025-07-14T15:18:00+00:00\" \/>\n<meta name=\"twitter:label1\" content=\"Gesch\u00e4tzte Lesezeit\" \/>\n\t<meta name=\"twitter:data1\" content=\"3\u00a0Minuten\" \/>\n<script type=\"application\/ld+json\" class=\"yoast-schema-graph\">{\"@context\":\"https:\/\/schema.org\",\"@graph\":[{\"@type\":\"WebPage\",\"@id\":\"https:\/\/messanges-surf-school.com\/de\/surfmaterialmiete\/\",\"url\":\"https:\/\/messanges-surf-school.com\/de\/surfmaterialmiete\/\",\"name\":\"Vermietung Surf in Messanges - Vieux Boucau - Moliets (Landes)\",\"isPartOf\":{\"@id\":\"https:\/\/messanges-surf-school.com\/de\/#website\"},\"datePublished\":\"2014-01-02T19:37:52+00:00\",\"dateModified\":\"2025-07-14T15:18:00+00:00\",\"description\":\"Entdecken Sie die Surf- und Bodyboard-Mietpreise mit der Messanges Surf School, Surfschule zwischen Vieux Boucau & Moliets in den Landes.\",\"breadcrumb\":{\"@id\":\"https:\/\/messanges-surf-school.com\/de\/surfmaterialmiete\/#breadcrumb\"},\"inLanguage\":\"de\",\"potentialAction\":[{\"@type\":\"ReadAction\",\"target\":[\"https:\/\/messanges-surf-school.com\/de\/surfmaterialmiete\/\"]}]},{\"@type\":\"BreadcrumbList\",\"@id\":\"https:\/\/messanges-surf-school.com\/de\/surfmaterialmiete\/#breadcrumb\",\"itemListElement\":[{\"@type\":\"ListItem\",\"position\":1,\"name\":\"Home\",\"item\":\"https:\/\/messanges-surf-school.com\/de\/\"},{\"@type\":\"ListItem\",\"position\":2,\"name\":\"Surfmaterialmiete\"}]},{\"@type\":\"WebSite\",\"@id\":\"https:\/\/messanges-surf-school.com\/de\/#website\",\"url\":\"https:\/\/messanges-surf-school.com\/de\/\",\"name\":\"Messanges Surf School - Landes\",\"description\":\"Surfen lernen in Landes, Messanges, Vieux-Boucau, Seignosse, Hossegor, Capbreton\",\"potentialAction\":[{\"@type\":\"SearchAction\",\"target\":{\"@type\":\"EntryPoint\",\"urlTemplate\":\"https:\/\/messanges-surf-school.com\/de\/?s={search_term_string}\"},\"query-input\":{\"@type\":\"PropertyValueSpecification\",\"valueRequired\":true,\"valueName\":\"search_term_string\"}}],\"inLanguage\":\"de\"}]}<\/script>\n<!-- \/ Yoast SEO plugin. -->","yoast_head_json":{"title":"Vermietung Surf in Messanges - Vieux Boucau - Moliets (Landes)","description":"Entdecken Sie die Surf- und Bodyboard-Mietpreise mit der Messanges Surf School, Surfschule zwischen Vieux Boucau & Moliets in den Landes.","robots":{"index":"index","follow":"follow","max-snippet":"max-snippet:-1","max-image-preview":"max-image-preview:large","max-video-preview":"max-video-preview:-1"},"canonical":"https:\/\/messanges-surf-school.com\/de\/surfmaterialmiete\/","og_locale":"de_DE","og_type":"article","og_title":"Vermietung Surf in Messanges - Vieux Boucau - Moliets (Landes)","og_description":"Entdecken Sie die Surf- und Bodyboard-Mietpreise mit der Messanges Surf School, Surfschule zwischen Vieux Boucau & Moliets in den Landes.","og_url":"https:\/\/messanges-surf-school.com\/de\/surfmaterialmiete\/","og_site_name":"Messanges Surf School - Landes","article_publisher":"https:\/\/www.facebook.com\/Messanges-Surf-School-167386058067\/","article_modified_time":"2025-07-14T15:18:00+00:00","twitter_misc":{"Gesch\u00e4tzte Lesezeit":"3\u00a0Minuten"},"schema":{"@context":"https:\/\/schema.org","@graph":[{"@type":"WebPage","@id":"https:\/\/messanges-surf-school.com\/de\/surfmaterialmiete\/","url":"https:\/\/messanges-surf-school.com\/de\/surfmaterialmiete\/","name":"Vermietung Surf in Messanges - Vieux Boucau - Moliets (Landes)","isPartOf":{"@id":"https:\/\/messanges-surf-school.com\/de\/#website"},"datePublished":"2014-01-02T19:37:52+00:00","dateModified":"2025-07-14T15:18:00+00:00","description":"Entdecken Sie die Surf- und Bodyboard-Mietpreise mit der Messanges Surf School, Surfschule zwischen Vieux Boucau & Moliets in den Landes.","breadcrumb":{"@id":"https:\/\/messanges-surf-school.com\/de\/surfmaterialmiete\/#breadcrumb"},"inLanguage":"de","potentialAction":[{"@type":"ReadAction","target":["https:\/\/messanges-surf-school.com\/de\/surfmaterialmiete\/"]}]},{"@type":"BreadcrumbList","@id":"https:\/\/messanges-surf-school.com\/de\/surfmaterialmiete\/#breadcrumb","itemListElement":[{"@type":"ListItem","position":1,"name":"Home","item":"https:\/\/messanges-surf-school.com\/de\/"},{"@type":"ListItem","position":2,"name":"Surfmaterialmiete"}]},{"@type":"WebSite","@id":"https:\/\/messanges-surf-school.com\/de\/#website","url":"https:\/\/messanges-surf-school.com\/de\/","name":"Messanges Surf School - Landes","description":"Surfen lernen in Landes, Messanges, Vieux-Boucau, Seignosse, Hossegor, Capbreton","potentialAction":[{"@type":"SearchAction","target":{"@type":"EntryPoint","urlTemplate":"https:\/\/messanges-surf-school.com\/de\/?s={search_term_string}"},"query-input":{"@type":"PropertyValueSpecification","valueRequired":true,"valueName":"search_term_string"}}],"inLanguage":"de"}]}},"_links":{"self":[{"href":"https:\/\/messanges-surf-school.com\/de\/wp-json\/wp\/v2\/pages\/382","targetHints":{"allow":["GET"]}}],"collection":[{"href":"https:\/\/messanges-surf-school.com\/de\/wp-json\/wp\/v2\/pages"}],"about":[{"href":"https:\/\/messanges-surf-school.com\/de\/wp-json\/wp\/v2\/types\/page"}],"author":[{"embeddable":true,"href":"https:\/\/messanges-surf-school.com\/de\/wp-json\/wp\/v2\/users\/4"}],"replies":[{"embeddable":true,"href":"https:\/\/messanges-surf-school.com\/de\/wp-json\/wp\/v2\/comments?post=382"}],"version-history":[{"count":5,"href":"https:\/\/messanges-surf-school.com\/de\/wp-json\/wp\/v2\/pages\/382\/revisions"}],"predecessor-version":[{"id":22533,"href":"https:\/\/messanges-surf-school.com\/de\/wp-json\/wp\/v2\/pages\/382\/revisions\/22533"}],"wp:attachment":[{"href":"https:\/\/messanges-surf-school.com\/de\/wp-json\/wp\/v2\/media?parent=382"}],"curies":[{"name":"wp","href":"https:\/\/api.w.org\/{rel}","templated":true}]}}