{"id":342,"date":"2014-01-02T20:50:37","date_gmt":"2014-01-02T19:50:37","guid":{"rendered":"https:\/\/messanges-surf-school.com\/\/?page_id=342"},"modified":"2017-04-24T10:19:41","modified_gmt":"2017-04-24T09:19:41","slug":"kontakt","status":"publish","type":"page","link":"https:\/\/messanges-surf-school.com\/de\/kontakt\/","title":{"rendered":"Kontakt"},"content":{"rendered":"<h1>Kontakt<\/h1>\n<p>&nbsp;<\/p>\n<p><i class=\"circular inverted black user icon\"><\/i> Cyril\u00a0und Fabien<\/p>\n<p><i class=\"circular inverted black email basic icon\"><\/i> contact@messanges-surf-school.com<\/p>\n<p><i class=\"circular inverted black mobile icon\"><\/i> +33 (0)6 77 48 73 85<\/p>\n<p><i class=\"circular inverted black mail icon\"><\/i> O&#8217;Ride Surf Company, Route de la C\u00f4te d&#8217;Argent, La Prade,\u00a040660 Messanges, Frankreich<\/p>\n<p><i class=\"circular inverted black pin basic icon\"><\/i> Plage Sud de Messanges &#8211; S\u00fcd Strand<\/p>\n<p><i class=\"circular inverted black question link icon\"><\/i> Hier finden Sie Antworten auf Ihre Fragen!<\/p>\n<p><i class=\"circular inverted black unmute icon\"><\/i> Ihre Meinung ist f\u00fcr uns wichtig! F\u00fcllen Sie unsere Zufriedenheitsbefragung aus!<br \/>\nEin gro\u00dfes Dankesch\u00f6n f\u00fcr Ihre Kommentare, die uns helfen, unseren Service zu verbessern.<\/p>\n","protected":false},"excerpt":{"rendered":"<p>Kontakt &nbsp; Cyril\u00a0und Fabien contact@messanges-surf-school.com +33 (0)6 77 48 73 85 O&#8217;Ride Surf Company, Route de la C\u00f4te d&#8217;Argent, La Prade,\u00a040660 Messanges, Frankreich Plage Sud de Messanges &#8211; S\u00fcd Strand Hier finden Sie Antworten auf Ihre Fragen! Ihre Meinung ist f\u00fcr uns wichtig! F\u00fcllen Sie unsere Zufriedenheitsbefragung aus! Ein gro\u00dfes Dankesch\u00f6n f\u00fcr Ihre Kommentare, die &hellip;<\/p>\n","protected":false},"author":4,"featured_media":0,"parent":0,"menu_order":68,"comment_status":"open","ping_status":"open","template":"","meta":{"_acf_changed":false,"footnotes":""},"class_list":["post-342","page","type-page","status-publish","hentry"],"acf":[],"yoast_head":"<!-- This site is optimized with the Yoast SEO plugin v27.3 - https:\/\/yoast.com\/product\/yoast-seo-wordpress\/ -->\n<title>Kontakt - Messanges Surf School - Landes<\/title>\n<meta name=\"robots\" content=\"index, follow, max-snippet:-1, max-image-preview:large, max-video-preview:-1\" \/>\n<link rel=\"canonical\" href=\"https:\/\/messanges-surf-school.com\/de\/kontakt\/\" \/>\n<meta property=\"og:locale\" content=\"de_DE\" \/>\n<meta property=\"og:type\" content=\"article\" \/>\n<meta property=\"og:title\" content=\"Kontakt - Messanges Surf School - Landes\" \/>\n<meta property=\"og:description\" content=\"Kontakt &nbsp; Cyril\u00a0und Fabien contact@messanges-surf-school.com +33 (0)6 77 48 73 85 O&#8217;Ride Surf Company, Route de la C\u00f4te d&#8217;Argent, La Prade,\u00a040660 Messanges, Frankreich Plage Sud de Messanges &#8211; S\u00fcd Strand Hier finden Sie Antworten auf Ihre Fragen! Ihre Meinung ist f\u00fcr uns wichtig! F\u00fcllen Sie unsere Zufriedenheitsbefragung aus! Ein gro\u00dfes Dankesch\u00f6n f\u00fcr Ihre Kommentare, die &hellip;\" \/>\n<meta property=\"og:url\" content=\"https:\/\/messanges-surf-school.com\/de\/kontakt\/\" \/>\n<meta property=\"og:site_name\" content=\"Messanges Surf School - Landes\" \/>\n<meta property=\"article:publisher\" content=\"https:\/\/www.facebook.com\/Messanges-Surf-School-167386058067\/\" \/>\n<meta property=\"article:modified_time\" content=\"2017-04-24T09:19:41+00:00\" \/>\n<script type=\"application\/ld+json\" class=\"yoast-schema-graph\">{\"@context\":\"https:\\\/\\\/schema.org\",\"@graph\":[{\"@type\":\"WebPage\",\"@id\":\"https:\\\/\\\/messanges-surf-school.com\\\/de\\\/kontakt\\\/\",\"url\":\"https:\\\/\\\/messanges-surf-school.com\\\/de\\\/kontakt\\\/\",\"name\":\"Kontakt - Messanges Surf School - Landes\",\"isPartOf\":{\"@id\":\"https:\\\/\\\/messanges-surf-school.com\\\/de\\\/#website\"},\"datePublished\":\"2014-01-02T19:50:37+00:00\",\"dateModified\":\"2017-04-24T09:19:41+00:00\",\"breadcrumb\":{\"@id\":\"https:\\\/\\\/messanges-surf-school.com\\\/de\\\/kontakt\\\/#breadcrumb\"},\"inLanguage\":\"de\",\"potentialAction\":[{\"@type\":\"ReadAction\",\"target\":[\"https:\\\/\\\/messanges-surf-school.com\\\/de\\\/kontakt\\\/\"]}]},{\"@type\":\"BreadcrumbList\",\"@id\":\"https:\\\/\\\/messanges-surf-school.com\\\/de\\\/kontakt\\\/#breadcrumb\",\"itemListElement\":[{\"@type\":\"ListItem\",\"position\":1,\"name\":\"Home\",\"item\":\"https:\\\/\\\/messanges-surf-school.com\\\/de\\\/\"},{\"@type\":\"ListItem\",\"position\":2,\"name\":\"Kontakt\"}]},{\"@type\":\"WebSite\",\"@id\":\"https:\\\/\\\/messanges-surf-school.com\\\/de\\\/#website\",\"url\":\"https:\\\/\\\/messanges-surf-school.com\\\/de\\\/\",\"name\":\"Cours et stages de surf dans les Landes - Messanges Surf School\",\"description\":\"Surfen lernen in Landes, Messanges, Vieux-Boucau, Seignosse, Hossegor, Capbreton\",\"potentialAction\":[{\"@type\":\"SearchAction\",\"target\":{\"@type\":\"EntryPoint\",\"urlTemplate\":\"https:\\\/\\\/messanges-surf-school.com\\\/de\\\/?s={search_term_string}\"},\"query-input\":{\"@type\":\"PropertyValueSpecification\",\"valueRequired\":true,\"valueName\":\"search_term_string\"}}],\"inLanguage\":\"de\"}]}<\/script>\n<!-- \/ Yoast SEO plugin. -->","yoast_head_json":{"title":"Kontakt - Messanges Surf School - Landes","robots":{"index":"index","follow":"follow","max-snippet":"max-snippet:-1","max-image-preview":"max-image-preview:large","max-video-preview":"max-video-preview:-1"},"canonical":"https:\/\/messanges-surf-school.com\/de\/kontakt\/","og_locale":"de_DE","og_type":"article","og_title":"Kontakt - Messanges Surf School - Landes","og_description":"Kontakt &nbsp; Cyril\u00a0und Fabien contact@messanges-surf-school.com +33 (0)6 77 48 73 85 O&#8217;Ride Surf Company, Route de la C\u00f4te d&#8217;Argent, La Prade,\u00a040660 Messanges, Frankreich Plage Sud de Messanges &#8211; S\u00fcd Strand Hier finden Sie Antworten auf Ihre Fragen! Ihre Meinung ist f\u00fcr uns wichtig! F\u00fcllen Sie unsere Zufriedenheitsbefragung aus! Ein gro\u00dfes Dankesch\u00f6n f\u00fcr Ihre Kommentare, die &hellip;","og_url":"https:\/\/messanges-surf-school.com\/de\/kontakt\/","og_site_name":"Messanges Surf School - Landes","article_publisher":"https:\/\/www.facebook.com\/Messanges-Surf-School-167386058067\/","article_modified_time":"2017-04-24T09:19:41+00:00","schema":{"@context":"https:\/\/schema.org","@graph":[{"@type":"WebPage","@id":"https:\/\/messanges-surf-school.com\/de\/kontakt\/","url":"https:\/\/messanges-surf-school.com\/de\/kontakt\/","name":"Kontakt - Messanges Surf School - Landes","isPartOf":{"@id":"https:\/\/messanges-surf-school.com\/de\/#website"},"datePublished":"2014-01-02T19:50:37+00:00","dateModified":"2017-04-24T09:19:41+00:00","breadcrumb":{"@id":"https:\/\/messanges-surf-school.com\/de\/kontakt\/#breadcrumb"},"inLanguage":"de","potentialAction":[{"@type":"ReadAction","target":["https:\/\/messanges-surf-school.com\/de\/kontakt\/"]}]},{"@type":"BreadcrumbList","@id":"https:\/\/messanges-surf-school.com\/de\/kontakt\/#breadcrumb","itemListElement":[{"@type":"ListItem","position":1,"name":"Home","item":"https:\/\/messanges-surf-school.com\/de\/"},{"@type":"ListItem","position":2,"name":"Kontakt"}]},{"@type":"WebSite","@id":"https:\/\/messanges-surf-school.com\/de\/#website","url":"https:\/\/messanges-surf-school.com\/de\/","name":"Cours et stages de surf dans les Landes - Messanges Surf School","description":"Surfen lernen in Landes, Messanges, Vieux-Boucau, Seignosse, Hossegor, Capbreton","potentialAction":[{"@type":"SearchAction","target":{"@type":"EntryPoint","urlTemplate":"https:\/\/messanges-surf-school.com\/de\/?s={search_term_string}"},"query-input":{"@type":"PropertyValueSpecification","valueRequired":true,"valueName":"search_term_string"}}],"inLanguage":"de"}]}},"_links":{"self":[{"href":"https:\/\/messanges-surf-school.com\/de\/wp-json\/wp\/v2\/pages\/342","targetHints":{"allow":["GET"]}}],"collection":[{"href":"https:\/\/messanges-surf-school.com\/de\/wp-json\/wp\/v2\/pages"}],"about":[{"href":"https:\/\/messanges-surf-school.com\/de\/wp-json\/wp\/v2\/types\/page"}],"author":[{"embeddable":true,"href":"https:\/\/messanges-surf-school.com\/de\/wp-json\/wp\/v2\/users\/4"}],"replies":[{"embeddable":true,"href":"https:\/\/messanges-surf-school.com\/de\/wp-json\/wp\/v2\/comments?post=342"}],"version-history":[{"count":0,"href":"https:\/\/messanges-surf-school.com\/de\/wp-json\/wp\/v2\/pages\/342\/revisions"}],"wp:attachment":[{"href":"https:\/\/messanges-surf-school.com\/de\/wp-json\/wp\/v2\/media?parent=342"}],"curies":[{"name":"wp","href":"https:\/\/api.w.org\/{rel}","templated":true}]}}