{"id":311,"date":"2014-01-02T19:47:53","date_gmt":"2014-01-02T18:47:53","guid":{"rendered":"https:\/\/messanges-surf-school.com\/\/cours-de-surf-2\/"},"modified":"2025-05-14T15:16:20","modified_gmt":"2025-05-14T14:16:20","slug":"surfkurse","status":"publish","type":"page","link":"https:\/\/messanges-surf-school.com\/de\/surfkurse\/","title":{"rendered":"Surfkurse"},"content":{"rendered":"<p>[vc_row type=&#8220;full-nopad&#8220;][vc_column]<div class=\"nm-banner-slider slider-type-full slick-slider slick-controls-gray slick-dots-inside\" data-adaptive-height=\"true\" data-arrows=\"true\" data-dots=\"true\" >\r\n\t\t\t<div class=\"nm-banner content-full image-type-fluid has-alt-image text-color-light\" style=\"\"><img decoding=\"async\" src=\"https:\/\/messanges-surf-school.com\/wp-content\/uploads\/2018\/04\/cours-surf-slide.jpg\" alt=\"cours-surf-slide\" \/><img decoding=\"async\" src=\"https:\/\/messanges-surf-school.com\/wp-content\/uploads\/2018\/04\/cours-surf-slide-mobile.jpg\" class=\"nm-banner-alt-image img\" \/>\r\n\t\t\t\t<div class=\"nm-banner-content\">\r\n\t\t\t\t\t<div class=\"nm-banner-content-inner\">\r\n\t\t\t\t\t\t<div class=\"nm-banner-text h_left v_top align_left\" style=\"\">\r\n\t\t\t\t\t\t\t<div class=\"nm-banner-text-inner\"><h2 class=\"nm-banner-title medium\">Surf-Schnupperkurs<\/h2><h3 class=\"nm-banner-subtitle nm-alt-font\">Entdecken Sie die Freude des Gleitens!!<\/h3><a href=\"https:\/\/messanges-surf-school.bloowatch.com\/booking?categoryId=14305\" class=\"nm-banner-link nm-banner-shop-link\">ab 37\u20ac<\/a><\/div>\r\n\t\t\t\t\t\t<\/div>\r\n\t\t\t\t\t<\/div>\r\n\t\t\t\t<\/div>\r\n\t\t\t<\/div>\r\n\t\t\t<div class=\"nm-banner content-full image-type-fluid has-alt-image text-color-light\" style=\"\"><img decoding=\"async\" src=\"https:\/\/messanges-surf-school.com\/wp-content\/uploads\/2018\/04\/stage-surf-1.jpg\" alt=\"stage-surf\" \/><img decoding=\"async\" src=\"https:\/\/messanges-surf-school.com\/wp-content\/uploads\/2018\/04\/stage-surf-mobile-1.jpg\" class=\"nm-banner-alt-image img\" \/>\r\n\t\t\t\t<div class=\"nm-banner-content\">\r\n\t\t\t\t\t<div class=\"nm-banner-content-inner\">\r\n\t\t\t\t\t\t<div class=\"nm-banner-text h_left v_top align_left\" style=\"\">\r\n\t\t\t\t\t\t\t<div class=\"nm-banner-text-inner\"><h2 class=\"nm-banner-title medium\">Surfkurse: Vergn\u00fcgen und Fortschritt garantiert!<\/h2><h3 class=\"nm-banner-subtitle nm-alt-font\">Formeln 3 und 5 Sitzungen<\/h3><\/div>\r\n\t\t\t\t\t\t<\/div>\r\n\t\t\t\t\t<\/div>\r\n\t\t\t\t<\/div>\r\n\t\t\t<\/div>\r\n\t\t\t<div class=\"nm-banner content-full image-type-fluid has-alt-image text-color-light\" style=\"\"><img decoding=\"async\" src=\"https:\/\/messanges-surf-school.com\/wp-content\/uploads\/2018\/04\/stage-intensif.jpg\" alt=\"stage-intensif\" \/><img decoding=\"async\" src=\"https:\/\/messanges-surf-school.com\/wp-content\/uploads\/2018\/04\/stage-intensif-mobile.jpg\" class=\"nm-banner-alt-image img\" \/>\r\n\t\t\t\t<div class=\"nm-banner-content\">\r\n\t\t\t\t\t<div class=\"nm-banner-content-inner\">\r\n\t\t\t\t\t\t<div class=\"nm-banner-text h_left v_top align_left\" style=\"\">\r\n\t\t\t\t\t\t\t<div class=\"nm-banner-text-inner\"><h2 class=\"nm-banner-title medium\">Fortgeschrittenenkurse<\/h2><h2 class=\"nm-banner-subtitle nm-alt-font\">f\u00fcr erfahrene Surfer, um Technik verbessern und an neuen Man\u00f6vern arbeiten<\/h2><a href=\"https:\/\/messanges-surf-school.bloowatch.com\/booking\/products\/214276\" class=\"nm-banner-link nm-banner-shop-link\">A 45\u20ac<\/a><\/div>\r\n\t\t\t\t\t\t<\/div>\r\n\t\t\t\t\t<\/div>\r\n\t\t\t\t<\/div>\r\n\t\t\t<\/div>\r\n\t\t\t<div class=\"nm-banner content-full image-type-fluid has-alt-image text-color-light\" style=\"\"><img decoding=\"async\" src=\"https:\/\/messanges-surf-school.com\/wp-content\/uploads\/2018\/03\/cours-enfant-surfschool-1.jpg\" alt=\"cours-enfant-surfschool\" \/><img decoding=\"async\" src=\"https:\/\/messanges-surf-school.com\/wp-content\/uploads\/2018\/03\/cours-enfant-surfschool-mobile.jpg\" class=\"nm-banner-alt-image img\" \/>\r\n\t\t\t\t<div class=\"nm-banner-content\">\r\n\t\t\t\t\t<div class=\"nm-banner-content-inner\">\r\n\t\t\t\t\t\t<div class=\"nm-banner-text h_left v_top align_left\" style=\"\">\r\n\t\t\t\t\t\t\t<div class=\"nm-banner-text-inner\"><h2 class=\"nm-banner-title medium\">Kleiner Pirat Surf Kurs<\/h2><h2 class=\"nm-banner-subtitle nm-alt-font\">F\u00fcr Kinder bis 8 Jahren<\/h2><a href=\"https:\/\/messanges-surf-school.bloowatch.com\/booking\/products\/213987\" class=\"nm-banner-link nm-banner-shop-link\">Ab 37\u20ac<\/a><\/div>\r\n\t\t\t\t\t\t<\/div>\r\n\t\t\t\t\t<\/div>\r\n\t\t\t\t<\/div>\r\n\t\t\t<\/div><\/div>[\/vc_column][\/vc_row][vc_row][vc_column][vc_single_image image=&#8220;19956&#8243; img_size=&#8220;200&#215;170&#8243; alignment=&#8220;center&#8220;][vc_custom_heading text=&#8220;Surfkurse&#8220; font_container=&#8220;tag:h1|text_align:center&#8220; use_theme_fonts=&#8220;yes&#8220;][vc_empty_space][vc_column_text]Ihre Surfschule \u00ab Messages Surf School \u00ab liegt direkt am Strand \u00ab Messages Sud \u00bb und bietet Ihnen eine breite Auswahl an Kursen, die an verschiedene Niveaus und Ziele angepasst sind.<\/p>\n<p>Kommen Sie vorbei und surfen Sie mit uns auf einem der sch\u00f6nsten Str\u00e4nde der Region!<\/p>\n<p>Wir bieten sowohl private Surfstunden an, als auch in der Gruppe. Kurse f\u00fcr Anf\u00e4nger oder Fortgeschrittene, Kinder oder Erwachsene. Mit Sicherheit finden Sie bei uns einen passenden Kurs, der Ihren Anforderungen und W\u00fcnschen entspricht.<\/p>\n<p>Unser Team besteht aus kompetenten Surflehrinnen und -lehrern, die eine nach der franz\u00f6sischen Surfvereinigung anerkannte Ausbildung vorweisen k\u00f6nnen. Die Surfschule befindet sich in der N\u00e4he von Vieux Boucau &amp; Moliets und wir freuen uns auf Ihren Besuch am Strand \u201eMessanges Sud\u201c, um mit Ihnen unsere Surf-Leidenschaft zu teilen.<\/p>\n<p>Mit viel Begeisterung und Spa\u00df am Unterrichten, laden wir Sie ein, in einem sicheren Rahmen mit uns zu surfen. Daf\u00fcr w\u00e4hlen wir jeden Tag von Neuem den perfekten Surfspot aus, je nach Wetterbedingungen (Wellen, Wind und Gezeiten) und Ihrem pers\u00f6nlichen SurfNiveau.<\/p>\n<p>Unsere hoch qualifizierten Surflehrer zeigen euch, wie man aufs Brett aufspringt und auf der Welle reitet, wie man sich im Wasser verh\u00e4lt oder helfen euch dabei eure Technik zu verbessern. Wir<\/p>\n<p>garantieren, das\u00a0jede und jeder bei uns etwas lernen kann und der Spa\u00dffaktor darf nat\u00fcrlich auch nicht zu kurz kommen.<\/p>\n<p>Wenn Sie noch mehr \u00fcber unsere Surfschule erfahren m\u00f6chten, um einen besseren Eindruck zu bekommen, schauen Sie sich doch einfach unsere Sommervideo an, falls Sie es nicht sowieso schon gemacht haben.<\/p>\n<h3>Was ich bei der Surfkurs lernen werde:<\/h3>\n<ul>\n<li><strong>Die technischen Surf-Basics:<\/strong> paddeln, Wellen ausw\u00e4hlen und nehmen, auf dem Surfbrett aufstehen, die Richtung halten, einer Welle folgen\u2026 bis hin zu \u201etubes\u201c f\u00fcr die Ge\u00fcbteren<\/li>\n<li><strong>Verhaltens-, und Sicherheitsregeln<\/strong>, geh\u00f6ren genauso zum Surfen, wie zu lernen, wer Vorrang hat. Nur wer sich an die Regeln h\u00e4lt, wird ein verantwortungsvoller und respektierter Surfer, sowohl in Bezug auf andere, als auch auf die Umwelt.<\/li>\n<li><strong>Die Wellen und das Meer im Allgemeinen beobachten und verstehen.<\/strong> Den Surfspot analysieren, um herauszufinden wo und wie gesurft werden kann. Dabei geht es haupts\u00e4chlich um Wind, Wellen, Gezeiten, Sandb\u00e4nke und zu lernen sein Niveau einzusch\u00e4tzen.<\/li>\n<\/ul>\n<h3><strong>Ablauf eines Surfkurses an der Messanges Surf School:<\/strong><\/h3>\n<ol>\n<li><strong>Treffen<\/strong> sp\u00e4testens 15 Minuten vor Beginn des Kurses an der Surfschule. Wir befinden uns direkt am Strand gegen\u00fcber dem Surfspot, es muss also keine D\u00fcne mit dem Surfbrett unter dem Arm \u00fcberwunden werden, uns trennen nur wenige Meter vom Meer.<\/li>\n<li><strong>Ausr\u00fcstung.<\/strong> Wir ziehen die Neoprenanz\u00fcge (Full Suit = lange Arme\/Beine, Shorty = kurze Arme\/Beine) an, suchen das Brett mithilfe des Surflehrers aus und los geht\u2019s.<\/li>\n<li><strong>Kleiner Marsch am Strand, <\/strong>um zum besten Surfspot zu kommen, den der Surflehrer unter Ber\u00fccksichtigung der Bedingungen des Tages und des Niveaus der Sch\u00fclerinnen und Sch\u00fcler ausw\u00e4hlt.<\/li>\n<li><strong>Beginn des Kurses. <\/strong>Los geht\u2019s zum Surfen f\u00fcr 1h30 oder 1h (Kinder &lt; 8J.)! W\u00e4hrend der gesamten Kursdauer begleitet Sie der Surflehrer im Wasser um Ihnen Tipps zu geben und zu helfen. Das praktische \u00dcben im Wasser wechselt sich mit kurzen Theoriephasen auf dem Strand mit Erkl\u00e4rungen und Demonstration durch den Surflehrer ab.<\/li>\n<li><strong>Ende des Kurses.<\/strong> R\u00fcckkehr auf den Strand und kurze individuelle R\u00fcckmeldung.<\/li>\n<li><strong>R\u00fcckkehr zur Surfschule. <\/strong>Jeder sp\u00fclt sein Material ab, r\u00e4umt es weg und dann ab zur Dusche!<\/li>\n<li><strong>Jeder \u00fcberpr\u00fcft die Uhrzeit seines Kurses f\u00fcr den n\u00e4chsten Tag<\/strong>, bevor er die Surfschule verl\u00e4sst! Man wei\u00df nie, die Uhrzeiten k\u00f6nnen sich ver\u00e4ndern aufgrund der individuellen Fortschritte und der Surfbedingungen.<\/li>\n<\/ol>\n<p>[\/vc_column_text][vc_empty_space][vc_custom_heading text=&#8220;Buchen Sie Ihre Surfkurse online&#8220; use_theme_fonts=&#8220;yes&#8220; link=&#8220;url:https%3A%2F%2Fmessanges-surf-school.bloowatch.com%2Fbooking%3FcategoryId%3D14305|||&#8220;][\/vc_column][\/vc_row][vc_row content_placement=&#8220;top&#8220; css=&#8220;.vc_custom_1521151981052{padding-top: 32px !important;padding-bottom: 32px !important;}&#8220;][vc_column]<div class=\"woocommerce columns-7 \"><\/div>[\/vc_column][\/vc_row][vc_row css=&#8220;.vc_custom_1521196544411{background-color: #dedede !important;}&#8220;][vc_column width=&#8220;1\/2&#8243;][vc_empty_space][vc_single_image image=&#8220;15739&#8243; alignment=&#8220;center&#8220; style=&#8220;vc_box_circle_2&#8243;][vc_empty_space][vc_custom_heading text=&#8220;Informationsanfrage&#8220; font_container=&#8220;tag:h2|text_align:center&#8220; use_theme_fonts=&#8220;yes&#8220;][vc_empty_space][vc_column_text]<\/p>\n<p style=\"text-align: center;\">Sie m\u00f6chten mehr Informationen \u00fcber unsere Kurse und Surfkurse: Preise, Verf\u00fcgbarkeit, Sonderw\u00fcnsche?<\/p>\n<p>[\/vc_column_text][\/vc_column][vc_column width=&#8220;1\/2&#8243;][vc_empty_space]\n<div class=\"wpcf7 no-js\" id=\"wpcf7-f15390-o1\" lang=\"fr-FR\" dir=\"ltr\" data-wpcf7-id=\"15390\">\n<div class=\"screen-reader-response\"><p role=\"status\" aria-live=\"polite\" aria-atomic=\"true\"><\/p> <ul><\/ul><\/div>\n<form action=\"\/de\/wp-json\/wp\/v2\/pages\/311#wpcf7-f15390-o1\" method=\"post\" class=\"wpcf7-form init\" aria-label=\"Formulaire de contact\" novalidate=\"novalidate\" data-status=\"init\">\n<fieldset class=\"hidden-fields-container\"><input type=\"hidden\" name=\"_wpcf7\" value=\"15390\" \/><input type=\"hidden\" name=\"_wpcf7_version\" value=\"6.1.5\" \/><input type=\"hidden\" name=\"_wpcf7_locale\" value=\"fr_FR\" \/><input type=\"hidden\" name=\"_wpcf7_unit_tag\" value=\"wpcf7-f15390-o1\" \/><input type=\"hidden\" name=\"_wpcf7_container_post\" value=\"0\" \/><input type=\"hidden\" name=\"_wpcf7_posted_data_hash\" value=\"\" \/><input type=\"hidden\" name=\"_wpcf7_recaptcha_response\" value=\"\" \/>\n<\/fieldset>\n<p class=\"ui input icon\"><span class=\"wpcf7-form-control-wrap\" data-name=\"your-name\"><input size=\"40\" maxlength=\"400\" class=\"wpcf7-form-control wpcf7-text wpcf7-validates-as-required\" aria-required=\"true\" aria-invalid=\"false\" placeholder=\"Name, Vorname\" value=\"\" type=\"text\" name=\"your-name\" \/><\/span><i class=\"icon user myblue\"><\/i>\n<\/p>\n<p class=\"ui input icon\"><span class=\"wpcf7-form-control-wrap\" data-name=\"your-email\"><input size=\"40\" maxlength=\"400\" class=\"wpcf7-form-control wpcf7-email wpcf7-validates-as-required wpcf7-text wpcf7-validates-as-email\" aria-required=\"true\" aria-invalid=\"false\" placeholder=\"Email\" value=\"\" type=\"email\" name=\"your-email\" \/><\/span><i class=\"icon mail myblue\"><\/i>\n<\/p>\n<p class=\"ui input\"><label for=\"adultes\">Erwachsene und Kinder > 8<\/label><span class=\"wpcf7-form-control-wrap\" data-name=\"adultes\"><select class=\"wpcf7-form-control wpcf7-select\" id=\"adultes\" aria-invalid=\"false\" name=\"adultes\"><option value=\"0\">0<\/option><option value=\"1\">1<\/option><option value=\"2\">2<\/option><option value=\"3\">3<\/option><option value=\"4\">4<\/option><option value=\"5\">5<\/option><option value=\"6\">6<\/option><option value=\"7\">7<\/option><option value=\"8\">8<\/option><option value=\"9\">9<\/option><option value=\"10\">10<\/option><\/select><\/span>\n<\/p>\n<p class=\"ui input\"><label for=\"enfants\">Kinder <= 8<\/label><span class=\"wpcf7-form-control-wrap\" data-name=\"enfants\"><select class=\"wpcf7-form-control wpcf7-select\" id=\"enfants\" aria-invalid=\"false\" name=\"enfants\"><option value=\"0\">0<\/option><option value=\"1\">1<\/option><option value=\"2\">2<\/option><option value=\"3\">3<\/option><option value=\"4\">4<\/option><option value=\"5\">5<\/option><option value=\"6\">6<\/option><option value=\"7\">7<\/option><option value=\"8\">8<\/option><option value=\"9\">9<\/option><option value=\"10\">10<\/option><\/select><\/span>\n<\/p>\n<p class=\"ui input\"><label for=\"cours\"> Surfunterrichten<\/label><span class=\"wpcf7-form-control-wrap\" data-name=\"cours\"><select class=\"wpcf7-form-control wpcf7-select\" id=\"cours\" aria-invalid=\"false\" name=\"cours\"><option value=\"1\">1<\/option><option value=\"2\">2<\/option><option value=\"3\">3<\/option><option value=\"4\">4<\/option><option value=\"5\">5<\/option><option value=\"6\">6<\/option><option value=\"7\">7<\/option><option value=\"8\">8<\/option><option value=\"9\">9<\/option><option value=\"10\">10<\/option><\/select><\/span>\n<\/p>\n<p class=\"ui input\"><span class=\"wpcf7-form-control-wrap\" data-name=\"your-message\"><textarea cols=\"40\" rows=\"10\" maxlength=\"2000\" class=\"wpcf7-form-control wpcf7-textarea\" aria-invalid=\"false\" placeholder=\"Message\" name=\"your-message\"><\/textarea><\/span>\n<\/p>\n<p class=\"ui button green small\"><input class=\"wpcf7-form-control wpcf7-submit has-spinner\" type=\"submit\" value=\"Ich sende meine Anfrage\" \/>\n<\/p><div class=\"wpcf7-response-output\" aria-hidden=\"true\"><\/div>\n<\/form>\n<\/div>\n[\/vc_column][\/vc_row]<\/p>\n","protected":false},"excerpt":{"rendered":"<p>[vc_row type=&#8220;full-nopad&#8220;][vc_column][\/vc_column][\/vc_row][vc_row][vc_column][vc_single_image image=&#8220;19956&#8243; img_size=&#8220;200&#215;170&#8243; alignment=&#8220;center&#8220;][vc_custom_heading text=&#8220;Surfkurse&#8220; font_container=&#8220;tag:h1|text_align:center&#8220; use_theme_fonts=&#8220;yes&#8220;][vc_empty_space][vc_column_text]Ihre Surfschule \u00ab Messages Surf School \u00ab liegt direkt am Strand \u00ab Messages Sud \u00bb und bietet Ihnen eine breite Auswahl an Kursen, die an verschiedene Niveaus und Ziele angepasst sind. Kommen Sie vorbei und surfen Sie mit uns auf einem der sch\u00f6nsten Str\u00e4nde der Region! Wir bieten &hellip;<\/p>\n","protected":false},"author":4,"featured_media":0,"parent":0,"menu_order":82,"comment_status":"closed","ping_status":"closed","template":"page-full.php","meta":{"_acf_changed":false,"footnotes":""},"class_list":["post-311","page","type-page","status-publish","hentry"],"acf":[],"yoast_head":"<!-- This site is optimized with the Yoast SEO plugin v27.3 - https:\/\/yoast.com\/product\/yoast-seo-wordpress\/ -->\n<title>Surfkurs und Surfkurs in Messanges zwischen Vieux Boucau &amp; Moliets<\/title>\n<meta name=\"description\" content=\"Die Messanges Surf School bietet Surfkurse und Surfkurse an den Str\u00e4nden von Messanges, Vieux Boucau und Moliets in den Landes.\" \/>\n<meta name=\"robots\" content=\"index, follow, max-snippet:-1, max-image-preview:large, max-video-preview:-1\" \/>\n<link rel=\"canonical\" href=\"https:\/\/messanges-surf-school.com\/de\/surfkurse\/\" \/>\n<meta property=\"og:locale\" content=\"de_DE\" \/>\n<meta property=\"og:type\" content=\"article\" \/>\n<meta property=\"og:title\" content=\"Surfkurs und Surfkurs in Messanges zwischen Vieux Boucau &amp; Moliets\" \/>\n<meta property=\"og:description\" content=\"Die Messanges Surf School bietet Surfkurse und Surfkurse an den Str\u00e4nden von Messanges, Vieux Boucau und Moliets in den Landes.\" \/>\n<meta property=\"og:url\" content=\"https:\/\/messanges-surf-school.com\/de\/surfkurse\/\" \/>\n<meta property=\"og:site_name\" content=\"Messanges Surf School - Landes\" \/>\n<meta property=\"article:publisher\" content=\"https:\/\/www.facebook.com\/Messanges-Surf-School-167386058067\/\" \/>\n<meta property=\"article:modified_time\" content=\"2025-05-14T14:16:20+00:00\" \/>\n<meta name=\"twitter:label1\" content=\"Gesch\u00e4tzte Lesezeit\" \/>\n\t<meta name=\"twitter:data1\" content=\"4\u00a0Minuten\" \/>\n<script type=\"application\/ld+json\" class=\"yoast-schema-graph\">{\"@context\":\"https:\\\/\\\/schema.org\",\"@graph\":[{\"@type\":\"WebPage\",\"@id\":\"https:\\\/\\\/messanges-surf-school.com\\\/de\\\/surfkurse\\\/\",\"url\":\"https:\\\/\\\/messanges-surf-school.com\\\/de\\\/surfkurse\\\/\",\"name\":\"Surfkurs und Surfkurs in Messanges zwischen Vieux Boucau & Moliets\",\"isPartOf\":{\"@id\":\"https:\\\/\\\/messanges-surf-school.com\\\/de\\\/#website\"},\"datePublished\":\"2014-01-02T18:47:53+00:00\",\"dateModified\":\"2025-05-14T14:16:20+00:00\",\"description\":\"Die Messanges Surf School bietet Surfkurse und Surfkurse an den Str\u00e4nden von Messanges, Vieux Boucau und Moliets in den Landes.\",\"breadcrumb\":{\"@id\":\"https:\\\/\\\/messanges-surf-school.com\\\/de\\\/surfkurse\\\/#breadcrumb\"},\"inLanguage\":\"de\",\"potentialAction\":[{\"@type\":\"ReadAction\",\"target\":[\"https:\\\/\\\/messanges-surf-school.com\\\/de\\\/surfkurse\\\/\"]}]},{\"@type\":\"BreadcrumbList\",\"@id\":\"https:\\\/\\\/messanges-surf-school.com\\\/de\\\/surfkurse\\\/#breadcrumb\",\"itemListElement\":[{\"@type\":\"ListItem\",\"position\":1,\"name\":\"Home\",\"item\":\"https:\\\/\\\/messanges-surf-school.com\\\/de\\\/\"},{\"@type\":\"ListItem\",\"position\":2,\"name\":\"Surfkurse\"}]},{\"@type\":\"WebSite\",\"@id\":\"https:\\\/\\\/messanges-surf-school.com\\\/de\\\/#website\",\"url\":\"https:\\\/\\\/messanges-surf-school.com\\\/de\\\/\",\"name\":\"Cours et stages de surf dans les Landes - Messanges Surf School\",\"description\":\"Surfen lernen in Landes, Messanges, Vieux-Boucau, Seignosse, Hossegor, Capbreton\",\"potentialAction\":[{\"@type\":\"SearchAction\",\"target\":{\"@type\":\"EntryPoint\",\"urlTemplate\":\"https:\\\/\\\/messanges-surf-school.com\\\/de\\\/?s={search_term_string}\"},\"query-input\":{\"@type\":\"PropertyValueSpecification\",\"valueRequired\":true,\"valueName\":\"search_term_string\"}}],\"inLanguage\":\"de\"}]}<\/script>\n<!-- \/ Yoast SEO plugin. -->","yoast_head_json":{"title":"Surfkurs und Surfkurs in Messanges zwischen Vieux Boucau & Moliets","description":"Die Messanges Surf School bietet Surfkurse und Surfkurse an den Str\u00e4nden von Messanges, Vieux Boucau und Moliets in den Landes.","robots":{"index":"index","follow":"follow","max-snippet":"max-snippet:-1","max-image-preview":"max-image-preview:large","max-video-preview":"max-video-preview:-1"},"canonical":"https:\/\/messanges-surf-school.com\/de\/surfkurse\/","og_locale":"de_DE","og_type":"article","og_title":"Surfkurs und Surfkurs in Messanges zwischen Vieux Boucau & Moliets","og_description":"Die Messanges Surf School bietet Surfkurse und Surfkurse an den Str\u00e4nden von Messanges, Vieux Boucau und Moliets in den Landes.","og_url":"https:\/\/messanges-surf-school.com\/de\/surfkurse\/","og_site_name":"Messanges Surf School - Landes","article_publisher":"https:\/\/www.facebook.com\/Messanges-Surf-School-167386058067\/","article_modified_time":"2025-05-14T14:16:20+00:00","twitter_misc":{"Gesch\u00e4tzte Lesezeit":"4\u00a0Minuten"},"schema":{"@context":"https:\/\/schema.org","@graph":[{"@type":"WebPage","@id":"https:\/\/messanges-surf-school.com\/de\/surfkurse\/","url":"https:\/\/messanges-surf-school.com\/de\/surfkurse\/","name":"Surfkurs und Surfkurs in Messanges zwischen Vieux Boucau & Moliets","isPartOf":{"@id":"https:\/\/messanges-surf-school.com\/de\/#website"},"datePublished":"2014-01-02T18:47:53+00:00","dateModified":"2025-05-14T14:16:20+00:00","description":"Die Messanges Surf School bietet Surfkurse und Surfkurse an den Str\u00e4nden von Messanges, Vieux Boucau und Moliets in den Landes.","breadcrumb":{"@id":"https:\/\/messanges-surf-school.com\/de\/surfkurse\/#breadcrumb"},"inLanguage":"de","potentialAction":[{"@type":"ReadAction","target":["https:\/\/messanges-surf-school.com\/de\/surfkurse\/"]}]},{"@type":"BreadcrumbList","@id":"https:\/\/messanges-surf-school.com\/de\/surfkurse\/#breadcrumb","itemListElement":[{"@type":"ListItem","position":1,"name":"Home","item":"https:\/\/messanges-surf-school.com\/de\/"},{"@type":"ListItem","position":2,"name":"Surfkurse"}]},{"@type":"WebSite","@id":"https:\/\/messanges-surf-school.com\/de\/#website","url":"https:\/\/messanges-surf-school.com\/de\/","name":"Cours et stages de surf dans les Landes - Messanges Surf School","description":"Surfen lernen in Landes, Messanges, Vieux-Boucau, Seignosse, Hossegor, Capbreton","potentialAction":[{"@type":"SearchAction","target":{"@type":"EntryPoint","urlTemplate":"https:\/\/messanges-surf-school.com\/de\/?s={search_term_string}"},"query-input":{"@type":"PropertyValueSpecification","valueRequired":true,"valueName":"search_term_string"}}],"inLanguage":"de"}]}},"_links":{"self":[{"href":"https:\/\/messanges-surf-school.com\/de\/wp-json\/wp\/v2\/pages\/311","targetHints":{"allow":["GET"]}}],"collection":[{"href":"https:\/\/messanges-surf-school.com\/de\/wp-json\/wp\/v2\/pages"}],"about":[{"href":"https:\/\/messanges-surf-school.com\/de\/wp-json\/wp\/v2\/types\/page"}],"author":[{"embeddable":true,"href":"https:\/\/messanges-surf-school.com\/de\/wp-json\/wp\/v2\/users\/4"}],"replies":[{"embeddable":true,"href":"https:\/\/messanges-surf-school.com\/de\/wp-json\/wp\/v2\/comments?post=311"}],"version-history":[{"count":5,"href":"https:\/\/messanges-surf-school.com\/de\/wp-json\/wp\/v2\/pages\/311\/revisions"}],"predecessor-version":[{"id":22512,"href":"https:\/\/messanges-surf-school.com\/de\/wp-json\/wp\/v2\/pages\/311\/revisions\/22512"}],"wp:attachment":[{"href":"https:\/\/messanges-surf-school.com\/de\/wp-json\/wp\/v2\/media?parent=311"}],"curies":[{"name":"wp","href":"https:\/\/api.w.org\/{rel}","templated":true}]}}