{"id":17405,"date":"2020-04-08T10:30:06","date_gmt":"2020-04-08T09:30:06","guid":{"rendered":"https:\/\/messanges-surf-school.com\/?page_id=17405"},"modified":"2021-04-02T15:17:59","modified_gmt":"2021-04-02T14:17:59","slug":"surf-life-saving","status":"publish","type":"page","link":"https:\/\/messanges-surf-school.com\/de\/surf-life-saving\/","title":{"rendered":"Surf Life Saving"},"content":{"rendered":"<p>[vc_row type=&#8220;full-nopad&#8220;][vc_column]<div class=\"nm-banner-slider slider-type-full slick-slider slick-controls-gray slick-dots-inside\" data-adaptive-height=\"true\" data-arrows=\"true\" data-dots=\"true\" >\r\n\t\t\t<div class=\"nm-banner content-full image-type-fluid has-alt-image text-color-light\" style=\"\"><img decoding=\"async\" src=\"https:\/\/messanges-surf-school.com\/wp-content\/uploads\/2020\/04\/bodysurf.jpg\" alt=\"messanges surf school bodysurf\" \/><img decoding=\"async\" src=\"https:\/\/messanges-surf-school.com\/wp-content\/uploads\/2020\/04\/bodysurf.jpg\" class=\"nm-banner-alt-image img\" \/>\r\n\t\t\t\t<div class=\"nm-banner-content\">\r\n\t\t\t\t\t<div class=\"nm-banner-content-inner\">\r\n\t\t\t\t\t\t<div class=\"nm-banner-text h_left v_top align_left\" style=\"\">\r\n\t\t\t\t\t\t\t<div class=\"nm-banner-text-inner\"><h2 class=\"nm-banner-title medium\">Life Saving und Bodysurf : pur Surfing !<\/h2><h3 class=\"nm-banner-subtitle nm-alt-font\">Einf\u00fchrung Live Saving<\/h3><a href=\"https:\/\/messanges-surf-school.com\/de\/surf-lessons\/surf-life-saving-de\/surf-life-saving-kurs\/\" class=\"nm-banner-link nm-banner-shop-link\">Ab 35\u20ac<\/a><\/div>\r\n\t\t\t\t\t\t<\/div>\r\n\t\t\t\t\t<\/div>\r\n\t\t\t\t<\/div>\r\n\t\t\t<\/div>\r\n\t\t\t<div class=\"nm-banner content-full image-type-fluid has-alt-image text-color-light\" style=\"\"><img decoding=\"async\" src=\"https:\/\/messanges-surf-school.com\/wp-content\/uploads\/2020\/04\/rescue.jpg\" alt=\"messanges surf school sauvetage sportif\" \/><img decoding=\"async\" src=\"https:\/\/messanges-surf-school.com\/wp-content\/uploads\/2020\/04\/rescue.jpg\" class=\"nm-banner-alt-image img\" \/>\r\n\t\t\t\t<div class=\"nm-banner-content\">\r\n\t\t\t\t\t<div class=\"nm-banner-content-inner\">\r\n\t\t\t\t\t\t<div class=\"nm-banner-text h_left v_top align_left\" style=\"\">\r\n\t\t\t\t\t\t\t<div class=\"nm-banner-text-inner\"><h2 class=\"nm-banner-title medium\">Werde ein mini Waterman !<\/h2><h3 class=\"nm-banner-subtitle nm-alt-font\">3-Tages Kurs f\u00fcr Kinder<\/h3><a href=\"https:\/\/messanges-surf-school.com\/de\/surf-lessons\/surf-life-saving-de\/super-waterman-kurs\/\" class=\"nm-banner-link nm-banner-shop-link\">100\u20ac<\/a><\/div>\r\n\t\t\t\t\t\t<\/div>\r\n\t\t\t\t\t<\/div>\r\n\t\t\t\t<\/div>\r\n\t\t\t<\/div>\r\n\t\t\t<div class=\"nm-banner content-full image-type-fluid has-alt-image text-color-light\" style=\"\"><img decoding=\"async\" src=\"https:\/\/messanges-surf-school.com\/wp-content\/uploads\/2020\/04\/life-saving.jpg\" alt=\"messanges surf school life saving\" \/><img decoding=\"async\" src=\"https:\/\/messanges-surf-school.com\/wp-content\/uploads\/2020\/04\/life-saving.jpg\" class=\"nm-banner-alt-image img\" \/>\r\n\t\t\t\t<div class=\"nm-banner-content\">\r\n\t\t\t\t\t<div class=\"nm-banner-content-inner\">\r\n\t\t\t\t\t\t<div class=\"nm-banner-text h_left v_top align_left\" style=\"\">\r\n\t\t\t\t\t\t\t<div class=\"nm-banner-text-inner\"><h2 class=\"nm-banner-title medium\">Werde ein Waterman !<\/h2><h2 class=\"nm-banner-subtitle nm-alt-font\">3-Tages Kurse f\u00fcr Erwachsene und Jugendliche<\/h2><a href=\"https:\/\/messanges-surf-school.com\/de\/surf-lessons\/surf-life-saving-de\/super-waterman-kurs\/\" class=\"nm-banner-link nm-banner-shop-link\">100\u20ac<\/a><\/div>\r\n\t\t\t\t\t\t<\/div>\r\n\t\t\t\t\t<\/div>\r\n\t\t\t\t<\/div>\r\n\t\t\t<\/div><\/div>[\/vc_column][\/vc_row][vc_row][vc_column][vc_single_image image=&#8220;17545&#8243; img_size=&#8220;200&#215;200&#8243; alignment=&#8220;center&#8220;][vc_custom_heading text=&#8220;Life Saving&#8220; font_container=&#8220;tag:h1|text_align:center&#8220; use_theme_fonts=&#8220;yes&#8220;][vc_empty_space][vc_column_text]Die \u201eWaterman\u201c-Kurse sind an das Surf Life Saving angelehnt, eine Profisportart aus Australien. Sie entstand 1902 in Manly Beach (Sydney, Australien) zu einer Zeit, als es noch verboten war, im Ozean zu schwimmen, weil man dies f\u00fcr zu gef\u00e4hrlich hielt.<br \/>\nDieser Sport, der aus unterschiedlichen praktischen \u00dcbungen im Meer und am Strand besteht, hatte zum Ziel, die Bev\u00f6lkerung f\u00fcr die Rettung im Wasser zu sensibilisieren und auszubilden.<\/p>\n<p>Die \u201eWaterman\u201c-Kurse richten sich an alle Personen ab einem Alter von 8 Jahren, die ihre Kenntnisse \u00fcber das Meer und ihre k\u00f6rperlichen F\u00e4higkeiten im Meer weiterentwickeln wollen, nat\u00fcrlich mit jede Menge Spa\u00df!<br \/>\nW\u00e4hrend der drei Tage werden Sie lernen, sich selbst\u00e4ndig und verantwortungsbewusst im und am Meer zu verhalten. Diese ein- oder dreit\u00e4gige Einweihung ist in keiner Weise ein qualifizierendes Erste-Hilfe-Training, sondern eine sportliche und unterhaltsame Aktivit\u00e4t. Diese Kurse wurden f\u00fcr Nicht-Surfer und Surfer (egal welchen Niveaus) entwickelt, und erm\u00f6glichen den Teilnehmerinnen und Teilnehmern, den Ozean besser zu verstehen und sich im Wasser sicher und angemessen zu verhalten.<br \/>\nDie Kurse sind spielerisch angelegt mit den Bestandteilen Technik, Theorie und Gruppen\u00fcbungen.<\/p>\n<h3><strong>Wie werde ich ein \u201eWaterman\u201c \/ eine \u201eWaterwoman\u201c?\u00a0<\/strong><\/h3>\n<ul>\n<li style=\"list-style-type: none;\">\n<ul>\n<li style=\"list-style-type: none;\">\n<ul>Hier finden Sie die unterschiedlichen Bestandteile unserer Kurse:<\/ul>\n<\/li>\n<\/ul>\n<ul>\n<li style=\"list-style-type: none;\">\n<ul>\n<li>Theorie: das Meer, die Wellen, den Wind, die Str\u00f6mungen, die ba\u00efnes (Becken zwischen zwei Sandb\u00e4nken) und ihre Gefahren besser verstehen und einsch\u00e4tzen<\/li>\n<li>Spezifisches Material: Rettungsboje und das Paddle Board richtig nutzen und einsetzen.<\/li>\n<li>Bodysurf: die Wellen nur mit dem K\u00f6rper surfen (technisch unerl\u00e4sslich f\u00fcr jeden Surfer)<\/li>\n<li>Beach Flag: Wettrennen im Sand zur F\u00f6rderung der Schnelligkeit und der Aufmerksamkeit.<\/li>\n<\/ul>\n<\/li>\n<\/ul>\n<\/li>\n<\/ul>\n<p>&nbsp;<\/p>\n<h3><strong><img loading=\"lazy\" decoding=\"async\" class=\"size-thumbnail wp-image-18524 alignleft\" src=\"https:\/\/messanges-surf-school.com\/wp-content\/uploads\/2021\/02\/Nicolas-Hyvernat-350x350.jpg\" alt=\"\" width=\"350\" height=\"350\" srcset=\"https:\/\/messanges-surf-school.com\/wp-content\/uploads\/2021\/02\/Nicolas-Hyvernat-350x350.jpg 350w, https:\/\/messanges-surf-school.com\/wp-content\/uploads\/2021\/02\/Nicolas-Hyvernat-100x100.jpg 100w\" sizes=\"auto, (max-width: 350px) 100vw, 350px\" \/>Ihr Sportrettungslehrer<\/strong><\/h3>\n<p>Nicolas, leidenschaftlicher Retter und Rettungsschwimmer Rettungsschwimmer, stellt Ihnen gerne Sports Rescue vor.<\/p>\n<p>Internationaler Ausbilder f\u00fcr Wasserrettung (Surf Life Saving), BNSSA und staatliches Patent des Rettungsschwimmerschwimmers.<\/p>\n<p>Nach vielen Jahren als Freiwilliger und Profi in der Ersten Hilfe auf See in Frankreich und Neuseeland wird er gerne all seine Erfahrungen teilen, um Sie zu echten Wasserm\u00e4nnern zu machen!<\/p>\n<p>&nbsp;<\/p>\n<p>&nbsp;<\/p>\n<p>&nbsp;<\/p>\n<p>[\/vc_column_text][vc_empty_space][vc_custom_heading text=&#8220;Buchen Sie Ihren Unterricht online!&#8220; font_container=&#8220;tag:h2|text_align:center&#8220; use_theme_fonts=&#8220;yes&#8220;][\/vc_column][\/vc_row][vc_row content_placement=&#8220;top&#8220; css=&#8220;.vc_custom_1521151981052{padding-top: 32px !important;padding-bottom: 32px !important;}&#8220;][vc_column][vc_empty_space]<div class=\"woocommerce columns-4 \"><\/div>[\/vc_column][\/vc_row][vc_row css=&#8220;.vc_custom_1521196544411{background-color: #dedede !important;}&#8220;][vc_column width=&#8220;1\/2&#8243;][vc_empty_space][vc_single_image image=&#8220;15739&#8243; alignment=&#8220;center&#8220; style=&#8220;vc_box_circle_2&#8243;][vc_empty_space][vc_custom_heading text=&#8220;Demande d&#8217;informations&#8220; font_container=&#8220;tag:h2|text_align:center&#8220; use_theme_fonts=&#8220;yes&#8220;][vc_empty_space][vc_column_text]<\/p>\n<p style=\"text-align: center;\">Vous souhaitez obtenir plus d&#8217;informations sur nos cours et stages de surf : tarifs, disponibilit\u00e9s, demandes particuli\u00e8res ?<\/p>\n<p style=\"text-align: center;\">Merci de remplir le formulaire ci-contre :<\/p>\n<p>[\/vc_column_text][\/vc_column][vc_column width=&#8220;1\/2&#8243;][vc_empty_space]\n<div class=\"wpcf7 no-js\" id=\"wpcf7-f15388-o1\" lang=\"fr-FR\" dir=\"ltr\" data-wpcf7-id=\"15388\">\n<div class=\"screen-reader-response\"><p role=\"status\" aria-live=\"polite\" aria-atomic=\"true\"><\/p> <ul><\/ul><\/div>\n<form action=\"\/de\/wp-json\/wp\/v2\/pages\/17405#wpcf7-f15388-o1\" method=\"post\" class=\"wpcf7-form init\" aria-label=\"Formulaire de contact\" novalidate=\"novalidate\" data-status=\"init\">\n<fieldset class=\"hidden-fields-container\"><input type=\"hidden\" name=\"_wpcf7\" value=\"15388\" \/><input type=\"hidden\" name=\"_wpcf7_version\" value=\"6.1.5\" \/><input type=\"hidden\" name=\"_wpcf7_locale\" value=\"fr_FR\" \/><input type=\"hidden\" name=\"_wpcf7_unit_tag\" value=\"wpcf7-f15388-o1\" \/><input type=\"hidden\" name=\"_wpcf7_container_post\" value=\"0\" \/><input type=\"hidden\" name=\"_wpcf7_posted_data_hash\" value=\"\" \/><input type=\"hidden\" name=\"_wpcf7_recaptcha_response\" value=\"\" \/>\n<\/fieldset>\n<p class=\"ui input icon\"><span class=\"wpcf7-form-control-wrap\" data-name=\"your-name\"><input size=\"40\" maxlength=\"400\" class=\"wpcf7-form-control wpcf7-text wpcf7-validates-as-required\" aria-required=\"true\" aria-invalid=\"false\" placeholder=\"Nom, pr\u00e9nom\" value=\"\" type=\"text\" name=\"your-name\" \/><\/span><i class=\"icon user myblue\"><\/i>\n<\/p>\n<p class=\"ui input icon\"><span class=\"wpcf7-form-control-wrap\" data-name=\"your-email\"><input size=\"40\" maxlength=\"400\" class=\"wpcf7-form-control wpcf7-email wpcf7-validates-as-required wpcf7-text wpcf7-validates-as-email\" aria-required=\"true\" aria-invalid=\"false\" placeholder=\"Email\" value=\"\" type=\"email\" name=\"your-email\" \/><\/span><i class=\"icon mail myblue\"><\/i>\n<\/p>\n<p class=\"ui input\"><label for=\"adultes\">Nombre adultes & enfants > 8 ans<\/label><span class=\"wpcf7-form-control-wrap\" data-name=\"adultes\"><select class=\"wpcf7-form-control wpcf7-select\" id=\"adultes\" aria-invalid=\"false\" name=\"adultes\"><option value=\"0\">0<\/option><option value=\"1\">1<\/option><option value=\"2\">2<\/option><option value=\"3\">3<\/option><option value=\"4\">4<\/option><option value=\"5\">5<\/option><option value=\"6\">6<\/option><option value=\"7\">7<\/option><option value=\"8\">8<\/option><option value=\"9\">9<\/option><option value=\"10\">10<\/option><\/select><\/span>\n<\/p>\n<p class=\"ui input\"><label for=\"enfants\">Nombre enfants <= 8 ans<\/label><span class=\"wpcf7-form-control-wrap\" data-name=\"enfants\"><select class=\"wpcf7-form-control wpcf7-select\" id=\"enfants\" aria-invalid=\"false\" name=\"enfants\"><option value=\"0\">0<\/option><option value=\"1\">1<\/option><option value=\"2\">2<\/option><option value=\"3\">3<\/option><option value=\"4\">4<\/option><option value=\"5\">5<\/option><option value=\"6\">6<\/option><option value=\"7\">7<\/option><option value=\"8\">8<\/option><option value=\"9\">9<\/option><option value=\"10\">10<\/option><\/select><\/span>\n<\/p>\n<p class=\"ui input\"><label for=\"cours\">Nombre de cours<\/label><span class=\"wpcf7-form-control-wrap\" data-name=\"cours\"><select class=\"wpcf7-form-control wpcf7-select\" id=\"cours\" aria-invalid=\"false\" name=\"cours\"><option value=\"1\">1<\/option><option value=\"2\">2<\/option><option value=\"3\">3<\/option><option value=\"4\">4<\/option><option value=\"5\">5<\/option><option value=\"6\">6<\/option><option value=\"7\">7<\/option><option value=\"8\">8<\/option><option value=\"9\">9<\/option><option value=\"10\">10<\/option><\/select><\/span>\n<\/p>\n<p class=\"\"ui input\"><label for=\"arrivee\">Votre date d'arriv\u00e9e<\/label><span class=\"wpcf7-form-control-wrap date-492\"><input size=\"40\" class=\"wpcf7-form-control wpcf7-date\" type=\"text\" value=\"\" name=\"date-492\" \/> <\/span>\n<\/p>\n<p class=\"ui input\"><span class=\"wpcf7-form-control-wrap\" data-name=\"your-message\"><textarea cols=\"40\" rows=\"10\" maxlength=\"2000\" class=\"wpcf7-form-control wpcf7-textarea\" aria-invalid=\"false\" placeholder=\"Message\" name=\"your-message\"><\/textarea><\/span>\n<\/p>\n<p><small class=\"rgpd_consent_wrap\">Ce formulaire est prot\u00e9g\u00e9 par reCAPTCHA de Google, voir <a href=\"https:\/\/policies.google.com\/privacy\">les r\u00e8gles de confidentialit\u00e9<\/a> et <a href=\"https:\/\/policies.google.com\/terms\">les conditions d'utilisation<\/a>.<\/small>\n<\/p>\n<p class=\"\"><input class=\"wpcf7-form-control wpcf7-submit has-spinner\" type=\"submit\" value=\"Envoyer\" \/>\n<\/p><div class=\"wpcf7-response-output\" aria-hidden=\"true\"><\/div>\n<\/form>\n<\/div>\n[\/vc_column][\/vc_row]<\/p>\n","protected":false},"excerpt":{"rendered":"<p>[vc_row type=&#8220;full-nopad&#8220;][vc_column][\/vc_column][\/vc_row][vc_row][vc_column][vc_single_image image=&#8220;17545&#8243; img_size=&#8220;200&#215;200&#8243; alignment=&#8220;center&#8220;][vc_custom_heading text=&#8220;Life Saving&#8220; font_container=&#8220;tag:h1|text_align:center&#8220; use_theme_fonts=&#8220;yes&#8220;][vc_empty_space][vc_column_text]Die \u201eWaterman\u201c-Kurse sind an das Surf Life Saving angelehnt, eine Profisportart aus Australien. Sie entstand 1902 in Manly Beach (Sydney, Australien) zu einer Zeit, als es noch verboten war, im Ozean zu schwimmen, weil man dies f\u00fcr zu gef\u00e4hrlich hielt. Dieser Sport, der aus unterschiedlichen praktischen \u00dcbungen &hellip;<\/p>\n","protected":false},"author":4,"featured_media":0,"parent":0,"menu_order":33,"comment_status":"closed","ping_status":"closed","template":"page-full.php","meta":{"_acf_changed":false,"footnotes":""},"class_list":["post-17405","page","type-page","status-publish","hentry"],"acf":[],"yoast_head":"<!-- This site is optimized with the Yoast SEO plugin v27.3 - https:\/\/yoast.com\/product\/yoast-seo-wordpress\/ -->\n<title>Cours de Surf et Stage Surf \u00e0 Messanges entre Vieux Boucau &amp; Moliets<\/title>\n<meta name=\"description\" content=\"Messanges Surf School vous proposent des cours de surf et stages de surf sur les plages de Messanges, Vieux Boucau &amp; Moliets dans les Landes.\" \/>\n<meta name=\"robots\" content=\"index, follow, max-snippet:-1, max-image-preview:large, max-video-preview:-1\" \/>\n<link rel=\"canonical\" href=\"https:\/\/messanges-surf-school.com\/de\/surf-life-saving\/\" \/>\n<meta property=\"og:locale\" content=\"de_DE\" \/>\n<meta property=\"og:type\" content=\"article\" \/>\n<meta property=\"og:title\" content=\"Cours de Surf et Stage Surf \u00e0 Messanges entre Vieux Boucau &amp; Moliets\" \/>\n<meta property=\"og:description\" content=\"Messanges Surf School vous proposent des cours de surf et stages de surf sur les plages de Messanges, Vieux Boucau &amp; Moliets dans les Landes.\" \/>\n<meta property=\"og:url\" content=\"https:\/\/messanges-surf-school.com\/de\/surf-life-saving\/\" \/>\n<meta property=\"og:site_name\" content=\"Messanges Surf School - Landes\" \/>\n<meta property=\"article:publisher\" content=\"https:\/\/www.facebook.com\/Messanges-Surf-School-167386058067\/\" \/>\n<meta property=\"article:modified_time\" content=\"2021-04-02T14:17:59+00:00\" \/>\n<meta property=\"og:image\" content=\"https:\/\/messanges-surf-school.com\/wp-content\/uploads\/2021\/02\/Nicolas-Hyvernat-350x350.jpg\" \/>\n<meta name=\"twitter:label1\" content=\"Gesch\u00e4tzte Lesezeit\" \/>\n\t<meta name=\"twitter:data1\" content=\"4\u00a0Minuten\" \/>\n<script type=\"application\/ld+json\" class=\"yoast-schema-graph\">{\"@context\":\"https:\\\/\\\/schema.org\",\"@graph\":[{\"@type\":\"WebPage\",\"@id\":\"https:\\\/\\\/messanges-surf-school.com\\\/de\\\/surf-life-saving\\\/\",\"url\":\"https:\\\/\\\/messanges-surf-school.com\\\/de\\\/surf-life-saving\\\/\",\"name\":\"Cours de Surf et Stage Surf \u00e0 Messanges entre Vieux Boucau & Moliets\",\"isPartOf\":{\"@id\":\"https:\\\/\\\/messanges-surf-school.com\\\/de\\\/#website\"},\"primaryImageOfPage\":{\"@id\":\"https:\\\/\\\/messanges-surf-school.com\\\/de\\\/surf-life-saving\\\/#primaryimage\"},\"image\":{\"@id\":\"https:\\\/\\\/messanges-surf-school.com\\\/de\\\/surf-life-saving\\\/#primaryimage\"},\"thumbnailUrl\":\"https:\\\/\\\/messanges-surf-school.com\\\/wp-content\\\/uploads\\\/2021\\\/02\\\/Nicolas-Hyvernat-350x350.jpg\",\"datePublished\":\"2020-04-08T09:30:06+00:00\",\"dateModified\":\"2021-04-02T14:17:59+00:00\",\"description\":\"Messanges Surf School vous proposent des cours de surf et stages de surf sur les plages de Messanges, Vieux Boucau & Moliets dans les Landes.\",\"breadcrumb\":{\"@id\":\"https:\\\/\\\/messanges-surf-school.com\\\/de\\\/surf-life-saving\\\/#breadcrumb\"},\"inLanguage\":\"de\",\"potentialAction\":[{\"@type\":\"ReadAction\",\"target\":[\"https:\\\/\\\/messanges-surf-school.com\\\/de\\\/surf-life-saving\\\/\"]}]},{\"@type\":\"ImageObject\",\"inLanguage\":\"de\",\"@id\":\"https:\\\/\\\/messanges-surf-school.com\\\/de\\\/surf-life-saving\\\/#primaryimage\",\"url\":\"https:\\\/\\\/messanges-surf-school.com\\\/wp-content\\\/uploads\\\/2021\\\/02\\\/Nicolas-Hyvernat-350x350.jpg\",\"contentUrl\":\"https:\\\/\\\/messanges-surf-school.com\\\/wp-content\\\/uploads\\\/2021\\\/02\\\/Nicolas-Hyvernat-350x350.jpg\"},{\"@type\":\"BreadcrumbList\",\"@id\":\"https:\\\/\\\/messanges-surf-school.com\\\/de\\\/surf-life-saving\\\/#breadcrumb\",\"itemListElement\":[{\"@type\":\"ListItem\",\"position\":1,\"name\":\"Home\",\"item\":\"https:\\\/\\\/messanges-surf-school.com\\\/de\\\/\"},{\"@type\":\"ListItem\",\"position\":2,\"name\":\"Surf Life Saving\"}]},{\"@type\":\"WebSite\",\"@id\":\"https:\\\/\\\/messanges-surf-school.com\\\/de\\\/#website\",\"url\":\"https:\\\/\\\/messanges-surf-school.com\\\/de\\\/\",\"name\":\"Cours et stages de surf dans les Landes - Messanges Surf School\",\"description\":\"Surfen lernen in Landes, Messanges, Vieux-Boucau, Seignosse, Hossegor, Capbreton\",\"potentialAction\":[{\"@type\":\"SearchAction\",\"target\":{\"@type\":\"EntryPoint\",\"urlTemplate\":\"https:\\\/\\\/messanges-surf-school.com\\\/de\\\/?s={search_term_string}\"},\"query-input\":{\"@type\":\"PropertyValueSpecification\",\"valueRequired\":true,\"valueName\":\"search_term_string\"}}],\"inLanguage\":\"de\"}]}<\/script>\n<!-- \/ Yoast SEO plugin. -->","yoast_head_json":{"title":"Cours de Surf et Stage Surf \u00e0 Messanges entre Vieux Boucau & Moliets","description":"Messanges Surf School vous proposent des cours de surf et stages de surf sur les plages de Messanges, Vieux Boucau & Moliets dans les Landes.","robots":{"index":"index","follow":"follow","max-snippet":"max-snippet:-1","max-image-preview":"max-image-preview:large","max-video-preview":"max-video-preview:-1"},"canonical":"https:\/\/messanges-surf-school.com\/de\/surf-life-saving\/","og_locale":"de_DE","og_type":"article","og_title":"Cours de Surf et Stage Surf \u00e0 Messanges entre Vieux Boucau & Moliets","og_description":"Messanges Surf School vous proposent des cours de surf et stages de surf sur les plages de Messanges, Vieux Boucau & Moliets dans les Landes.","og_url":"https:\/\/messanges-surf-school.com\/de\/surf-life-saving\/","og_site_name":"Messanges Surf School - Landes","article_publisher":"https:\/\/www.facebook.com\/Messanges-Surf-School-167386058067\/","article_modified_time":"2021-04-02T14:17:59+00:00","og_image":[{"url":"https:\/\/messanges-surf-school.com\/wp-content\/uploads\/2021\/02\/Nicolas-Hyvernat-350x350.jpg","type":"","width":"","height":""}],"twitter_misc":{"Gesch\u00e4tzte Lesezeit":"4\u00a0Minuten"},"schema":{"@context":"https:\/\/schema.org","@graph":[{"@type":"WebPage","@id":"https:\/\/messanges-surf-school.com\/de\/surf-life-saving\/","url":"https:\/\/messanges-surf-school.com\/de\/surf-life-saving\/","name":"Cours de Surf et Stage Surf \u00e0 Messanges entre Vieux Boucau & Moliets","isPartOf":{"@id":"https:\/\/messanges-surf-school.com\/de\/#website"},"primaryImageOfPage":{"@id":"https:\/\/messanges-surf-school.com\/de\/surf-life-saving\/#primaryimage"},"image":{"@id":"https:\/\/messanges-surf-school.com\/de\/surf-life-saving\/#primaryimage"},"thumbnailUrl":"https:\/\/messanges-surf-school.com\/wp-content\/uploads\/2021\/02\/Nicolas-Hyvernat-350x350.jpg","datePublished":"2020-04-08T09:30:06+00:00","dateModified":"2021-04-02T14:17:59+00:00","description":"Messanges Surf School vous proposent des cours de surf et stages de surf sur les plages de Messanges, Vieux Boucau & Moliets dans les Landes.","breadcrumb":{"@id":"https:\/\/messanges-surf-school.com\/de\/surf-life-saving\/#breadcrumb"},"inLanguage":"de","potentialAction":[{"@type":"ReadAction","target":["https:\/\/messanges-surf-school.com\/de\/surf-life-saving\/"]}]},{"@type":"ImageObject","inLanguage":"de","@id":"https:\/\/messanges-surf-school.com\/de\/surf-life-saving\/#primaryimage","url":"https:\/\/messanges-surf-school.com\/wp-content\/uploads\/2021\/02\/Nicolas-Hyvernat-350x350.jpg","contentUrl":"https:\/\/messanges-surf-school.com\/wp-content\/uploads\/2021\/02\/Nicolas-Hyvernat-350x350.jpg"},{"@type":"BreadcrumbList","@id":"https:\/\/messanges-surf-school.com\/de\/surf-life-saving\/#breadcrumb","itemListElement":[{"@type":"ListItem","position":1,"name":"Home","item":"https:\/\/messanges-surf-school.com\/de\/"},{"@type":"ListItem","position":2,"name":"Surf Life Saving"}]},{"@type":"WebSite","@id":"https:\/\/messanges-surf-school.com\/de\/#website","url":"https:\/\/messanges-surf-school.com\/de\/","name":"Cours et stages de surf dans les Landes - Messanges Surf School","description":"Surfen lernen in Landes, Messanges, Vieux-Boucau, Seignosse, Hossegor, Capbreton","potentialAction":[{"@type":"SearchAction","target":{"@type":"EntryPoint","urlTemplate":"https:\/\/messanges-surf-school.com\/de\/?s={search_term_string}"},"query-input":{"@type":"PropertyValueSpecification","valueRequired":true,"valueName":"search_term_string"}}],"inLanguage":"de"}]}},"_links":{"self":[{"href":"https:\/\/messanges-surf-school.com\/de\/wp-json\/wp\/v2\/pages\/17405","targetHints":{"allow":["GET"]}}],"collection":[{"href":"https:\/\/messanges-surf-school.com\/de\/wp-json\/wp\/v2\/pages"}],"about":[{"href":"https:\/\/messanges-surf-school.com\/de\/wp-json\/wp\/v2\/types\/page"}],"author":[{"embeddable":true,"href":"https:\/\/messanges-surf-school.com\/de\/wp-json\/wp\/v2\/users\/4"}],"replies":[{"embeddable":true,"href":"https:\/\/messanges-surf-school.com\/de\/wp-json\/wp\/v2\/comments?post=17405"}],"version-history":[{"count":0,"href":"https:\/\/messanges-surf-school.com\/de\/wp-json\/wp\/v2\/pages\/17405\/revisions"}],"wp:attachment":[{"href":"https:\/\/messanges-surf-school.com\/de\/wp-json\/wp\/v2\/media?parent=17405"}],"curies":[{"name":"wp","href":"https:\/\/api.w.org\/{rel}","templated":true}]}}